{"id":4959,"date":"2025-09-24T19:24:48","date_gmt":"2025-09-24T19:24:48","guid":{"rendered":"https:\/\/modest-napier.216-250-124-103.plesk.page\/index.php\/producto\/aceite-arbol-de-te-c-120-ml-shanaturals\/"},"modified":"2025-09-24T20:43:58","modified_gmt":"2025-09-24T20:43:58","slug":"aceite-arbol-de-te-c-120-ml-shanaturals","status":"publish","type":"product","link":"https:\/\/modest-napier.216-250-124-103.plesk.page\/index.php\/producto\/aceite-arbol-de-te-c-120-ml-shanaturals\/","title":{"rendered":"Aceite de \u00e1rbol de t\u00e9 120 ml Shanatural&#8217;s"},"content":{"rendered":"<p><strong>Descripci\u00f3n:\u00a0<\/strong><br \/>El <strong>aceite de \u00e1rbol de t\u00e9<\/strong>, extra\u00eddo de las hojas del Melaleuca alternifolia, es conocido por sus propiedades medicinales y versatilidad en el cuidado de la piel. Adem\u00e1s de tratar el acn\u00e9, el pie de atleta, los piojos, los hongos en las u\u00f1as y las picaduras de insectos, este aceite esencial posee propiedades antimicrobianas, antiinflamatorias y antif\u00fangicas. Se utiliza tambi\u00e9n para aliviar irritaciones cut\u00e1neas, reducir inflamaciones y favorecer la cicatrizaci\u00f3n de heridas menores. En el \u00e1mbito capilar, el <em>aceite de \u00e1rbol de t\u00e9<\/em> combate la caspa y promueve un cuero cabelludo saludable, mientras que su aroma fresco lo convierte en un favorito para la aromaterapia, contribuyendo al bienestar emocional y la relajaci\u00f3n. Aunque se deben tomar precauciones y diluir adecuadamente, el aceite de \u00e1rbol de t\u00e9 es una opci\u00f3n valiosa en el cuidado personal.<br \/><!--El aceite de \u00e1rbol de t\u00e9 se usa habitualmente para tratar el acn\u00e9, el pie de atleta, los piojos, los hongos en las u\u00f1as y las picaduras de insectos.--><\/p>\n<p><strong> Modo de uso:<\/strong><br \/>Aplicar sobre el \u00e1rea a tratar y dar un ligero masaje, dejar actuar .<\/p>\n<p><strong>Contenido:\u00a0<\/strong><br \/>120 ml.<\/p>\n","protected":false},"excerpt":{"rendered":"<p>Descripci\u00f3n:\u00a0El aceite de \u00e1rbol de t\u00e9, extra\u00eddo de las hojas del Melaleuca alternifolia, es conocido por sus propiedades medicinales y versatilidad en el cuidado de la piel. Adem\u00e1s de tratar [&hellip;]<\/p>\n","protected":false},"featured_media":60,"comment_status":"open","ping_status":"closed","template":"","meta":[],"product_brand":[362],"product_cat":[289,337,318],"product_tag":[26],"class_list":{"0":"post-4959","1":"product","2":"type-product","3":"status-publish","4":"has-post-thumbnail","6":"product_brand-shanaturals","7":"product_cat-belleza","8":"product_cat-productos","9":"product_cat-salud","10":"product_tag-arbol-de-te","12":"first","13":"instock","14":"shipping-taxable","15":"purchasable","16":"product-type-simple"},"_links":{"self":[{"href":"https:\/\/modest-napier.216-250-124-103.plesk.page\/index.php\/wp-json\/wp\/v2\/product\/4959","targetHints":{"allow":["GET"]}}],"collection":[{"href":"https:\/\/modest-napier.216-250-124-103.plesk.page\/index.php\/wp-json\/wp\/v2\/product"}],"about":[{"href":"https:\/\/modest-napier.216-250-124-103.plesk.page\/index.php\/wp-json\/wp\/v2\/types\/product"}],"replies":[{"embeddable":true,"href":"https:\/\/modest-napier.216-250-124-103.plesk.page\/index.php\/wp-json\/wp\/v2\/comments?post=4959"}],"wp:featuredmedia":[{"embeddable":true,"href":"https:\/\/modest-napier.216-250-124-103.plesk.page\/index.php\/wp-json\/wp\/v2\/media\/60"}],"wp:attachment":[{"href":"https:\/\/modest-napier.216-250-124-103.plesk.page\/index.php\/wp-json\/wp\/v2\/media?parent=4959"}],"wp:term":[{"taxonomy":"product_brand","embeddable":true,"href":"https:\/\/modest-napier.216-250-124-103.plesk.page\/index.php\/wp-json\/wp\/v2\/product_brand?post=4959"},{"taxonomy":"product_cat","embeddable":true,"href":"https:\/\/modest-napier.216-250-124-103.plesk.page\/index.php\/wp-json\/wp\/v2\/product_cat?post=4959"},{"taxonomy":"product_tag","embeddable":true,"href":"https:\/\/modest-napier.216-250-124-103.plesk.page\/index.php\/wp-json\/wp\/v2\/product_tag?post=4959"}],"curies":[{"name":"wp","href":"https:\/\/api.w.org\/{rel}","templated":true}]}}