{"id":4960,"date":"2025-09-24T19:24:49","date_gmt":"2025-09-24T19:24:49","guid":{"rendered":"https:\/\/modest-napier.216-250-124-103.plesk.page\/index.php\/producto\/aceite-arbol-del-te-c-120-ml-la-paloma\/"},"modified":"2025-09-24T20:46:57","modified_gmt":"2025-09-24T20:46:57","slug":"aceite-arbol-del-te-c-120-ml-la-paloma","status":"publish","type":"product","link":"https:\/\/modest-napier.216-250-124-103.plesk.page\/index.php\/producto\/aceite-arbol-del-te-c-120-ml-la-paloma\/","title":{"rendered":"Aceite de Arbol de T\u00e9 120 ml La Paloma"},"content":{"rendered":"<p><strong>Descripci\u00f3n:<\/strong><br \/> Explora el potencial del <strong>Aceite de \u00c1rbol de T\u00e9<\/strong>, un tesoro natural extra\u00eddo de las hojas de Melaleuca alternifolia. Reconocido por sus propiedades medicinales y versatilidad en el cuidado de la piel, este aceite esencial no solo aborda problemas como el acn\u00e9 y las picaduras de insectos, sino que tambi\u00e9n brinda calma y revitalizaci\u00f3n. Sum\u00e9rgete en su refrescante fragancia, ideal para la aromaterapia, y disfruta de sus beneficios antimicrobianos y antiinflamatorios. <em>\u00a1Revoluciona tu rutina de cuidado personal con el Aceite de \u00c1rbol de T\u00e9!<\/em><\/p>\n<p><!--El aceite de \u00e1rbol de t\u00e9 se usa habitualmente para tratar el acn\u00e9, el pie de atleta, los piojos, los hongos en las u\u00f1as y las picaduras de insectos.--><\/p>\n<p><strong>Modo de uso:<\/strong><br \/> Libre.<\/p>\n<p><strong data-mce-fragment=\"1\">Contenido:<\/strong><br \/> 120 ML.<\/p>\n","protected":false},"excerpt":{"rendered":"<p>Descripci\u00f3n: Explora el potencial del Aceite de \u00c1rbol de T\u00e9, un tesoro natural extra\u00eddo de las hojas de Melaleuca alternifolia. Reconocido por sus propiedades medicinales y versatilidad en el cuidado [&hellip;]<\/p>\n","protected":false},"featured_media":68,"comment_status":"open","ping_status":"closed","template":"","meta":[],"product_brand":[416],"product_cat":[289,337,318],"product_tag":[26],"class_list":{"0":"post-4960","1":"product","2":"type-product","3":"status-publish","4":"has-post-thumbnail","6":"product_brand-la-paloma","7":"product_cat-belleza","8":"product_cat-productos","9":"product_cat-salud","10":"product_tag-arbol-de-te","12":"first","13":"outofstock","14":"shipping-taxable","15":"purchasable","16":"product-type-simple"},"_links":{"self":[{"href":"https:\/\/modest-napier.216-250-124-103.plesk.page\/index.php\/wp-json\/wp\/v2\/product\/4960","targetHints":{"allow":["GET"]}}],"collection":[{"href":"https:\/\/modest-napier.216-250-124-103.plesk.page\/index.php\/wp-json\/wp\/v2\/product"}],"about":[{"href":"https:\/\/modest-napier.216-250-124-103.plesk.page\/index.php\/wp-json\/wp\/v2\/types\/product"}],"replies":[{"embeddable":true,"href":"https:\/\/modest-napier.216-250-124-103.plesk.page\/index.php\/wp-json\/wp\/v2\/comments?post=4960"}],"wp:featuredmedia":[{"embeddable":true,"href":"https:\/\/modest-napier.216-250-124-103.plesk.page\/index.php\/wp-json\/wp\/v2\/media\/68"}],"wp:attachment":[{"href":"https:\/\/modest-napier.216-250-124-103.plesk.page\/index.php\/wp-json\/wp\/v2\/media?parent=4960"}],"wp:term":[{"taxonomy":"product_brand","embeddable":true,"href":"https:\/\/modest-napier.216-250-124-103.plesk.page\/index.php\/wp-json\/wp\/v2\/product_brand?post=4960"},{"taxonomy":"product_cat","embeddable":true,"href":"https:\/\/modest-napier.216-250-124-103.plesk.page\/index.php\/wp-json\/wp\/v2\/product_cat?post=4960"},{"taxonomy":"product_tag","embeddable":true,"href":"https:\/\/modest-napier.216-250-124-103.plesk.page\/index.php\/wp-json\/wp\/v2\/product_tag?post=4960"}],"curies":[{"name":"wp","href":"https:\/\/api.w.org\/{rel}","templated":true}]}}