{"id":4962,"date":"2025-09-24T19:24:51","date_gmt":"2025-09-24T19:24:51","guid":{"rendered":"https:\/\/modest-napier.216-250-124-103.plesk.page\/index.php\/producto\/aceite-arnica-120-ml-del-roble\/"},"modified":"2025-09-24T20:46:57","modified_gmt":"2025-09-24T20:46:57","slug":"aceite-arnica-120-ml-del-roble","status":"publish","type":"product","link":"https:\/\/modest-napier.216-250-124-103.plesk.page\/index.php\/producto\/aceite-arnica-120-ml-del-roble\/","title":{"rendered":"Aceite de \u00c1rnica 120 ml Del Roble"},"content":{"rendered":"<p><strong>Descripci\u00f3n:<\/strong><br \/> El <strong>aceite de \u00e1rnica<\/strong> es especial para masajes en caso de dolor reum\u00e1tico, hernias, v\u00e1rices, dolores musculares y de articulaciones. Auxiliar en caso de inflamaci\u00f3n de vientre, piernas y pies. Tambi\u00e9n para golpes, torceduras y calambres. El <em>aceite de \u00e1rnica<\/em> adem\u00e1s es antibacteriano, antioxidante, antis\u00e9ptico, antiviral, astringente, bronquitis, quemaduras, saba\u00f1ones, resfriado, tos, fiebre, inflamaci\u00f3n, afecciones pulmonares, salpullido, afecciones cut\u00e1neas, dolor de garganta, \u00falceras, varices\u00a0y cicatrizaci\u00f3n de heridas.<\/p>\n<p><strong>Modo de uso:<\/strong><br \/> Libre.<\/p>\n<p><strong>Contenido:<\/strong><br \/> 120 ML.<\/p>\n","protected":false},"excerpt":{"rendered":"<p>Descripci\u00f3n: El aceite de \u00e1rnica es especial para masajes en caso de dolor reum\u00e1tico, hernias, v\u00e1rices, dolores musculares y de articulaciones. Auxiliar en caso de inflamaci\u00f3n de vientre, piernas y [&hellip;]<\/p>\n","protected":false},"featured_media":89,"comment_status":"open","ping_status":"closed","template":"","meta":[],"product_brand":[417],"product_cat":[337,318],"product_tag":[],"class_list":{"0":"post-4962","1":"product","2":"type-product","3":"status-publish","4":"has-post-thumbnail","6":"product_brand-del-roble","7":"product_cat-productos","8":"product_cat-salud","10":"first","11":"instock","12":"shipping-taxable","13":"purchasable","14":"product-type-simple"},"_links":{"self":[{"href":"https:\/\/modest-napier.216-250-124-103.plesk.page\/index.php\/wp-json\/wp\/v2\/product\/4962","targetHints":{"allow":["GET"]}}],"collection":[{"href":"https:\/\/modest-napier.216-250-124-103.plesk.page\/index.php\/wp-json\/wp\/v2\/product"}],"about":[{"href":"https:\/\/modest-napier.216-250-124-103.plesk.page\/index.php\/wp-json\/wp\/v2\/types\/product"}],"replies":[{"embeddable":true,"href":"https:\/\/modest-napier.216-250-124-103.plesk.page\/index.php\/wp-json\/wp\/v2\/comments?post=4962"}],"wp:featuredmedia":[{"embeddable":true,"href":"https:\/\/modest-napier.216-250-124-103.plesk.page\/index.php\/wp-json\/wp\/v2\/media\/89"}],"wp:attachment":[{"href":"https:\/\/modest-napier.216-250-124-103.plesk.page\/index.php\/wp-json\/wp\/v2\/media?parent=4962"}],"wp:term":[{"taxonomy":"product_brand","embeddable":true,"href":"https:\/\/modest-napier.216-250-124-103.plesk.page\/index.php\/wp-json\/wp\/v2\/product_brand?post=4962"},{"taxonomy":"product_cat","embeddable":true,"href":"https:\/\/modest-napier.216-250-124-103.plesk.page\/index.php\/wp-json\/wp\/v2\/product_cat?post=4962"},{"taxonomy":"product_tag","embeddable":true,"href":"https:\/\/modest-napier.216-250-124-103.plesk.page\/index.php\/wp-json\/wp\/v2\/product_tag?post=4962"}],"curies":[{"name":"wp","href":"https:\/\/api.w.org\/{rel}","templated":true}]}}