{"id":4963,"date":"2025-09-24T19:24:52","date_gmt":"2025-09-24T19:24:52","guid":{"rendered":"https:\/\/modest-napier.216-250-124-103.plesk.page\/index.php\/producto\/aceite-arnica-extra-reforzado-c-150-ml-e-s-natural\/"},"modified":"2025-09-24T20:45:53","modified_gmt":"2025-09-24T20:45:53","slug":"aceite-arnica-extra-reforzado-c-150-mls-e-s-natural","status":"publish","type":"product","link":"https:\/\/modest-napier.216-250-124-103.plesk.page\/index.php\/producto\/aceite-arnica-extra-reforzado-c-150-mls-e-s-natural\/","title":{"rendered":"Aceite de \u00c1rnica Extra Reforzado 150 ml ES Natural"},"content":{"rendered":"<p><strong>Descripci\u00f3n:<\/strong><br \/>El <strong>aceite de \u00e1rnica<\/strong> extra reforzado es un aliado esencial para aliviar golpes, moretones y dolores musculares. Su f\u00f3rmula potenciada ofrece una acci\u00f3n r\u00e1pida y efectiva, proporcionando alivio a las \u00e1reas afectadas. Adem\u00e1s, este aceite destaca por sus propiedades antibacterianas, antioxidantes y antis\u00e9pticas, convirti\u00e9ndolo en un recurso vers\u00e1til para el cuidado de la piel. Su aplicaci\u00f3n no solo contribuye a la r\u00e1pida recuperaci\u00f3n de golpes y contusiones, sino que tambi\u00e9n puede ser beneficiosa en casos de quemaduras, bronquitis, resfriados y afecciones cut\u00e1neas. Descubre el poder adicional del <em>aceite de <a href=\"https:\/\/natuzem.com\/blogs\/salud-natural\/arnica-dolor-articular\">\u00e1rnica<\/a> reforzado<\/em> para una atenci\u00f3n integral y efectiva.<\/p>\n<p><!--Auxiliar para golpes, moretones y dolores musculares.--><\/p>\n<p><strong>Modo de uso:<\/strong><br \/>Frote el aceite sobre el \u00e1rea\u00a0deseada repita la aplicaci\u00f3n\u00a0un m\u00e1ximo\u00a0de 3 veces al d\u00eda, la exclusiva formula del aceite se absorbe r\u00e1pidamente\u00a0por la piel y penetra proporcionando una mitigante sensaci\u00f3n\u00a0de calor.<\/p>\n<p><strong>Contenido:<\/strong><br \/>150 ml.<\/p>\n","protected":false},"excerpt":{"rendered":"<p>Descripci\u00f3n:El aceite de \u00e1rnica extra reforzado es un aliado esencial para aliviar golpes, moretones y dolores musculares. Su f\u00f3rmula potenciada ofrece una acci\u00f3n r\u00e1pida y efectiva, proporcionando alivio a las [&hellip;]<\/p>\n","protected":false},"featured_media":103,"comment_status":"open","ping_status":"closed","template":"","meta":[],"product_brand":[479],"product_cat":[337,318],"product_tag":[28],"class_list":{"0":"post-4963","1":"product","2":"type-product","3":"status-publish","4":"has-post-thumbnail","6":"product_brand-e-s-natural","7":"product_cat-productos","8":"product_cat-salud","9":"product_tag-arnica","11":"first","12":"instock","13":"shipping-taxable","14":"purchasable","15":"product-type-simple"},"_links":{"self":[{"href":"https:\/\/modest-napier.216-250-124-103.plesk.page\/index.php\/wp-json\/wp\/v2\/product\/4963","targetHints":{"allow":["GET"]}}],"collection":[{"href":"https:\/\/modest-napier.216-250-124-103.plesk.page\/index.php\/wp-json\/wp\/v2\/product"}],"about":[{"href":"https:\/\/modest-napier.216-250-124-103.plesk.page\/index.php\/wp-json\/wp\/v2\/types\/product"}],"replies":[{"embeddable":true,"href":"https:\/\/modest-napier.216-250-124-103.plesk.page\/index.php\/wp-json\/wp\/v2\/comments?post=4963"}],"wp:featuredmedia":[{"embeddable":true,"href":"https:\/\/modest-napier.216-250-124-103.plesk.page\/index.php\/wp-json\/wp\/v2\/media\/103"}],"wp:attachment":[{"href":"https:\/\/modest-napier.216-250-124-103.plesk.page\/index.php\/wp-json\/wp\/v2\/media?parent=4963"}],"wp:term":[{"taxonomy":"product_brand","embeddable":true,"href":"https:\/\/modest-napier.216-250-124-103.plesk.page\/index.php\/wp-json\/wp\/v2\/product_brand?post=4963"},{"taxonomy":"product_cat","embeddable":true,"href":"https:\/\/modest-napier.216-250-124-103.plesk.page\/index.php\/wp-json\/wp\/v2\/product_cat?post=4963"},{"taxonomy":"product_tag","embeddable":true,"href":"https:\/\/modest-napier.216-250-124-103.plesk.page\/index.php\/wp-json\/wp\/v2\/product_tag?post=4963"}],"curies":[{"name":"wp","href":"https:\/\/api.w.org\/{rel}","templated":true}]}}