{"id":4965,"date":"2025-09-24T19:24:56","date_gmt":"2025-09-24T19:24:56","guid":{"rendered":"https:\/\/modest-napier.216-250-124-103.plesk.page\/index.php\/producto\/aceite-bergamota-c-120-ml-shanaturals\/"},"modified":"2025-09-24T20:44:24","modified_gmt":"2025-09-24T20:44:24","slug":"aceite-bergamota-c-120-ml-shanaturals","status":"publish","type":"product","link":"https:\/\/modest-napier.216-250-124-103.plesk.page\/index.php\/producto\/aceite-bergamota-c-120-ml-shanaturals\/","title":{"rendered":"Aceite de Bergamota 120 ml Shanatural&#8217;s"},"content":{"rendered":"<p><strong>Descripci\u00f3n:<\/strong><br \/>Explora la maravilla del <strong>aceite de bergamota<\/strong>, extra\u00eddo de la c\u00e1scara de la fruta c\u00edtrica, un tesoro cosm\u00e9tico que va m\u00e1s all\u00e1 del encantador aroma. Este elixir no solo es un poderoso antis\u00e9ptico que acelera la curaci\u00f3n y alivia la comez\u00f3n, sino que tambi\u00e9n regula la grasa, combate el acn\u00e9 y se erige como un aliado contra plagas como piojos, caspa y seborrea. Descubre en el <em>aceite de bergamota<\/em> la fusi\u00f3n perfecta entre cuidado de la piel y bienestar, brindando una experiencia completa de belleza, nutrici\u00f3n y protecci\u00f3n para una luminosidad radiante.<\/p>\n<p><!--El aceite de bergamota se utiliza en productos cosm\u00e9ticos para el cuidado de la piel ya que es un antis\u00e9ptico natural, que ayuda a curar heridas, alivia la comez\u00f3n, controla la grasa, el acn\u00e9 y es un aliado para combatir las plagas de piojos, caspa y seborrea.--><\/p>\n<p><strong>Modo de uso:<\/strong><br \/>Libre.<\/p>\n<p><strong>Contenido:<\/strong><br \/>120 ml.<\/p>\n","protected":false},"excerpt":{"rendered":"<p>Descripci\u00f3n:Explora la maravilla del aceite de bergamota, extra\u00eddo de la c\u00e1scara de la fruta c\u00edtrica, un tesoro cosm\u00e9tico que va m\u00e1s all\u00e1 del encantador aroma. Este elixir no solo es [&hellip;]<\/p>\n","protected":false},"featured_media":129,"comment_status":"open","ping_status":"closed","template":"","meta":[],"product_brand":[362],"product_cat":[289,337,318],"product_tag":[30],"class_list":{"0":"post-4965","1":"product","2":"type-product","3":"status-publish","4":"has-post-thumbnail","6":"product_brand-shanaturals","7":"product_cat-belleza","8":"product_cat-productos","9":"product_cat-salud","10":"product_tag-bergamota","12":"first","13":"instock","14":"shipping-taxable","15":"purchasable","16":"product-type-simple"},"_links":{"self":[{"href":"https:\/\/modest-napier.216-250-124-103.plesk.page\/index.php\/wp-json\/wp\/v2\/product\/4965","targetHints":{"allow":["GET"]}}],"collection":[{"href":"https:\/\/modest-napier.216-250-124-103.plesk.page\/index.php\/wp-json\/wp\/v2\/product"}],"about":[{"href":"https:\/\/modest-napier.216-250-124-103.plesk.page\/index.php\/wp-json\/wp\/v2\/types\/product"}],"replies":[{"embeddable":true,"href":"https:\/\/modest-napier.216-250-124-103.plesk.page\/index.php\/wp-json\/wp\/v2\/comments?post=4965"}],"wp:featuredmedia":[{"embeddable":true,"href":"https:\/\/modest-napier.216-250-124-103.plesk.page\/index.php\/wp-json\/wp\/v2\/media\/129"}],"wp:attachment":[{"href":"https:\/\/modest-napier.216-250-124-103.plesk.page\/index.php\/wp-json\/wp\/v2\/media?parent=4965"}],"wp:term":[{"taxonomy":"product_brand","embeddable":true,"href":"https:\/\/modest-napier.216-250-124-103.plesk.page\/index.php\/wp-json\/wp\/v2\/product_brand?post=4965"},{"taxonomy":"product_cat","embeddable":true,"href":"https:\/\/modest-napier.216-250-124-103.plesk.page\/index.php\/wp-json\/wp\/v2\/product_cat?post=4965"},{"taxonomy":"product_tag","embeddable":true,"href":"https:\/\/modest-napier.216-250-124-103.plesk.page\/index.php\/wp-json\/wp\/v2\/product_tag?post=4965"}],"curies":[{"name":"wp","href":"https:\/\/api.w.org\/{rel}","templated":true}]}}