{"id":4966,"date":"2025-09-24T19:24:57","date_gmt":"2025-09-24T19:24:57","guid":{"rendered":"https:\/\/modest-napier.216-250-124-103.plesk.page\/index.php\/producto\/aceite-bergamota-c-150-ml-e-s-natural\/"},"modified":"2025-09-24T20:45:52","modified_gmt":"2025-09-24T20:45:52","slug":"aceite-bergamota-c-150-ml-e-s-natural-omar-mundo-go","status":"publish","type":"product","link":"https:\/\/modest-napier.216-250-124-103.plesk.page\/index.php\/producto\/aceite-bergamota-c-150-ml-e-s-natural-omar-mundo-go\/","title":{"rendered":"Aceite de Bergamota 150 ml E.S Natural"},"content":{"rendered":"<p><strong>Descripci\u00f3n:<\/strong><br \/>El lujoso <strong>aceite de bergamota<\/strong> es un gran aliado para un cabello sublime. Adem\u00e1s de nutrir y fortalecer cada hebra, este elixir despierta los sentidos con su irresistible fragancia c\u00edtrica. Descubre la magia de propiedades excepcionales que van desde lo antibacteriano hasta lo relajante, brindando a tu cabello un cuidado integral. Su capacidad analg\u00e9sica y antis\u00e9ptica se fusiona con efectos antiespasm\u00f3dicos, elevando tu experiencia capilar a un nivel de bienestar inigualable. Cada aplicaci\u00f3n se convierte en un ritual rejuvenecedor, sumergi\u00e9ndote en la indulgencia sensorial y transformando tu melena en una obra maestra de salud y belleza. <em>Eleva tu cuidado capilar con el aceite de <a href=\"https:\/\/natuzem.com\/blogs\/salud-natural\/bergamota-cuidado-cabello\">bergamota<\/a>.<\/em><\/p>\n<p><!--Contiene propiedades para nutrir el cabello, as\u00ed como su crecimiento. Cuenta con incre\u00edbles propiedades antibacterianas, analg\u00e9sicas, antis\u00e9pticas, efectos antiespasm\u00f3dicos y relajantes.--><\/p>\n<p><strong>Modo de uso:<\/strong><br \/>Aplicar ya sea en forma de masaje en cuerpo o aplicar gotas en cabello puntas preferentemente. Para barba y bigote aplicar por las noches una peque\u00f1a cantidad directamente en el rostro.<\/p>\n<p><strong>Contenido:<\/strong><br \/>150 ml.<\/p>\n","protected":false},"excerpt":{"rendered":"<p>Descripci\u00f3n:El lujoso aceite de bergamota es un gran aliado para un cabello sublime. Adem\u00e1s de nutrir y fortalecer cada hebra, este elixir despierta los sentidos con su irresistible fragancia c\u00edtrica. [&hellip;]<\/p>\n","protected":false},"featured_media":141,"comment_status":"open","ping_status":"closed","template":"","meta":[],"product_brand":[479],"product_cat":[294,337,318],"product_tag":[30],"class_list":{"0":"post-4966","1":"product","2":"type-product","3":"status-publish","4":"has-post-thumbnail","6":"product_brand-e-s-natural","7":"product_cat-cuidado-de-la-barba","8":"product_cat-productos","9":"product_cat-salud","10":"product_tag-bergamota","12":"first","13":"instock","14":"shipping-taxable","15":"purchasable","16":"product-type-simple"},"_links":{"self":[{"href":"https:\/\/modest-napier.216-250-124-103.plesk.page\/index.php\/wp-json\/wp\/v2\/product\/4966","targetHints":{"allow":["GET"]}}],"collection":[{"href":"https:\/\/modest-napier.216-250-124-103.plesk.page\/index.php\/wp-json\/wp\/v2\/product"}],"about":[{"href":"https:\/\/modest-napier.216-250-124-103.plesk.page\/index.php\/wp-json\/wp\/v2\/types\/product"}],"replies":[{"embeddable":true,"href":"https:\/\/modest-napier.216-250-124-103.plesk.page\/index.php\/wp-json\/wp\/v2\/comments?post=4966"}],"wp:featuredmedia":[{"embeddable":true,"href":"https:\/\/modest-napier.216-250-124-103.plesk.page\/index.php\/wp-json\/wp\/v2\/media\/141"}],"wp:attachment":[{"href":"https:\/\/modest-napier.216-250-124-103.plesk.page\/index.php\/wp-json\/wp\/v2\/media?parent=4966"}],"wp:term":[{"taxonomy":"product_brand","embeddable":true,"href":"https:\/\/modest-napier.216-250-124-103.plesk.page\/index.php\/wp-json\/wp\/v2\/product_brand?post=4966"},{"taxonomy":"product_cat","embeddable":true,"href":"https:\/\/modest-napier.216-250-124-103.plesk.page\/index.php\/wp-json\/wp\/v2\/product_cat?post=4966"},{"taxonomy":"product_tag","embeddable":true,"href":"https:\/\/modest-napier.216-250-124-103.plesk.page\/index.php\/wp-json\/wp\/v2\/product_tag?post=4966"}],"curies":[{"name":"wp","href":"https:\/\/api.w.org\/{rel}","templated":true}]}}