{"id":4967,"date":"2025-09-24T19:24:58","date_gmt":"2025-09-24T19:24:58","guid":{"rendered":"https:\/\/modest-napier.216-250-124-103.plesk.page\/index.php\/producto\/aceite-canela-120-ml-del-roble\/"},"modified":"2025-09-24T20:46:57","modified_gmt":"2025-09-24T20:46:57","slug":"aceite-canela-120-ml-del-roble","status":"publish","type":"product","link":"https:\/\/modest-napier.216-250-124-103.plesk.page\/index.php\/producto\/aceite-canela-120-ml-del-roble\/","title":{"rendered":"Aceite de Canela 120 ml Del Roble"},"content":{"rendered":"<p><strong>Descripci\u00f3n:<\/strong><br \/> El <strong>aceite de canela<\/strong> es efectivo para luchar contra hongos y bacterias gracias a sus propiedades antis\u00e9pticas y antibacterianas. Esto tambi\u00e9n previene las enfermedades contagiosas.<\/p>\n<p><strong>Modo de uso:<\/strong><br \/>Libre.<\/p>\n<p><strong>Contenido:<\/strong><br \/>120 ml.<\/p>\n","protected":false},"excerpt":{"rendered":"<p>Descripci\u00f3n: El aceite de canela es efectivo para luchar contra hongos y bacterias gracias a sus propiedades antis\u00e9pticas y antibacterianas. Esto tambi\u00e9n previene las enfermedades contagiosas. Modo de uso:Libre. Contenido:120 [&hellip;]<\/p>\n","protected":false},"featured_media":146,"comment_status":"open","ping_status":"closed","template":"","meta":[],"product_brand":[417],"product_cat":[337,318,324],"product_tag":[31],"class_list":{"0":"post-4967","1":"product","2":"type-product","3":"status-publish","4":"has-post-thumbnail","6":"product_brand-del-roble","7":"product_cat-productos","8":"product_cat-salud","9":"product_cat-sexualidad","10":"product_tag-canela","12":"first","13":"outofstock","14":"shipping-taxable","15":"purchasable","16":"product-type-simple"},"_links":{"self":[{"href":"https:\/\/modest-napier.216-250-124-103.plesk.page\/index.php\/wp-json\/wp\/v2\/product\/4967","targetHints":{"allow":["GET"]}}],"collection":[{"href":"https:\/\/modest-napier.216-250-124-103.plesk.page\/index.php\/wp-json\/wp\/v2\/product"}],"about":[{"href":"https:\/\/modest-napier.216-250-124-103.plesk.page\/index.php\/wp-json\/wp\/v2\/types\/product"}],"replies":[{"embeddable":true,"href":"https:\/\/modest-napier.216-250-124-103.plesk.page\/index.php\/wp-json\/wp\/v2\/comments?post=4967"}],"wp:featuredmedia":[{"embeddable":true,"href":"https:\/\/modest-napier.216-250-124-103.plesk.page\/index.php\/wp-json\/wp\/v2\/media\/146"}],"wp:attachment":[{"href":"https:\/\/modest-napier.216-250-124-103.plesk.page\/index.php\/wp-json\/wp\/v2\/media?parent=4967"}],"wp:term":[{"taxonomy":"product_brand","embeddable":true,"href":"https:\/\/modest-napier.216-250-124-103.plesk.page\/index.php\/wp-json\/wp\/v2\/product_brand?post=4967"},{"taxonomy":"product_cat","embeddable":true,"href":"https:\/\/modest-napier.216-250-124-103.plesk.page\/index.php\/wp-json\/wp\/v2\/product_cat?post=4967"},{"taxonomy":"product_tag","embeddable":true,"href":"https:\/\/modest-napier.216-250-124-103.plesk.page\/index.php\/wp-json\/wp\/v2\/product_tag?post=4967"}],"curies":[{"name":"wp","href":"https:\/\/api.w.org\/{rel}","templated":true}]}}