{"id":4968,"date":"2025-09-24T19:24:59","date_gmt":"2025-09-24T19:24:59","guid":{"rendered":"https:\/\/modest-napier.216-250-124-103.plesk.page\/index.php\/producto\/aceite-canela-c-120ml-shanaturals\/"},"modified":"2025-09-24T20:43:59","modified_gmt":"2025-09-24T20:43:59","slug":"aceite-canela-c-120ml-shanaturals","status":"publish","type":"product","link":"https:\/\/modest-napier.216-250-124-103.plesk.page\/index.php\/producto\/aceite-canela-c-120ml-shanaturals\/","title":{"rendered":"Aceite Canela de 120 ml Shanatural&#8217;s"},"content":{"rendered":"<p><strong>Descripci\u00f3n:\u00a0<\/strong><br \/>El <strong>aceite de canela<\/strong> es efectivo para luchar contra hongos y bacterias gracias a sus propiedades antis\u00e9pticas y antibacterianas. Esto tambi\u00e9n previene las enfermedades contagiosas. Adem\u00e1s, el <em>aceite de canela<\/em> tiene un aroma c\u00e1lido y reconfortante.<\/p>\n<p><strong> Modo de uso:<\/strong><br \/>Aplicar y templar el aceite en la mano, aplicarlo sobre el cuerpo dando un suave masaje.<\/p>\n<p><strong>Contenido:\u00a0<\/strong><br \/>120 ml.<\/p>\n","protected":false},"excerpt":{"rendered":"<p>Descripci\u00f3n:\u00a0El aceite de canela es efectivo para luchar contra hongos y bacterias gracias a sus propiedades antis\u00e9pticas y antibacterianas. Esto tambi\u00e9n previene las enfermedades contagiosas. Adem\u00e1s, el aceite de canela [&hellip;]<\/p>\n","protected":false},"featured_media":158,"comment_status":"open","ping_status":"closed","template":"","meta":[],"product_brand":[362],"product_cat":[289,337,318],"product_tag":[31],"class_list":{"0":"post-4968","1":"product","2":"type-product","3":"status-publish","4":"has-post-thumbnail","6":"product_brand-shanaturals","7":"product_cat-belleza","8":"product_cat-productos","9":"product_cat-salud","10":"product_tag-canela","12":"first","13":"instock","14":"shipping-taxable","15":"purchasable","16":"product-type-simple"},"_links":{"self":[{"href":"https:\/\/modest-napier.216-250-124-103.plesk.page\/index.php\/wp-json\/wp\/v2\/product\/4968","targetHints":{"allow":["GET"]}}],"collection":[{"href":"https:\/\/modest-napier.216-250-124-103.plesk.page\/index.php\/wp-json\/wp\/v2\/product"}],"about":[{"href":"https:\/\/modest-napier.216-250-124-103.plesk.page\/index.php\/wp-json\/wp\/v2\/types\/product"}],"replies":[{"embeddable":true,"href":"https:\/\/modest-napier.216-250-124-103.plesk.page\/index.php\/wp-json\/wp\/v2\/comments?post=4968"}],"wp:featuredmedia":[{"embeddable":true,"href":"https:\/\/modest-napier.216-250-124-103.plesk.page\/index.php\/wp-json\/wp\/v2\/media\/158"}],"wp:attachment":[{"href":"https:\/\/modest-napier.216-250-124-103.plesk.page\/index.php\/wp-json\/wp\/v2\/media?parent=4968"}],"wp:term":[{"taxonomy":"product_brand","embeddable":true,"href":"https:\/\/modest-napier.216-250-124-103.plesk.page\/index.php\/wp-json\/wp\/v2\/product_brand?post=4968"},{"taxonomy":"product_cat","embeddable":true,"href":"https:\/\/modest-napier.216-250-124-103.plesk.page\/index.php\/wp-json\/wp\/v2\/product_cat?post=4968"},{"taxonomy":"product_tag","embeddable":true,"href":"https:\/\/modest-napier.216-250-124-103.plesk.page\/index.php\/wp-json\/wp\/v2\/product_tag?post=4968"}],"curies":[{"name":"wp","href":"https:\/\/api.w.org\/{rel}","templated":true}]}}