{"id":4970,"date":"2025-09-24T19:25:02","date_gmt":"2025-09-24T19:25:02","guid":{"rendered":"https:\/\/modest-napier.216-250-124-103.plesk.page\/index.php\/producto\/aceite-comestible-de-oliva-gourmet-c-500ml-san-lucas\/"},"modified":"2025-09-24T20:44:02","modified_gmt":"2025-09-24T20:44:02","slug":"aceite-comestible-de-oliva-gourmet-c-500ml-san-lucas","status":"publish","type":"product","link":"https:\/\/modest-napier.216-250-124-103.plesk.page\/index.php\/producto\/aceite-comestible-de-oliva-gourmet-c-500ml-san-lucas\/","title":{"rendered":"Aceite de Oliva Gourmet 500 ml San Lucas"},"content":{"rendered":"<p><strong>Descripci\u00f3n:<\/strong><br \/>El <strong>aceite de oliva<\/strong> ayuda a tener una mejor digesti\u00f3n y combate el estre\u00f1imiento regulando el tr\u00e1nsito intestinal.\u00a0El <em>aceite de oliva<\/em>, reconocido por sus propiedades antiinflamatorias y antioxidantes, es una elecci\u00f3n inteligente para el bienestar gastrointestinal. Integrar sus beneficios en tu rutina diaria\u00a0te dejar\u00e1\u00a0aprovechar al m\u00e1ximo sus virtudes nutricionales.<br data-mce-fragment=\"1\"><\/p>\n<p><strong>Modo de uso:\u00a0<\/strong><br \/>Tomar una cucharadita en ayunas.<\/p>\n<p><strong>Contenido:\u00a0<\/strong><br \/> 500 ml.<\/p>\n","protected":false},"excerpt":{"rendered":"<p>Descripci\u00f3n:El aceite de oliva ayuda a tener una mejor digesti\u00f3n y combate el estre\u00f1imiento regulando el tr\u00e1nsito intestinal.\u00a0El aceite de oliva, reconocido por sus propiedades antiinflamatorias y antioxidantes, es una [&hellip;]<\/p>\n","protected":false},"featured_media":174,"comment_status":"open","ping_status":"closed","template":"","meta":[],"product_brand":[488],"product_cat":[284,308,337,318],"product_tag":[33],"class_list":{"0":"post-4970","1":"product","2":"type-product","3":"status-publish","4":"has-post-thumbnail","6":"product_brand-san-lucas","7":"product_cat-aceites-y-vinagres","8":"product_cat-nutricion","9":"product_cat-productos","10":"product_cat-salud","11":"product_tag-aceite-de-oliva","13":"first","14":"instock","15":"shipping-taxable","16":"purchasable","17":"product-type-simple"},"_links":{"self":[{"href":"https:\/\/modest-napier.216-250-124-103.plesk.page\/index.php\/wp-json\/wp\/v2\/product\/4970","targetHints":{"allow":["GET"]}}],"collection":[{"href":"https:\/\/modest-napier.216-250-124-103.plesk.page\/index.php\/wp-json\/wp\/v2\/product"}],"about":[{"href":"https:\/\/modest-napier.216-250-124-103.plesk.page\/index.php\/wp-json\/wp\/v2\/types\/product"}],"replies":[{"embeddable":true,"href":"https:\/\/modest-napier.216-250-124-103.plesk.page\/index.php\/wp-json\/wp\/v2\/comments?post=4970"}],"wp:featuredmedia":[{"embeddable":true,"href":"https:\/\/modest-napier.216-250-124-103.plesk.page\/index.php\/wp-json\/wp\/v2\/media\/174"}],"wp:attachment":[{"href":"https:\/\/modest-napier.216-250-124-103.plesk.page\/index.php\/wp-json\/wp\/v2\/media?parent=4970"}],"wp:term":[{"taxonomy":"product_brand","embeddable":true,"href":"https:\/\/modest-napier.216-250-124-103.plesk.page\/index.php\/wp-json\/wp\/v2\/product_brand?post=4970"},{"taxonomy":"product_cat","embeddable":true,"href":"https:\/\/modest-napier.216-250-124-103.plesk.page\/index.php\/wp-json\/wp\/v2\/product_cat?post=4970"},{"taxonomy":"product_tag","embeddable":true,"href":"https:\/\/modest-napier.216-250-124-103.plesk.page\/index.php\/wp-json\/wp\/v2\/product_tag?post=4970"}],"curies":[{"name":"wp","href":"https:\/\/api.w.org\/{rel}","templated":true}]}}