{"id":4971,"date":"2025-09-24T19:25:03","date_gmt":"2025-09-24T19:25:03","guid":{"rendered":"https:\/\/modest-napier.216-250-124-103.plesk.page\/index.php\/producto\/aceite-corporal-con-almendras-c-60-ml-shanaturals\/"},"modified":"2025-09-24T20:44:24","modified_gmt":"2025-09-24T20:44:24","slug":"aceite-corporal-con-almendras-c-60-ml-shanaturals","status":"publish","type":"product","link":"https:\/\/modest-napier.216-250-124-103.plesk.page\/index.php\/producto\/aceite-corporal-con-almendras-c-60-ml-shanaturals\/","title":{"rendered":"Aceite Corporal con Almendras 60 ml Shanatural&#8217;s"},"content":{"rendered":"<p>El <strong>Aceite Corporal con Almendras<\/strong> es un producto natural para el cuidado de la piel. Formulado con aceite de almendras, este aceite corporal proporciona hidrataci\u00f3n profunda y nutrici\u00f3n intensa para mantener la piel suave, tersa y radiante. Su textura ligera y de r\u00e1pida absorci\u00f3n lo convierte en una opci\u00f3n ideal para el cuidado diario de la piel.\u00a0El aceite corporal con almendras ayuda a la resequedad de la piel, igualar la textura de tu piel y hacer que brille. Se puede emplear para hacer masajes o para uso externo y, aunque no est\u00e1 recomendado para el consumo.<strong><\/strong><\/p>\n","protected":false},"excerpt":{"rendered":"<p>El Aceite Corporal con Almendras es un producto natural para el cuidado de la piel. Formulado con aceite de almendras, este aceite corporal proporciona hidrataci\u00f3n profunda y nutrici\u00f3n intensa para [&hellip;]<\/p>\n","protected":false},"featured_media":180,"comment_status":"open","ping_status":"closed","template":"","meta":[],"product_brand":[362],"product_cat":[283,289,337,318],"product_tag":[34],"class_list":{"0":"post-4971","1":"product","2":"type-product","3":"status-publish","4":"has-post-thumbnail","6":"product_brand-shanaturals","7":"product_cat-aceites-para-masajes","8":"product_cat-belleza","9":"product_cat-productos","10":"product_cat-salud","11":"product_tag-almendra","13":"first","14":"instock","15":"shipping-taxable","16":"purchasable","17":"product-type-simple"},"_links":{"self":[{"href":"https:\/\/modest-napier.216-250-124-103.plesk.page\/index.php\/wp-json\/wp\/v2\/product\/4971","targetHints":{"allow":["GET"]}}],"collection":[{"href":"https:\/\/modest-napier.216-250-124-103.plesk.page\/index.php\/wp-json\/wp\/v2\/product"}],"about":[{"href":"https:\/\/modest-napier.216-250-124-103.plesk.page\/index.php\/wp-json\/wp\/v2\/types\/product"}],"replies":[{"embeddable":true,"href":"https:\/\/modest-napier.216-250-124-103.plesk.page\/index.php\/wp-json\/wp\/v2\/comments?post=4971"}],"wp:featuredmedia":[{"embeddable":true,"href":"https:\/\/modest-napier.216-250-124-103.plesk.page\/index.php\/wp-json\/wp\/v2\/media\/180"}],"wp:attachment":[{"href":"https:\/\/modest-napier.216-250-124-103.plesk.page\/index.php\/wp-json\/wp\/v2\/media?parent=4971"}],"wp:term":[{"taxonomy":"product_brand","embeddable":true,"href":"https:\/\/modest-napier.216-250-124-103.plesk.page\/index.php\/wp-json\/wp\/v2\/product_brand?post=4971"},{"taxonomy":"product_cat","embeddable":true,"href":"https:\/\/modest-napier.216-250-124-103.plesk.page\/index.php\/wp-json\/wp\/v2\/product_cat?post=4971"},{"taxonomy":"product_tag","embeddable":true,"href":"https:\/\/modest-napier.216-250-124-103.plesk.page\/index.php\/wp-json\/wp\/v2\/product_tag?post=4971"}],"curies":[{"name":"wp","href":"https:\/\/api.w.org\/{rel}","templated":true}]}}