{"id":4974,"date":"2025-09-24T19:25:08","date_gmt":"2025-09-24T19:25:08","guid":{"rendered":"https:\/\/modest-napier.216-250-124-103.plesk.page\/index.php\/producto\/aceite-de-almendras-120-ml-del-roble-eliminado\/"},"modified":"2025-09-24T19:25:08","modified_gmt":"2025-09-24T19:25:08","slug":"aceite-de-almendras-120-ml-del-roble-eliminado","status":"publish","type":"product","link":"https:\/\/modest-napier.216-250-124-103.plesk.page\/index.php\/producto\/aceite-de-almendras-120-ml-del-roble-eliminado\/","title":{"rendered":"ACEITE DE ALMENDRAS 120 ML DEL ROBLE  (ELIMINADO)"},"content":{"rendered":"<div>\n<p style=\"text-align: left;\"><strong>Descripci\u00f3n:<\/strong><\/p>\n<p style=\"text-align: left;\"><span data-mce-fragment=\"1\">El\u00a0<\/span>aceite de almendras<span data-mce-fragment=\"1\">\u00a0ayuda a la resequedad dela piel, igualar la textura de tu piel y hacer que brille. E<\/span>st\u00e1 compuesto por grasas monoinsaturadas, \u00e1cido oleico y \u00e1cidos linoleicos (como el Omega 3 y 6). El color es casi transparente, con toques amarillos o dorados y su aroma es suave y dulce.\u00a0Se puede emplear para hacer masajes o para uso externo y, aunque no est\u00e1 recomendado para el consumo, algunas personas lo suelen utilizar en casos de estre\u00f1imiento.<\/p>\n<p><strong>Modo de uso:<\/strong><\/p>\n<p>Libre.<\/p>\n<p><strong>Contenido:<\/strong><\/p>\n<p>120 ML.<\/p>\n<\/div>\n<p><\/p>\n","protected":false},"excerpt":{"rendered":"<p>Descripci\u00f3n: El\u00a0aceite de almendras\u00a0ayuda a la resequedad dela piel, igualar la textura de tu piel y hacer que brille. Est\u00e1 compuesto por grasas monoinsaturadas, \u00e1cido oleico y \u00e1cidos linoleicos (como [&hellip;]<\/p>\n","protected":false},"featured_media":217,"comment_status":"open","ping_status":"closed","template":"","meta":[],"product_brand":[],"product_cat":[289,337],"product_tag":[],"class_list":{"0":"post-4974","1":"product","2":"type-product","3":"status-publish","4":"has-post-thumbnail","6":"product_cat-belleza","7":"product_cat-productos","9":"first","10":"outofstock","11":"shipping-taxable","12":"purchasable","13":"product-type-simple"},"_links":{"self":[{"href":"https:\/\/modest-napier.216-250-124-103.plesk.page\/index.php\/wp-json\/wp\/v2\/product\/4974","targetHints":{"allow":["GET"]}}],"collection":[{"href":"https:\/\/modest-napier.216-250-124-103.plesk.page\/index.php\/wp-json\/wp\/v2\/product"}],"about":[{"href":"https:\/\/modest-napier.216-250-124-103.plesk.page\/index.php\/wp-json\/wp\/v2\/types\/product"}],"replies":[{"embeddable":true,"href":"https:\/\/modest-napier.216-250-124-103.plesk.page\/index.php\/wp-json\/wp\/v2\/comments?post=4974"}],"wp:featuredmedia":[{"embeddable":true,"href":"https:\/\/modest-napier.216-250-124-103.plesk.page\/index.php\/wp-json\/wp\/v2\/media\/217"}],"wp:attachment":[{"href":"https:\/\/modest-napier.216-250-124-103.plesk.page\/index.php\/wp-json\/wp\/v2\/media?parent=4974"}],"wp:term":[{"taxonomy":"product_brand","embeddable":true,"href":"https:\/\/modest-napier.216-250-124-103.plesk.page\/index.php\/wp-json\/wp\/v2\/product_brand?post=4974"},{"taxonomy":"product_cat","embeddable":true,"href":"https:\/\/modest-napier.216-250-124-103.plesk.page\/index.php\/wp-json\/wp\/v2\/product_cat?post=4974"},{"taxonomy":"product_tag","embeddable":true,"href":"https:\/\/modest-napier.216-250-124-103.plesk.page\/index.php\/wp-json\/wp\/v2\/product_tag?post=4974"}],"curies":[{"name":"wp","href":"https:\/\/api.w.org\/{rel}","templated":true}]}}