{"id":4977,"date":"2025-09-24T19:25:11","date_gmt":"2025-09-24T19:25:11","guid":{"rendered":"https:\/\/modest-napier.216-250-124-103.plesk.page\/index.php\/producto\/aceite-de-almendras-dulces-c-120ml-shanaturals\/"},"modified":"2025-09-24T20:44:50","modified_gmt":"2025-09-24T20:44:50","slug":"aceite-de-almendras-dulces-c-120ml-shanaturals","status":"publish","type":"product","link":"https:\/\/modest-napier.216-250-124-103.plesk.page\/index.php\/producto\/aceite-de-almendras-dulces-c-120ml-shanaturals\/","title":{"rendered":"Aceite de Almendras Dulces 120 ml Shanatural&#8217;s"},"content":{"rendered":"<ul>\n<li>Protege e hidrata la piel<\/li>\n<li>Espesar las pesta\u00f1as<\/li>\n<li>Para las estr\u00edas<\/li>\n<li>Mejora el aspecto de las u\u00f1as<\/li>\n<li>Efecto antinflamatorio<\/li>\n<li>Reduce la sequedad y la irritaci\u00f3n<\/li>\n<li>Cura heridas y leves quemaduras<\/li>\n<li>Elimina las manchas de la piel<\/li>\n<li>Reduce las ojeras<\/li>\n<li>Desmaquillante<\/li>\n<li>Nutre y protege el cabello<a href=\"#more\"><\/a>\n<\/li>\n<\/ul>\n","protected":false},"excerpt":{"rendered":"<p>Protege e hidrata la piel Espesar las pesta\u00f1as Para las estr\u00edas Mejora el aspecto de las u\u00f1as Efecto antinflamatorio Reduce la sequedad y la irritaci\u00f3n Cura heridas y leves quemaduras [&hellip;]<\/p>\n","protected":false},"featured_media":242,"comment_status":"open","ping_status":"closed","template":"","meta":[],"product_brand":[362],"product_cat":[289,337,318],"product_tag":[34],"class_list":{"0":"post-4977","1":"product","2":"type-product","3":"status-publish","4":"has-post-thumbnail","6":"product_brand-shanaturals","7":"product_cat-belleza","8":"product_cat-productos","9":"product_cat-salud","10":"product_tag-almendra","12":"first","13":"instock","14":"shipping-taxable","15":"purchasable","16":"product-type-simple"},"_links":{"self":[{"href":"https:\/\/modest-napier.216-250-124-103.plesk.page\/index.php\/wp-json\/wp\/v2\/product\/4977","targetHints":{"allow":["GET"]}}],"collection":[{"href":"https:\/\/modest-napier.216-250-124-103.plesk.page\/index.php\/wp-json\/wp\/v2\/product"}],"about":[{"href":"https:\/\/modest-napier.216-250-124-103.plesk.page\/index.php\/wp-json\/wp\/v2\/types\/product"}],"replies":[{"embeddable":true,"href":"https:\/\/modest-napier.216-250-124-103.plesk.page\/index.php\/wp-json\/wp\/v2\/comments?post=4977"}],"wp:featuredmedia":[{"embeddable":true,"href":"https:\/\/modest-napier.216-250-124-103.plesk.page\/index.php\/wp-json\/wp\/v2\/media\/242"}],"wp:attachment":[{"href":"https:\/\/modest-napier.216-250-124-103.plesk.page\/index.php\/wp-json\/wp\/v2\/media?parent=4977"}],"wp:term":[{"taxonomy":"product_brand","embeddable":true,"href":"https:\/\/modest-napier.216-250-124-103.plesk.page\/index.php\/wp-json\/wp\/v2\/product_brand?post=4977"},{"taxonomy":"product_cat","embeddable":true,"href":"https:\/\/modest-napier.216-250-124-103.plesk.page\/index.php\/wp-json\/wp\/v2\/product_cat?post=4977"},{"taxonomy":"product_tag","embeddable":true,"href":"https:\/\/modest-napier.216-250-124-103.plesk.page\/index.php\/wp-json\/wp\/v2\/product_tag?post=4977"}],"curies":[{"name":"wp","href":"https:\/\/api.w.org\/{rel}","templated":true}]}}