{"id":4980,"date":"2025-09-24T19:25:15","date_gmt":"2025-09-24T19:25:15","guid":{"rendered":"https:\/\/modest-napier.216-250-124-103.plesk.page\/index.php\/producto\/aceite-de-arnica-120ml-la-paloma\/"},"modified":"2025-09-24T20:46:56","modified_gmt":"2025-09-24T20:46:56","slug":"aceite-de-arnica-120ml-la-paloma","status":"publish","type":"product","link":"https:\/\/modest-napier.216-250-124-103.plesk.page\/index.php\/producto\/aceite-de-arnica-120ml-la-paloma\/","title":{"rendered":"Aceite de \u00c1rnica 120 ml La Paloma"},"content":{"rendered":"<p>El\u00a0<strong>aceite de \u00e1rnica<\/strong>\u00a0reduce el riesgo de lesiones,\u00a0contracturas,\u00a0evita la aparici\u00f3n de agujetas\u00a0y tambi\u00e9n refuerza los tejidos manteniendo\u00a0una piel sana y cuidada.\u00a0Este aceite concentrado es conocido por sus propiedades antiinflamatorias y analg\u00e9sicas, lo que lo convierte en un remedio natural popular para aliviar dolores y moretones.<\/p>\n<p>El <em>aceite de \u00e1rnica<\/em> es un remedio natural vers\u00e1til y efectivo para aliviar dolores, reducir moretones y calmar la piel. Su aplicaci\u00f3n t\u00f3pica puede proporcionar alivio inmediato y contribuir a una recuperaci\u00f3n m\u00e1s r\u00e1pida.<\/p>\n","protected":false},"excerpt":{"rendered":"<p>El\u00a0aceite de \u00e1rnica\u00a0reduce el riesgo de lesiones,\u00a0contracturas,\u00a0evita la aparici\u00f3n de agujetas\u00a0y tambi\u00e9n refuerza los tejidos manteniendo\u00a0una piel sana y cuidada.\u00a0Este aceite concentrado es conocido por sus propiedades antiinflamatorias y analg\u00e9sicas, [&hellip;]<\/p>\n","protected":false},"featured_media":288,"comment_status":"open","ping_status":"closed","template":"","meta":[],"product_brand":[416],"product_cat":[282,337,318],"product_tag":[28],"class_list":{"0":"post-4980","1":"product","2":"type-product","3":"status-publish","4":"has-post-thumbnail","6":"product_brand-la-paloma","7":"product_cat-aceites-para-la-salud","8":"product_cat-productos","9":"product_cat-salud","10":"product_tag-arnica","12":"first","13":"instock","14":"shipping-taxable","15":"purchasable","16":"product-type-simple"},"_links":{"self":[{"href":"https:\/\/modest-napier.216-250-124-103.plesk.page\/index.php\/wp-json\/wp\/v2\/product\/4980","targetHints":{"allow":["GET"]}}],"collection":[{"href":"https:\/\/modest-napier.216-250-124-103.plesk.page\/index.php\/wp-json\/wp\/v2\/product"}],"about":[{"href":"https:\/\/modest-napier.216-250-124-103.plesk.page\/index.php\/wp-json\/wp\/v2\/types\/product"}],"replies":[{"embeddable":true,"href":"https:\/\/modest-napier.216-250-124-103.plesk.page\/index.php\/wp-json\/wp\/v2\/comments?post=4980"}],"wp:featuredmedia":[{"embeddable":true,"href":"https:\/\/modest-napier.216-250-124-103.plesk.page\/index.php\/wp-json\/wp\/v2\/media\/288"}],"wp:attachment":[{"href":"https:\/\/modest-napier.216-250-124-103.plesk.page\/index.php\/wp-json\/wp\/v2\/media?parent=4980"}],"wp:term":[{"taxonomy":"product_brand","embeddable":true,"href":"https:\/\/modest-napier.216-250-124-103.plesk.page\/index.php\/wp-json\/wp\/v2\/product_brand?post=4980"},{"taxonomy":"product_cat","embeddable":true,"href":"https:\/\/modest-napier.216-250-124-103.plesk.page\/index.php\/wp-json\/wp\/v2\/product_cat?post=4980"},{"taxonomy":"product_tag","embeddable":true,"href":"https:\/\/modest-napier.216-250-124-103.plesk.page\/index.php\/wp-json\/wp\/v2\/product_tag?post=4980"}],"curies":[{"name":"wp","href":"https:\/\/api.w.org\/{rel}","templated":true}]}}