{"id":4986,"date":"2025-09-24T19:25:22","date_gmt":"2025-09-24T19:25:22","guid":{"rendered":"https:\/\/modest-napier.216-250-124-103.plesk.page\/index.php\/producto\/aceite-de-calendula-c-120-ml-la-paloma\/"},"modified":"2025-09-24T20:46:56","modified_gmt":"2025-09-24T20:46:56","slug":"aceite-de-calendula-c-120-ml-la-paloma","status":"publish","type":"product","link":"https:\/\/modest-napier.216-250-124-103.plesk.page\/index.php\/producto\/aceite-de-calendula-c-120-ml-la-paloma\/","title":{"rendered":"Aceite de Cal\u00e9ndula 120 ml La Paloma"},"content":{"rendered":"<p><strong>Descripci\u00f3n:<\/strong><br \/> El\u00a0<strong>aceite\u00a0de\u00a0cal\u00e9ndula<\/strong>\u00a0tiene un gran efecto antiinflamatorio. Es ideal para el tratamiento de heridas persistentes, \u00falceras y venas varicosas. Adicionalmente, se utiliza para aliviar la picaz\u00f3n, el dolor y la inflamaci\u00f3n por afecciones en la piel. Tambi\u00e9n es muy \u00fatil para las patolog\u00edas infecciosas o al\u00e9rgicas.<\/p>\n<p><strong>Modo de uso:<\/strong><be><br \/>\nLibre.<\/be><\/p>\n<p><strong>Contenido:<\/strong><br \/> 120 ml.<\/p>\n","protected":false},"excerpt":{"rendered":"<p>Descripci\u00f3n: El\u00a0aceite\u00a0de\u00a0cal\u00e9ndula\u00a0tiene un gran efecto antiinflamatorio. Es ideal para el tratamiento de heridas persistentes, \u00falceras y venas varicosas. Adicionalmente, se utiliza para aliviar la picaz\u00f3n, el dolor y la inflamaci\u00f3n [&hellip;]<\/p>\n","protected":false},"featured_media":352,"comment_status":"open","ping_status":"closed","template":"","meta":[],"product_brand":[416],"product_cat":[281,337,318],"product_tag":[37],"class_list":{"0":"post-4986","1":"product","2":"type-product","3":"status-publish","4":"has-post-thumbnail","6":"product_brand-la-paloma","7":"product_cat-aceites-para-la-piel","8":"product_cat-productos","9":"product_cat-salud","10":"product_tag-calendula","12":"first","13":"outofstock","14":"shipping-taxable","15":"purchasable","16":"product-type-simple"},"_links":{"self":[{"href":"https:\/\/modest-napier.216-250-124-103.plesk.page\/index.php\/wp-json\/wp\/v2\/product\/4986","targetHints":{"allow":["GET"]}}],"collection":[{"href":"https:\/\/modest-napier.216-250-124-103.plesk.page\/index.php\/wp-json\/wp\/v2\/product"}],"about":[{"href":"https:\/\/modest-napier.216-250-124-103.plesk.page\/index.php\/wp-json\/wp\/v2\/types\/product"}],"replies":[{"embeddable":true,"href":"https:\/\/modest-napier.216-250-124-103.plesk.page\/index.php\/wp-json\/wp\/v2\/comments?post=4986"}],"wp:featuredmedia":[{"embeddable":true,"href":"https:\/\/modest-napier.216-250-124-103.plesk.page\/index.php\/wp-json\/wp\/v2\/media\/352"}],"wp:attachment":[{"href":"https:\/\/modest-napier.216-250-124-103.plesk.page\/index.php\/wp-json\/wp\/v2\/media?parent=4986"}],"wp:term":[{"taxonomy":"product_brand","embeddable":true,"href":"https:\/\/modest-napier.216-250-124-103.plesk.page\/index.php\/wp-json\/wp\/v2\/product_brand?post=4986"},{"taxonomy":"product_cat","embeddable":true,"href":"https:\/\/modest-napier.216-250-124-103.plesk.page\/index.php\/wp-json\/wp\/v2\/product_cat?post=4986"},{"taxonomy":"product_tag","embeddable":true,"href":"https:\/\/modest-napier.216-250-124-103.plesk.page\/index.php\/wp-json\/wp\/v2\/product_tag?post=4986"}],"curies":[{"name":"wp","href":"https:\/\/api.w.org\/{rel}","templated":true}]}}