{"id":4987,"date":"2025-09-24T19:25:23","date_gmt":"2025-09-24T19:25:23","guid":{"rendered":"https:\/\/modest-napier.216-250-124-103.plesk.page\/index.php\/producto\/aceite-de-calendula-c-120ml-del-roble\/"},"modified":"2025-09-24T20:46:56","modified_gmt":"2025-09-24T20:46:56","slug":"aceite-de-calendula-c-120ml-del-roble","status":"publish","type":"product","link":"https:\/\/modest-napier.216-250-124-103.plesk.page\/index.php\/producto\/aceite-de-calendula-c-120ml-del-roble\/","title":{"rendered":"Aceite de Cal\u00e9ndula 120 ml Del Roble"},"content":{"rendered":"<p><strong>Descripci\u00f3n:<\/strong><br \/> El <strong>aceite de cal\u00e9ndula<\/strong> tiene un gran efecto antiinflamatorio. Es ideal para el tratamiento de heridas persistentes, \u00falceras y venas varicosas. Adicionalmente, se utiliza para aliviar la picaz\u00f3n, el dolor y la inflamaci\u00f3n por afecciones en la piel. Tambi\u00e9n es muy \u00fatil para las patolog\u00edas infecciosas o al\u00e9rgicas<\/p>\n<p><strong>Modo de uso:<\/strong><br \/> Libre.<\/p>\n<p><strong>Contenido:<\/strong><br \/> 120 ml.<\/p>\n","protected":false},"excerpt":{"rendered":"<p>Descripci\u00f3n: El aceite de cal\u00e9ndula tiene un gran efecto antiinflamatorio. Es ideal para el tratamiento de heridas persistentes, \u00falceras y venas varicosas. Adicionalmente, se utiliza para aliviar la picaz\u00f3n, el [&hellip;]<\/p>\n","protected":false},"featured_media":358,"comment_status":"open","ping_status":"closed","template":"","meta":[],"product_brand":[417],"product_cat":[281,289,337,318],"product_tag":[37],"class_list":{"0":"post-4987","1":"product","2":"type-product","3":"status-publish","4":"has-post-thumbnail","6":"product_brand-del-roble","7":"product_cat-aceites-para-la-piel","8":"product_cat-belleza","9":"product_cat-productos","10":"product_cat-salud","11":"product_tag-calendula","13":"first","14":"instock","15":"shipping-taxable","16":"purchasable","17":"product-type-simple"},"_links":{"self":[{"href":"https:\/\/modest-napier.216-250-124-103.plesk.page\/index.php\/wp-json\/wp\/v2\/product\/4987","targetHints":{"allow":["GET"]}}],"collection":[{"href":"https:\/\/modest-napier.216-250-124-103.plesk.page\/index.php\/wp-json\/wp\/v2\/product"}],"about":[{"href":"https:\/\/modest-napier.216-250-124-103.plesk.page\/index.php\/wp-json\/wp\/v2\/types\/product"}],"replies":[{"embeddable":true,"href":"https:\/\/modest-napier.216-250-124-103.plesk.page\/index.php\/wp-json\/wp\/v2\/comments?post=4987"}],"wp:featuredmedia":[{"embeddable":true,"href":"https:\/\/modest-napier.216-250-124-103.plesk.page\/index.php\/wp-json\/wp\/v2\/media\/358"}],"wp:attachment":[{"href":"https:\/\/modest-napier.216-250-124-103.plesk.page\/index.php\/wp-json\/wp\/v2\/media?parent=4987"}],"wp:term":[{"taxonomy":"product_brand","embeddable":true,"href":"https:\/\/modest-napier.216-250-124-103.plesk.page\/index.php\/wp-json\/wp\/v2\/product_brand?post=4987"},{"taxonomy":"product_cat","embeddable":true,"href":"https:\/\/modest-napier.216-250-124-103.plesk.page\/index.php\/wp-json\/wp\/v2\/product_cat?post=4987"},{"taxonomy":"product_tag","embeddable":true,"href":"https:\/\/modest-napier.216-250-124-103.plesk.page\/index.php\/wp-json\/wp\/v2\/product_tag?post=4987"}],"curies":[{"name":"wp","href":"https:\/\/api.w.org\/{rel}","templated":true}]}}