{"id":4988,"date":"2025-09-24T19:25:24","date_gmt":"2025-09-24T19:25:24","guid":{"rendered":"https:\/\/modest-napier.216-250-124-103.plesk.page\/index.php\/producto\/aceite-de-calendula-c-120ml-shanaturals\/"},"modified":"2025-09-24T20:44:40","modified_gmt":"2025-09-24T20:44:40","slug":"aceite-de-calendula-c-120ml-shanaturals","status":"publish","type":"product","link":"https:\/\/modest-napier.216-250-124-103.plesk.page\/index.php\/producto\/aceite-de-calendula-c-120ml-shanaturals\/","title":{"rendered":"Aceite de Cal\u00e9ndula 120 ml Shanatural&#8217;s"},"content":{"rendered":"<p><strong>Descripci\u00f3n:<\/strong><br \/>El <strong>aceite de cal\u00e9ndula<\/strong> mejora la textura de la piel reseca, agrietada y escamada, favorece la cicatrizaci\u00f3n de lesiones.<\/p>\n<p><strong>Modo de uso:<\/strong><br \/> Coloque en la palma de la mano la cantidad deseada y esp\u00e1rzalo en su piel como acostumbra.<\/p>\n<p><strong>Contenido:<\/strong><br \/>120 ml.<\/p>\n","protected":false},"excerpt":{"rendered":"<p>Descripci\u00f3n:El aceite de cal\u00e9ndula mejora la textura de la piel reseca, agrietada y escamada, favorece la cicatrizaci\u00f3n de lesiones. Modo de uso: Coloque en la palma de la mano la [&hellip;]<\/p>\n","protected":false},"featured_media":373,"comment_status":"open","ping_status":"closed","template":"","meta":[],"product_brand":[362],"product_cat":[281,289,337,318],"product_tag":[],"class_list":{"0":"post-4988","1":"product","2":"type-product","3":"status-publish","4":"has-post-thumbnail","6":"product_brand-shanaturals","7":"product_cat-aceites-para-la-piel","8":"product_cat-belleza","9":"product_cat-productos","10":"product_cat-salud","12":"first","13":"instock","14":"shipping-taxable","15":"purchasable","16":"product-type-simple"},"_links":{"self":[{"href":"https:\/\/modest-napier.216-250-124-103.plesk.page\/index.php\/wp-json\/wp\/v2\/product\/4988","targetHints":{"allow":["GET"]}}],"collection":[{"href":"https:\/\/modest-napier.216-250-124-103.plesk.page\/index.php\/wp-json\/wp\/v2\/product"}],"about":[{"href":"https:\/\/modest-napier.216-250-124-103.plesk.page\/index.php\/wp-json\/wp\/v2\/types\/product"}],"replies":[{"embeddable":true,"href":"https:\/\/modest-napier.216-250-124-103.plesk.page\/index.php\/wp-json\/wp\/v2\/comments?post=4988"}],"wp:featuredmedia":[{"embeddable":true,"href":"https:\/\/modest-napier.216-250-124-103.plesk.page\/index.php\/wp-json\/wp\/v2\/media\/373"}],"wp:attachment":[{"href":"https:\/\/modest-napier.216-250-124-103.plesk.page\/index.php\/wp-json\/wp\/v2\/media?parent=4988"}],"wp:term":[{"taxonomy":"product_brand","embeddable":true,"href":"https:\/\/modest-napier.216-250-124-103.plesk.page\/index.php\/wp-json\/wp\/v2\/product_brand?post=4988"},{"taxonomy":"product_cat","embeddable":true,"href":"https:\/\/modest-napier.216-250-124-103.plesk.page\/index.php\/wp-json\/wp\/v2\/product_cat?post=4988"},{"taxonomy":"product_tag","embeddable":true,"href":"https:\/\/modest-napier.216-250-124-103.plesk.page\/index.php\/wp-json\/wp\/v2\/product_tag?post=4988"}],"curies":[{"name":"wp","href":"https:\/\/api.w.org\/{rel}","templated":true}]}}