{"id":4989,"date":"2025-09-24T19:25:26","date_gmt":"2025-09-24T19:25:26","guid":{"rendered":"https:\/\/modest-napier.216-250-124-103.plesk.page\/index.php\/producto\/aceite-de-canela-c-120-ml-la-paloma\/"},"modified":"2025-09-24T20:46:56","modified_gmt":"2025-09-24T20:46:56","slug":"aceite-de-canela-c-120-ml-la-paloma","status":"publish","type":"product","link":"https:\/\/modest-napier.216-250-124-103.plesk.page\/index.php\/producto\/aceite-de-canela-c-120-ml-la-paloma\/","title":{"rendered":"Aceite de Canela 120 ml La Paloma"},"content":{"rendered":"<p><strong>Descripci\u00f3n:<\/strong><br \/> \u2022 Es efectivo para luchar contra hongos y bacterias gracias a sus propiedades antis\u00e9pticas y antibacterianas. Esto tambi\u00e9n previene las enfermedades contagiosas.<br \/>\u2022 Se puede utilizar en los casos de padecer de los problemas respiratorios tales como gripe, resfriados, asma, tos, etc.<br \/>\u2022 Tiene un efecto positivo para el cerebro. Ayuda en casos de agotamiento mental, fatiga, ansiedad y para recuperar la memoria.<br \/>\u2022En casos de tener problemas de circulaci\u00f3n de la sangre el aceite esencial de canela puede ser muy \u00fatil porque purifica la sangre e elimina las impurezas. Adem\u00e1s es efectivo con el reumatismo y los dolores en las articulaciones que suelen ser muy molestos, piernas cansadas o sobrecargas musculares.<\/p>\n<p><strong>Modo de uso:<\/strong><br \/>Libre.<\/p>\n<p><strong>Contenido:<\/strong><br \/>120 ml.<\/p>\n","protected":false},"excerpt":{"rendered":"<p>Descripci\u00f3n: \u2022 Es efectivo para luchar contra hongos y bacterias gracias a sus propiedades antis\u00e9pticas y antibacterianas. Esto tambi\u00e9n previene las enfermedades contagiosas.\u2022 Se puede utilizar en los casos de [&hellip;]<\/p>\n","protected":false},"featured_media":377,"comment_status":"open","ping_status":"closed","template":"","meta":[],"product_brand":[416],"product_cat":[282,283,337,318],"product_tag":[31],"class_list":{"0":"post-4989","1":"product","2":"type-product","3":"status-publish","4":"has-post-thumbnail","6":"product_brand-la-paloma","7":"product_cat-aceites-para-la-salud","8":"product_cat-aceites-para-masajes","9":"product_cat-productos","10":"product_cat-salud","11":"product_tag-canela","13":"first","14":"outofstock","15":"shipping-taxable","16":"purchasable","17":"product-type-simple"},"_links":{"self":[{"href":"https:\/\/modest-napier.216-250-124-103.plesk.page\/index.php\/wp-json\/wp\/v2\/product\/4989","targetHints":{"allow":["GET"]}}],"collection":[{"href":"https:\/\/modest-napier.216-250-124-103.plesk.page\/index.php\/wp-json\/wp\/v2\/product"}],"about":[{"href":"https:\/\/modest-napier.216-250-124-103.plesk.page\/index.php\/wp-json\/wp\/v2\/types\/product"}],"replies":[{"embeddable":true,"href":"https:\/\/modest-napier.216-250-124-103.plesk.page\/index.php\/wp-json\/wp\/v2\/comments?post=4989"}],"wp:featuredmedia":[{"embeddable":true,"href":"https:\/\/modest-napier.216-250-124-103.plesk.page\/index.php\/wp-json\/wp\/v2\/media\/377"}],"wp:attachment":[{"href":"https:\/\/modest-napier.216-250-124-103.plesk.page\/index.php\/wp-json\/wp\/v2\/media?parent=4989"}],"wp:term":[{"taxonomy":"product_brand","embeddable":true,"href":"https:\/\/modest-napier.216-250-124-103.plesk.page\/index.php\/wp-json\/wp\/v2\/product_brand?post=4989"},{"taxonomy":"product_cat","embeddable":true,"href":"https:\/\/modest-napier.216-250-124-103.plesk.page\/index.php\/wp-json\/wp\/v2\/product_cat?post=4989"},{"taxonomy":"product_tag","embeddable":true,"href":"https:\/\/modest-napier.216-250-124-103.plesk.page\/index.php\/wp-json\/wp\/v2\/product_tag?post=4989"}],"curies":[{"name":"wp","href":"https:\/\/api.w.org\/{rel}","templated":true}]}}