{"id":4996,"date":"2025-09-24T19:25:34","date_gmt":"2025-09-24T19:25:34","guid":{"rendered":"https:\/\/modest-napier.216-250-124-103.plesk.page\/index.php\/producto\/aceite-de-coco-c-120-ml-shanaturals\/"},"modified":"2025-09-24T20:46:55","modified_gmt":"2025-09-24T20:46:55","slug":"aceite-de-coco-c-120-ml-shanaturals","status":"publish","type":"product","link":"https:\/\/modest-napier.216-250-124-103.plesk.page\/index.php\/producto\/aceite-de-coco-c-120-ml-shanaturals\/","title":{"rendered":"Aceite de Coco 120 ml Shanatural&#8217;s"},"content":{"rendered":"<p>Los aceites hidratantes como el\u00a0<strong>aceite de coco<\/strong> son muy buenos para combatir las estr\u00edas. Al nutrir, hidratar e incrementar la fuerza y elasticidad de la piel, la mantiene protegida frente a las estr\u00edas. \u00datil como desmaquillante, su textura oleosa facilita el desmaquillado.<strong><\/strong><strong><\/strong><\/p>\n","protected":false},"excerpt":{"rendered":"<p>Los aceites hidratantes como el\u00a0aceite de coco son muy buenos para combatir las estr\u00edas. Al nutrir, hidratar e incrementar la fuerza y elasticidad de la piel, la mantiene protegida frente [&hellip;]<\/p>\n","protected":false},"featured_media":436,"comment_status":"open","ping_status":"closed","template":"","meta":[],"product_brand":[362],"product_cat":[289,336,337,318],"product_tag":[40,41],"class_list":{"0":"post-4996","1":"product","2":"type-product","3":"status-publish","4":"has-post-thumbnail","6":"product_brand-shanaturals","7":"product_cat-belleza","8":"product_cat-celebra-el-verano-","9":"product_cat-productos","10":"product_cat-salud","11":"product_tag-celebra-el-verano","12":"product_tag-coco","14":"first","15":"instock","16":"shipping-taxable","17":"purchasable","18":"product-type-simple"},"_links":{"self":[{"href":"https:\/\/modest-napier.216-250-124-103.plesk.page\/index.php\/wp-json\/wp\/v2\/product\/4996","targetHints":{"allow":["GET"]}}],"collection":[{"href":"https:\/\/modest-napier.216-250-124-103.plesk.page\/index.php\/wp-json\/wp\/v2\/product"}],"about":[{"href":"https:\/\/modest-napier.216-250-124-103.plesk.page\/index.php\/wp-json\/wp\/v2\/types\/product"}],"replies":[{"embeddable":true,"href":"https:\/\/modest-napier.216-250-124-103.plesk.page\/index.php\/wp-json\/wp\/v2\/comments?post=4996"}],"wp:featuredmedia":[{"embeddable":true,"href":"https:\/\/modest-napier.216-250-124-103.plesk.page\/index.php\/wp-json\/wp\/v2\/media\/436"}],"wp:attachment":[{"href":"https:\/\/modest-napier.216-250-124-103.plesk.page\/index.php\/wp-json\/wp\/v2\/media?parent=4996"}],"wp:term":[{"taxonomy":"product_brand","embeddable":true,"href":"https:\/\/modest-napier.216-250-124-103.plesk.page\/index.php\/wp-json\/wp\/v2\/product_brand?post=4996"},{"taxonomy":"product_cat","embeddable":true,"href":"https:\/\/modest-napier.216-250-124-103.plesk.page\/index.php\/wp-json\/wp\/v2\/product_cat?post=4996"},{"taxonomy":"product_tag","embeddable":true,"href":"https:\/\/modest-napier.216-250-124-103.plesk.page\/index.php\/wp-json\/wp\/v2\/product_tag?post=4996"}],"curies":[{"name":"wp","href":"https:\/\/api.w.org\/{rel}","templated":true}]}}