{"id":4997,"date":"2025-09-24T19:25:35","date_gmt":"2025-09-24T19:25:35","guid":{"rendered":"https:\/\/modest-napier.216-250-124-103.plesk.page\/index.php\/producto\/aceite-de-coco-extravirgen-c-300-ml-shanaturals\/"},"modified":"2025-09-24T20:46:55","modified_gmt":"2025-09-24T20:46:55","slug":"aceite-de-coco-extravirgen-c-300-ml-shanaturals","status":"publish","type":"product","link":"https:\/\/modest-napier.216-250-124-103.plesk.page\/index.php\/producto\/aceite-de-coco-extravirgen-c-300-ml-shanaturals\/","title":{"rendered":"Aceite de Coco Extravirgen 300 ml Shanatural&#8217;s"},"content":{"rendered":"<p><strong>EN FORMA EXTERNA:<\/strong> Para tratamientos de piel y\/o cabello seco \u00f3 maltratado.<br \/><strong>PUEDE SER CONSUMIDO<\/strong> como aderezo en ensaladas y reposter\u00eda. Auxiliar para la p\u00e9rdida de grasa abdominal, ya que contiene \u00e1cidos grasos de cadena media que no se almacenan de la misma forma en que lo hacen los de cadena larga.<strong><\/strong><\/p>\n","protected":false},"excerpt":{"rendered":"<p>EN FORMA EXTERNA: Para tratamientos de piel y\/o cabello seco \u00f3 maltratado.PUEDE SER CONSUMIDO como aderezo en ensaladas y reposter\u00eda. Auxiliar para la p\u00e9rdida de grasa abdominal, ya que contiene [&hellip;]<\/p>\n","protected":false},"featured_media":449,"comment_status":"open","ping_status":"closed","template":"","meta":[],"product_brand":[362],"product_cat":[308,337,318],"product_tag":[41],"class_list":{"0":"post-4997","1":"product","2":"type-product","3":"status-publish","4":"has-post-thumbnail","6":"product_brand-shanaturals","7":"product_cat-nutricion","8":"product_cat-productos","9":"product_cat-salud","10":"product_tag-coco","12":"first","13":"instock","14":"shipping-taxable","15":"purchasable","16":"product-type-simple"},"_links":{"self":[{"href":"https:\/\/modest-napier.216-250-124-103.plesk.page\/index.php\/wp-json\/wp\/v2\/product\/4997","targetHints":{"allow":["GET"]}}],"collection":[{"href":"https:\/\/modest-napier.216-250-124-103.plesk.page\/index.php\/wp-json\/wp\/v2\/product"}],"about":[{"href":"https:\/\/modest-napier.216-250-124-103.plesk.page\/index.php\/wp-json\/wp\/v2\/types\/product"}],"replies":[{"embeddable":true,"href":"https:\/\/modest-napier.216-250-124-103.plesk.page\/index.php\/wp-json\/wp\/v2\/comments?post=4997"}],"wp:featuredmedia":[{"embeddable":true,"href":"https:\/\/modest-napier.216-250-124-103.plesk.page\/index.php\/wp-json\/wp\/v2\/media\/449"}],"wp:attachment":[{"href":"https:\/\/modest-napier.216-250-124-103.plesk.page\/index.php\/wp-json\/wp\/v2\/media?parent=4997"}],"wp:term":[{"taxonomy":"product_brand","embeddable":true,"href":"https:\/\/modest-napier.216-250-124-103.plesk.page\/index.php\/wp-json\/wp\/v2\/product_brand?post=4997"},{"taxonomy":"product_cat","embeddable":true,"href":"https:\/\/modest-napier.216-250-124-103.plesk.page\/index.php\/wp-json\/wp\/v2\/product_cat?post=4997"},{"taxonomy":"product_tag","embeddable":true,"href":"https:\/\/modest-napier.216-250-124-103.plesk.page\/index.php\/wp-json\/wp\/v2\/product_tag?post=4997"}],"curies":[{"name":"wp","href":"https:\/\/api.w.org\/{rel}","templated":true}]}}