{"id":4998,"date":"2025-09-24T19:25:36","date_gmt":"2025-09-24T19:25:36","guid":{"rendered":"https:\/\/modest-napier.216-250-124-103.plesk.page\/index.php\/producto\/aceite-de-coco-extravirgen-c-460-ml-shanaturals\/"},"modified":"2025-09-24T20:46:55","modified_gmt":"2025-09-24T20:46:55","slug":"aceite-de-coco-extravirgen-c-460-ml-shanaturals","status":"publish","type":"product","link":"https:\/\/modest-napier.216-250-124-103.plesk.page\/index.php\/producto\/aceite-de-coco-extravirgen-c-460-ml-shanaturals\/","title":{"rendered":"Aceite de Coco Extravirgen 460 ml Shanatural&#8217;s"},"content":{"rendered":"<p><strong>Descripci\u00f3n:<\/strong><br \/><strong>EN FORMA EXTERNA:<\/strong><span>\u00a0<\/span>Para tratamientos de piel y\/o cabello seco \u00f3 maltratado.<br \/><strong>PUEDE SER CONSUMIDO<\/strong><span>\u00a0<\/span>como aderezo en ensaladas y reposter\u00eda. Auxiliar para la p\u00e9rdida de grasa abdominal, ya que contiene \u00e1cidos grasos de cadena media que no se almacenan de la misma forma en que lo hacen los de cadena larga.<\/p>\n<p><strong>Modo de uso:<\/strong><br \/>Libre.<\/p>\n<p><strong>Contenido:<\/strong><br \/>300 ml.<\/p>\n","protected":false},"excerpt":{"rendered":"<p>Descripci\u00f3n:EN FORMA EXTERNA:\u00a0Para tratamientos de piel y\/o cabello seco \u00f3 maltratado.PUEDE SER CONSUMIDO\u00a0como aderezo en ensaladas y reposter\u00eda. Auxiliar para la p\u00e9rdida de grasa abdominal, ya que contiene \u00e1cidos grasos [&hellip;]<\/p>\n","protected":false},"featured_media":474,"comment_status":"open","ping_status":"closed","template":"","meta":[],"product_brand":[362],"product_cat":[284,336,308,337,318],"product_tag":[40,41],"class_list":{"0":"post-4998","1":"product","2":"type-product","3":"status-publish","4":"has-post-thumbnail","6":"product_brand-shanaturals","7":"product_cat-aceites-y-vinagres","8":"product_cat-celebra-el-verano-","9":"product_cat-nutricion","10":"product_cat-productos","11":"product_cat-salud","12":"product_tag-celebra-el-verano","13":"product_tag-coco","15":"first","16":"instock","17":"shipping-taxable","18":"purchasable","19":"product-type-simple"},"_links":{"self":[{"href":"https:\/\/modest-napier.216-250-124-103.plesk.page\/index.php\/wp-json\/wp\/v2\/product\/4998","targetHints":{"allow":["GET"]}}],"collection":[{"href":"https:\/\/modest-napier.216-250-124-103.plesk.page\/index.php\/wp-json\/wp\/v2\/product"}],"about":[{"href":"https:\/\/modest-napier.216-250-124-103.plesk.page\/index.php\/wp-json\/wp\/v2\/types\/product"}],"replies":[{"embeddable":true,"href":"https:\/\/modest-napier.216-250-124-103.plesk.page\/index.php\/wp-json\/wp\/v2\/comments?post=4998"}],"wp:featuredmedia":[{"embeddable":true,"href":"https:\/\/modest-napier.216-250-124-103.plesk.page\/index.php\/wp-json\/wp\/v2\/media\/474"}],"wp:attachment":[{"href":"https:\/\/modest-napier.216-250-124-103.plesk.page\/index.php\/wp-json\/wp\/v2\/media?parent=4998"}],"wp:term":[{"taxonomy":"product_brand","embeddable":true,"href":"https:\/\/modest-napier.216-250-124-103.plesk.page\/index.php\/wp-json\/wp\/v2\/product_brand?post=4998"},{"taxonomy":"product_cat","embeddable":true,"href":"https:\/\/modest-napier.216-250-124-103.plesk.page\/index.php\/wp-json\/wp\/v2\/product_cat?post=4998"},{"taxonomy":"product_tag","embeddable":true,"href":"https:\/\/modest-napier.216-250-124-103.plesk.page\/index.php\/wp-json\/wp\/v2\/product_tag?post=4998"}],"curies":[{"name":"wp","href":"https:\/\/api.w.org\/{rel}","templated":true}]}}