{"id":5000,"date":"2025-09-24T19:25:40","date_gmt":"2025-09-24T19:25:40","guid":{"rendered":"https:\/\/modest-napier.216-250-124-103.plesk.page\/index.php\/producto\/aceite-de-hierbabuena-c-120-ml-la-paloma\/"},"modified":"2025-09-24T20:46:55","modified_gmt":"2025-09-24T20:46:55","slug":"aceite-de-hierbabuena-c-120-ml-la-paloma","status":"publish","type":"product","link":"https:\/\/modest-napier.216-250-124-103.plesk.page\/index.php\/producto\/aceite-de-hierbabuena-c-120-ml-la-paloma\/","title":{"rendered":"Aceite de Hierbabuena 120 ml La Paloma"},"content":{"rendered":"<p><strong>Descripci\u00f3n:<\/strong><br \/><span>La hierbabuena, tambi\u00e9n es rica en vitaminas A y C, que ayudan a que la piel se recupere de abrasiones y quemaduras, adem\u00e1s de calmar las molestias que producen estas alteraciones.\u00a0<a href=\"#more\">Leer m\u00e1s \u00bb<\/a><\/span><\/p>\n<p><strong>Modo de uso:<\/strong><br \/>Libre.<\/p>\n<p><strong>Contenido:<\/strong><br \/>120 ml.<\/p>\n","protected":false},"excerpt":{"rendered":"<p>Descripci\u00f3n:La hierbabuena, tambi\u00e9n es rica en vitaminas A y C, que ayudan a que la piel se recupere de abrasiones y quemaduras, adem\u00e1s de calmar las molestias que producen estas [&hellip;]<\/p>\n","protected":false},"featured_media":521,"comment_status":"open","ping_status":"closed","template":"","meta":[],"product_brand":[416],"product_cat":[281,308,337,318],"product_tag":[43],"class_list":{"0":"post-5000","1":"product","2":"type-product","3":"status-publish","4":"has-post-thumbnail","6":"product_brand-la-paloma","7":"product_cat-aceites-para-la-piel","8":"product_cat-nutricion","9":"product_cat-productos","10":"product_cat-salud","11":"product_tag-hierbabuena","13":"first","14":"instock","15":"shipping-taxable","16":"purchasable","17":"product-type-simple"},"_links":{"self":[{"href":"https:\/\/modest-napier.216-250-124-103.plesk.page\/index.php\/wp-json\/wp\/v2\/product\/5000","targetHints":{"allow":["GET"]}}],"collection":[{"href":"https:\/\/modest-napier.216-250-124-103.plesk.page\/index.php\/wp-json\/wp\/v2\/product"}],"about":[{"href":"https:\/\/modest-napier.216-250-124-103.plesk.page\/index.php\/wp-json\/wp\/v2\/types\/product"}],"replies":[{"embeddable":true,"href":"https:\/\/modest-napier.216-250-124-103.plesk.page\/index.php\/wp-json\/wp\/v2\/comments?post=5000"}],"wp:featuredmedia":[{"embeddable":true,"href":"https:\/\/modest-napier.216-250-124-103.plesk.page\/index.php\/wp-json\/wp\/v2\/media\/521"}],"wp:attachment":[{"href":"https:\/\/modest-napier.216-250-124-103.plesk.page\/index.php\/wp-json\/wp\/v2\/media?parent=5000"}],"wp:term":[{"taxonomy":"product_brand","embeddable":true,"href":"https:\/\/modest-napier.216-250-124-103.plesk.page\/index.php\/wp-json\/wp\/v2\/product_brand?post=5000"},{"taxonomy":"product_cat","embeddable":true,"href":"https:\/\/modest-napier.216-250-124-103.plesk.page\/index.php\/wp-json\/wp\/v2\/product_cat?post=5000"},{"taxonomy":"product_tag","embeddable":true,"href":"https:\/\/modest-napier.216-250-124-103.plesk.page\/index.php\/wp-json\/wp\/v2\/product_tag?post=5000"}],"curies":[{"name":"wp","href":"https:\/\/api.w.org\/{rel}","templated":true}]}}