{"id":5002,"date":"2025-09-24T19:25:42","date_gmt":"2025-09-24T19:25:42","guid":{"rendered":"https:\/\/modest-napier.216-250-124-103.plesk.page\/index.php\/producto\/aceite-de-lavanda-120-ml-del-roble-eliminado\/"},"modified":"2025-09-24T19:25:43","modified_gmt":"2025-09-24T19:25:43","slug":"aceite-de-lavanda-120-ml-del-roble-eliminado","status":"publish","type":"product","link":"https:\/\/modest-napier.216-250-124-103.plesk.page\/index.php\/producto\/aceite-de-lavanda-120-ml-del-roble-eliminado\/","title":{"rendered":"ACEITE DE LAVANDA 120 ML DEL ROBLE  (ELIMINADO)"},"content":{"rendered":"<p data-mce-fragment=\"1\"><strong data-mce-fragment=\"1\">Descripci\u00f3n:<\/strong><\/p>\n<p>Propiedades antibacterianas y antimic\u00f3ticas: Est\u00e1 demostrada su capacidad para combatir virus y bacterias.\u00a0Efecto calmante, facilita el sue\u00f1o, relaja m\u00fasculos y es excelente en estados de ansiedad y estr\u00e9s. Cicatrizante de heridas y quemaduras. Mejora las picaduras de insectos. En cosm\u00e9tica se utiliza contra el acn\u00e9 y la dermatitis.Propiedades analg\u00e9sicas: Mitiga el dolor y la inflamaci\u00f3n en afecciones dermatol\u00f3gicas, musculares o contusiones.<\/p>\n<p data-mce-fragment=\"1\"><strong data-mce-fragment=\"1\">Modo de uso:<\/strong><\/p>\n<p data-mce-fragment=\"1\">Libre.<\/p>\n<p data-mce-fragment=\"1\"><strong data-mce-fragment=\"1\">Contenido:<\/strong><\/p>\n<p data-mce-fragment=\"1\">120 ml.<\/p>\n","protected":false},"excerpt":{"rendered":"<p>Descripci\u00f3n: Propiedades antibacterianas y antimic\u00f3ticas: Est\u00e1 demostrada su capacidad para combatir virus y bacterias.\u00a0Efecto calmante, facilita el sue\u00f1o, relaja m\u00fasculos y es excelente en estados de ansiedad y estr\u00e9s. Cicatrizante [&hellip;]<\/p>\n","protected":false},"featured_media":544,"comment_status":"open","ping_status":"closed","template":"","meta":[],"product_brand":[],"product_cat":[289,337],"product_tag":[],"class_list":{"0":"post-5002","1":"product","2":"type-product","3":"status-publish","4":"has-post-thumbnail","6":"product_cat-belleza","7":"product_cat-productos","9":"first","10":"outofstock","11":"shipping-taxable","12":"purchasable","13":"product-type-simple"},"_links":{"self":[{"href":"https:\/\/modest-napier.216-250-124-103.plesk.page\/index.php\/wp-json\/wp\/v2\/product\/5002","targetHints":{"allow":["GET"]}}],"collection":[{"href":"https:\/\/modest-napier.216-250-124-103.plesk.page\/index.php\/wp-json\/wp\/v2\/product"}],"about":[{"href":"https:\/\/modest-napier.216-250-124-103.plesk.page\/index.php\/wp-json\/wp\/v2\/types\/product"}],"replies":[{"embeddable":true,"href":"https:\/\/modest-napier.216-250-124-103.plesk.page\/index.php\/wp-json\/wp\/v2\/comments?post=5002"}],"wp:featuredmedia":[{"embeddable":true,"href":"https:\/\/modest-napier.216-250-124-103.plesk.page\/index.php\/wp-json\/wp\/v2\/media\/544"}],"wp:attachment":[{"href":"https:\/\/modest-napier.216-250-124-103.plesk.page\/index.php\/wp-json\/wp\/v2\/media?parent=5002"}],"wp:term":[{"taxonomy":"product_brand","embeddable":true,"href":"https:\/\/modest-napier.216-250-124-103.plesk.page\/index.php\/wp-json\/wp\/v2\/product_brand?post=5002"},{"taxonomy":"product_cat","embeddable":true,"href":"https:\/\/modest-napier.216-250-124-103.plesk.page\/index.php\/wp-json\/wp\/v2\/product_cat?post=5002"},{"taxonomy":"product_tag","embeddable":true,"href":"https:\/\/modest-napier.216-250-124-103.plesk.page\/index.php\/wp-json\/wp\/v2\/product_tag?post=5002"}],"curies":[{"name":"wp","href":"https:\/\/api.w.org\/{rel}","templated":true}]}}