{"id":5003,"date":"2025-09-24T19:25:43","date_gmt":"2025-09-24T19:25:43","guid":{"rendered":"https:\/\/modest-napier.216-250-124-103.plesk.page\/index.php\/producto\/aceite-de-limon-c-120ml-shanaturals\/"},"modified":"2025-09-24T20:44:40","modified_gmt":"2025-09-24T20:44:40","slug":"aceite-de-limon-c-120ml-shanaturals","status":"publish","type":"product","link":"https:\/\/modest-napier.216-250-124-103.plesk.page\/index.php\/producto\/aceite-de-limon-c-120ml-shanaturals\/","title":{"rendered":"Aceite de Lim\u00f3n 120 ml Shanatural&#8217;s"},"content":{"rendered":"<p><strong>Descripci\u00f3n:<\/strong><br \/>El <strong>aceite de lim\u00f3n<\/strong> es auxiliar en dolores musculares, dolores reum\u00e1ticos, golpes y torceduras. Adem\u00e1s, el <em>aceite de lim\u00f3n<\/em> tambi\u00e9n\u00a0es utilizado en el tratamiento de venas varicosas, deja un aspecto suave a la piel con un agradable y fresco aroma.<\/p>\n<p><strong>Modo de uso:<\/strong><br \/>Uso corporal, se recomienda que se aplique por la noche antes de dormir, aplicar la cantidad necesaria en la zona afectada y dar un ligero masaje.<\/p>\n<p><strong>Contenido:<\/strong><br \/>120 ml.<\/p>\n","protected":false},"excerpt":{"rendered":"<p>Descripci\u00f3n:El aceite de lim\u00f3n es auxiliar en dolores musculares, dolores reum\u00e1ticos, golpes y torceduras. Adem\u00e1s, el aceite de lim\u00f3n tambi\u00e9n\u00a0es utilizado en el tratamiento de venas varicosas, deja un aspecto [&hellip;]<\/p>\n","protected":false},"featured_media":553,"comment_status":"open","ping_status":"closed","template":"","meta":[],"product_brand":[362],"product_cat":[282,289,337],"product_tag":[45],"class_list":{"0":"post-5003","1":"product","2":"type-product","3":"status-publish","4":"has-post-thumbnail","6":"product_brand-shanaturals","7":"product_cat-aceites-para-la-salud","8":"product_cat-belleza","9":"product_cat-productos","10":"product_tag-limon","12":"first","13":"instock","14":"shipping-taxable","15":"purchasable","16":"product-type-simple"},"_links":{"self":[{"href":"https:\/\/modest-napier.216-250-124-103.plesk.page\/index.php\/wp-json\/wp\/v2\/product\/5003","targetHints":{"allow":["GET"]}}],"collection":[{"href":"https:\/\/modest-napier.216-250-124-103.plesk.page\/index.php\/wp-json\/wp\/v2\/product"}],"about":[{"href":"https:\/\/modest-napier.216-250-124-103.plesk.page\/index.php\/wp-json\/wp\/v2\/types\/product"}],"replies":[{"embeddable":true,"href":"https:\/\/modest-napier.216-250-124-103.plesk.page\/index.php\/wp-json\/wp\/v2\/comments?post=5003"}],"wp:featuredmedia":[{"embeddable":true,"href":"https:\/\/modest-napier.216-250-124-103.plesk.page\/index.php\/wp-json\/wp\/v2\/media\/553"}],"wp:attachment":[{"href":"https:\/\/modest-napier.216-250-124-103.plesk.page\/index.php\/wp-json\/wp\/v2\/media?parent=5003"}],"wp:term":[{"taxonomy":"product_brand","embeddable":true,"href":"https:\/\/modest-napier.216-250-124-103.plesk.page\/index.php\/wp-json\/wp\/v2\/product_brand?post=5003"},{"taxonomy":"product_cat","embeddable":true,"href":"https:\/\/modest-napier.216-250-124-103.plesk.page\/index.php\/wp-json\/wp\/v2\/product_cat?post=5003"},{"taxonomy":"product_tag","embeddable":true,"href":"https:\/\/modest-napier.216-250-124-103.plesk.page\/index.php\/wp-json\/wp\/v2\/product_tag?post=5003"}],"curies":[{"name":"wp","href":"https:\/\/api.w.org\/{rel}","templated":true}]}}