{"id":5005,"date":"2025-09-24T19:25:46","date_gmt":"2025-09-24T19:25:46","guid":{"rendered":"https:\/\/modest-napier.216-250-124-103.plesk.page\/index.php\/producto\/aceite-de-manzanilla-c-120ml-la-paloma\/"},"modified":"2025-09-24T20:46:53","modified_gmt":"2025-09-24T20:46:53","slug":"aceite-de-manzanilla-c-120ml-la-paloma","status":"publish","type":"product","link":"https:\/\/modest-napier.216-250-124-103.plesk.page\/index.php\/producto\/aceite-de-manzanilla-c-120ml-la-paloma\/","title":{"rendered":"Aceite de Manzanilla 120 ml La Paloma"},"content":{"rendered":"<p><strong>Descripci\u00f3n:<\/strong><br \/>El <strong>aceite esencial de manzanilla<\/strong> tiene propiedades antiinflamatorias. Tambi\u00e9n es antiespasm\u00f3dico, antibi\u00f3tico, carminativo y analg\u00e9sico. Se utiliza para tratar alergias, espasmos musculares, irritaciones de la piel, infecciones causadas por bacterias y hongos cuando se ingiere, insomnio y artritis y reumatismo.<\/p>\n<p><strong>Modo de uso:<\/strong><br \/>Libre.<\/p>\n<p><strong>Contenido:<\/strong><br \/>120 ml.<\/p>\n","protected":false},"excerpt":{"rendered":"<p>Descripci\u00f3n:El aceite esencial de manzanilla tiene propiedades antiinflamatorias. Tambi\u00e9n es antiespasm\u00f3dico, antibi\u00f3tico, carminativo y analg\u00e9sico. Se utiliza para tratar alergias, espasmos musculares, irritaciones de la piel, infecciones causadas por bacterias [&hellip;]<\/p>\n","protected":false},"featured_media":568,"comment_status":"open","ping_status":"closed","template":"","meta":[],"product_brand":[416],"product_cat":[282,289,337,318],"product_tag":[47],"class_list":{"0":"post-5005","1":"product","2":"type-product","3":"status-publish","4":"has-post-thumbnail","6":"product_brand-la-paloma","7":"product_cat-aceites-para-la-salud","8":"product_cat-belleza","9":"product_cat-productos","10":"product_cat-salud","11":"product_tag-manzanilla","13":"first","14":"outofstock","15":"shipping-taxable","16":"purchasable","17":"product-type-simple"},"_links":{"self":[{"href":"https:\/\/modest-napier.216-250-124-103.plesk.page\/index.php\/wp-json\/wp\/v2\/product\/5005","targetHints":{"allow":["GET"]}}],"collection":[{"href":"https:\/\/modest-napier.216-250-124-103.plesk.page\/index.php\/wp-json\/wp\/v2\/product"}],"about":[{"href":"https:\/\/modest-napier.216-250-124-103.plesk.page\/index.php\/wp-json\/wp\/v2\/types\/product"}],"replies":[{"embeddable":true,"href":"https:\/\/modest-napier.216-250-124-103.plesk.page\/index.php\/wp-json\/wp\/v2\/comments?post=5005"}],"wp:featuredmedia":[{"embeddable":true,"href":"https:\/\/modest-napier.216-250-124-103.plesk.page\/index.php\/wp-json\/wp\/v2\/media\/568"}],"wp:attachment":[{"href":"https:\/\/modest-napier.216-250-124-103.plesk.page\/index.php\/wp-json\/wp\/v2\/media?parent=5005"}],"wp:term":[{"taxonomy":"product_brand","embeddable":true,"href":"https:\/\/modest-napier.216-250-124-103.plesk.page\/index.php\/wp-json\/wp\/v2\/product_brand?post=5005"},{"taxonomy":"product_cat","embeddable":true,"href":"https:\/\/modest-napier.216-250-124-103.plesk.page\/index.php\/wp-json\/wp\/v2\/product_cat?post=5005"},{"taxonomy":"product_tag","embeddable":true,"href":"https:\/\/modest-napier.216-250-124-103.plesk.page\/index.php\/wp-json\/wp\/v2\/product_tag?post=5005"}],"curies":[{"name":"wp","href":"https:\/\/api.w.org\/{rel}","templated":true}]}}