{"id":5008,"date":"2025-09-24T19:25:49","date_gmt":"2025-09-24T19:25:49","guid":{"rendered":"https:\/\/modest-napier.216-250-124-103.plesk.page\/index.php\/producto\/aceite-de-moringa-comestible-macerado-c-250-ml-ecosta\/"},"modified":"2025-09-24T20:44:16","modified_gmt":"2025-09-24T20:44:16","slug":"aceite-de-moringa-comestible-macerado-c-250-ml-ecosta","status":"publish","type":"product","link":"https:\/\/modest-napier.216-250-124-103.plesk.page\/index.php\/producto\/aceite-de-moringa-comestible-macerado-c-250-ml-ecosta\/","title":{"rendered":"Aceite de Moringa Comestible Macerado 250 ml Ecosta"},"content":{"rendered":"<p>Ayudar a tratar algunos trastornos estomacales, como la constipaci\u00f3n, la gastritis y la colitis ulcerosa. Las propiedades antibi\u00f3ticas y antibacterianas de la moringa pueden ayudar a inhibir el crecimiento de varios pat\u00f3genos y su alto contenido de vitamina B ayuda a la digesti\u00f3n. Ideal para marinar, aderezar, cocinar saludablemente.<strong><\/strong><\/p>\n","protected":false},"excerpt":{"rendered":"<p>Ayudar a tratar algunos trastornos estomacales, como la constipaci\u00f3n, la gastritis y la colitis ulcerosa. Las propiedades antibi\u00f3ticas y antibacterianas de la moringa pueden ayudar a inhibir el crecimiento de [&hellip;]<\/p>\n","protected":false},"featured_media":605,"comment_status":"open","ping_status":"closed","template":"","meta":[],"product_brand":[502],"product_cat":[284,289,308,337,318],"product_tag":[49],"class_list":{"0":"post-5008","1":"product","2":"type-product","3":"status-publish","4":"has-post-thumbnail","6":"product_brand-ecosta","7":"product_cat-aceites-y-vinagres","8":"product_cat-belleza","9":"product_cat-nutricion","10":"product_cat-productos","11":"product_cat-salud","12":"product_tag-moringa","14":"first","15":"outofstock","16":"shipping-taxable","17":"purchasable","18":"product-type-simple"},"_links":{"self":[{"href":"https:\/\/modest-napier.216-250-124-103.plesk.page\/index.php\/wp-json\/wp\/v2\/product\/5008","targetHints":{"allow":["GET"]}}],"collection":[{"href":"https:\/\/modest-napier.216-250-124-103.plesk.page\/index.php\/wp-json\/wp\/v2\/product"}],"about":[{"href":"https:\/\/modest-napier.216-250-124-103.plesk.page\/index.php\/wp-json\/wp\/v2\/types\/product"}],"replies":[{"embeddable":true,"href":"https:\/\/modest-napier.216-250-124-103.plesk.page\/index.php\/wp-json\/wp\/v2\/comments?post=5008"}],"wp:featuredmedia":[{"embeddable":true,"href":"https:\/\/modest-napier.216-250-124-103.plesk.page\/index.php\/wp-json\/wp\/v2\/media\/605"}],"wp:attachment":[{"href":"https:\/\/modest-napier.216-250-124-103.plesk.page\/index.php\/wp-json\/wp\/v2\/media?parent=5008"}],"wp:term":[{"taxonomy":"product_brand","embeddable":true,"href":"https:\/\/modest-napier.216-250-124-103.plesk.page\/index.php\/wp-json\/wp\/v2\/product_brand?post=5008"},{"taxonomy":"product_cat","embeddable":true,"href":"https:\/\/modest-napier.216-250-124-103.plesk.page\/index.php\/wp-json\/wp\/v2\/product_cat?post=5008"},{"taxonomy":"product_tag","embeddable":true,"href":"https:\/\/modest-napier.216-250-124-103.plesk.page\/index.php\/wp-json\/wp\/v2\/product_tag?post=5008"}],"curies":[{"name":"wp","href":"https:\/\/api.w.org\/{rel}","templated":true}]}}