{"id":5009,"date":"2025-09-24T19:25:51","date_gmt":"2025-09-24T19:25:51","guid":{"rendered":"https:\/\/modest-napier.216-250-124-103.plesk.page\/index.php\/producto\/aceite-de-neem-c-125-ml-natural-life\/"},"modified":"2025-09-24T20:44:28","modified_gmt":"2025-09-24T20:44:28","slug":"aceite-de-neem-c-125-ml-natural-life","status":"publish","type":"product","link":"https:\/\/modest-napier.216-250-124-103.plesk.page\/index.php\/producto\/aceite-de-neem-c-125-ml-natural-life\/","title":{"rendered":"Aceite de Neem 125 ml Natural Life"},"content":{"rendered":"<p><strong>Descripci\u00f3n:<\/strong><br \/>El\u00a0aceite de Neem\u00a0mejora, repara y protege nuestra piel. Gracias a su alta concentraci\u00f3n en polisac\u00e1ridos, logra reducir los da\u00f1os que produce el desgaste diario en la dermis, mejora la cicatrizaci\u00f3n. Adem\u00e1s,\u00a0es\u00a0un excelente hidratante, que recupera la flexibilidad de\u00a0la piel\u00a0y promueve la s\u00edntesis de col\u00e1geno.\u00a0<a href=\"#more\">Leer m\u00e1s \u00bb<\/a><\/p>\n<p><strong>Modo de uso:<\/strong><br \/> <span>Aplicar sobre la piel afectada.<\/span><\/p>\n<p><strong>Contenido:<\/strong><br \/> 125 ml.<\/p>\n","protected":false},"excerpt":{"rendered":"<p>Descripci\u00f3n:El\u00a0aceite de Neem\u00a0mejora, repara y protege nuestra piel. Gracias a su alta concentraci\u00f3n en polisac\u00e1ridos, logra reducir los da\u00f1os que produce el desgaste diario en la dermis, mejora la cicatrizaci\u00f3n. [&hellip;]<\/p>\n","protected":false},"featured_media":613,"comment_status":"open","ping_status":"closed","template":"","meta":[],"product_brand":[345],"product_cat":[281,289,337,318],"product_tag":[50],"class_list":{"0":"post-5009","1":"product","2":"type-product","3":"status-publish","4":"has-post-thumbnail","6":"product_brand-natural-life","7":"product_cat-aceites-para-la-piel","8":"product_cat-belleza","9":"product_cat-productos","10":"product_cat-salud","11":"product_tag-neem","13":"first","14":"instock","15":"shipping-taxable","16":"purchasable","17":"product-type-simple"},"_links":{"self":[{"href":"https:\/\/modest-napier.216-250-124-103.plesk.page\/index.php\/wp-json\/wp\/v2\/product\/5009","targetHints":{"allow":["GET"]}}],"collection":[{"href":"https:\/\/modest-napier.216-250-124-103.plesk.page\/index.php\/wp-json\/wp\/v2\/product"}],"about":[{"href":"https:\/\/modest-napier.216-250-124-103.plesk.page\/index.php\/wp-json\/wp\/v2\/types\/product"}],"replies":[{"embeddable":true,"href":"https:\/\/modest-napier.216-250-124-103.plesk.page\/index.php\/wp-json\/wp\/v2\/comments?post=5009"}],"wp:featuredmedia":[{"embeddable":true,"href":"https:\/\/modest-napier.216-250-124-103.plesk.page\/index.php\/wp-json\/wp\/v2\/media\/613"}],"wp:attachment":[{"href":"https:\/\/modest-napier.216-250-124-103.plesk.page\/index.php\/wp-json\/wp\/v2\/media?parent=5009"}],"wp:term":[{"taxonomy":"product_brand","embeddable":true,"href":"https:\/\/modest-napier.216-250-124-103.plesk.page\/index.php\/wp-json\/wp\/v2\/product_brand?post=5009"},{"taxonomy":"product_cat","embeddable":true,"href":"https:\/\/modest-napier.216-250-124-103.plesk.page\/index.php\/wp-json\/wp\/v2\/product_cat?post=5009"},{"taxonomy":"product_tag","embeddable":true,"href":"https:\/\/modest-napier.216-250-124-103.plesk.page\/index.php\/wp-json\/wp\/v2\/product_tag?post=5009"}],"curies":[{"name":"wp","href":"https:\/\/api.w.org\/{rel}","templated":true}]}}