{"id":5014,"date":"2025-09-24T19:25:57","date_gmt":"2025-09-24T19:25:57","guid":{"rendered":"https:\/\/modest-napier.216-250-124-103.plesk.page\/index.php\/producto\/aceite-de-oregano-organico-100-natural-c-20-ml-grupo-medinatvid\/"},"modified":"2025-09-24T20:43:57","modified_gmt":"2025-09-24T20:43:57","slug":"aceite-de-oregano-organico-100-natural-c-20-ml-grupo-medinatvid","status":"publish","type":"product","link":"https:\/\/modest-napier.216-250-124-103.plesk.page\/index.php\/producto\/aceite-de-oregano-organico-100-natural-c-20-ml-grupo-medinatvid\/","title":{"rendered":"Aceite de Or\u00e9gano Org\u00e1nico 20ml Grupo Medinatvid"},"content":{"rendered":"<p><strong>Descripci\u00f3n:<\/strong><br \/>El <strong>aceite de or\u00e9gano<\/strong> ayuda a combatir bacterias causantes de enfermedades respiratorias, tiene propiedades antif\u00fangicas contra hongos del g\u00e9nero c\u00e1ndidas, aspergillus, levaduras, pie de atleta. Adem\u00e1s, el <em>aceite de or\u00e9gano<\/em> ayuda a la buena digesti\u00f3n y fortalece el sistema inmunol\u00f3gico.<\/p>\n<p><strong>Modo de uso:<\/strong><br \/> Uso oral, tomar hasta 5 gotas tres veces al d\u00eda diluido en agua, ni\u00f1os de 4 a 12 a\u00f1os tomar hasta 3 gotas tres veces al d\u00eda en agua. Uso externo, aplicar de 5 a 10 gotas en pecho, espalda y planta de los pies por la noche, ni\u00f1os de 1 a 4 a\u00f1os no tomarlo solo aplicaci\u00f3n externa o bien utilizar difusor de esencia.<\/p>\n<p><strong>Contenido:<\/strong><br \/> 20ml.<\/p>\n","protected":false},"excerpt":{"rendered":"<p>Descripci\u00f3n:El aceite de or\u00e9gano ayuda a combatir bacterias causantes de enfermedades respiratorias, tiene propiedades antif\u00fangicas contra hongos del g\u00e9nero c\u00e1ndidas, aspergillus, levaduras, pie de atleta. Adem\u00e1s, el aceite de or\u00e9gano [&hellip;]<\/p>\n","protected":false},"featured_media":654,"comment_status":"open","ping_status":"closed","template":"","meta":[],"product_brand":[343],"product_cat":[337,318],"product_tag":[52],"class_list":{"0":"post-5014","1":"product","2":"type-product","3":"status-publish","4":"has-post-thumbnail","6":"product_brand-grupo-medinatvid","7":"product_cat-productos","8":"product_cat-salud","9":"product_tag-oregano","11":"first","12":"instock","13":"shipping-taxable","14":"purchasable","15":"product-type-simple"},"_links":{"self":[{"href":"https:\/\/modest-napier.216-250-124-103.plesk.page\/index.php\/wp-json\/wp\/v2\/product\/5014","targetHints":{"allow":["GET"]}}],"collection":[{"href":"https:\/\/modest-napier.216-250-124-103.plesk.page\/index.php\/wp-json\/wp\/v2\/product"}],"about":[{"href":"https:\/\/modest-napier.216-250-124-103.plesk.page\/index.php\/wp-json\/wp\/v2\/types\/product"}],"replies":[{"embeddable":true,"href":"https:\/\/modest-napier.216-250-124-103.plesk.page\/index.php\/wp-json\/wp\/v2\/comments?post=5014"}],"wp:featuredmedia":[{"embeddable":true,"href":"https:\/\/modest-napier.216-250-124-103.plesk.page\/index.php\/wp-json\/wp\/v2\/media\/654"}],"wp:attachment":[{"href":"https:\/\/modest-napier.216-250-124-103.plesk.page\/index.php\/wp-json\/wp\/v2\/media?parent=5014"}],"wp:term":[{"taxonomy":"product_brand","embeddable":true,"href":"https:\/\/modest-napier.216-250-124-103.plesk.page\/index.php\/wp-json\/wp\/v2\/product_brand?post=5014"},{"taxonomy":"product_cat","embeddable":true,"href":"https:\/\/modest-napier.216-250-124-103.plesk.page\/index.php\/wp-json\/wp\/v2\/product_cat?post=5014"},{"taxonomy":"product_tag","embeddable":true,"href":"https:\/\/modest-napier.216-250-124-103.plesk.page\/index.php\/wp-json\/wp\/v2\/product_tag?post=5014"}],"curies":[{"name":"wp","href":"https:\/\/api.w.org\/{rel}","templated":true}]}}