{"id":5018,"date":"2025-09-24T19:26:03","date_gmt":"2025-09-24T19:26:03","guid":{"rendered":"https:\/\/modest-napier.216-250-124-103.plesk.page\/index.php\/producto\/aceite-de-peyote-con-marihuana-150-mleliminado-shopify-payments\/"},"modified":"2025-09-24T19:26:04","modified_gmt":"2025-09-24T19:26:04","slug":"aceite-de-peyote-con-marihuana-150-mleliminado-shopify-payments","status":"publish","type":"product","link":"https:\/\/modest-napier.216-250-124-103.plesk.page\/index.php\/producto\/aceite-de-peyote-con-marihuana-150-mleliminado-shopify-payments\/","title":{"rendered":"ACEITE DE PEYOTE CON MARIHUANA 150 ML(ELIMINADO)  (SHOPIFY PAYMENTS)"},"content":{"rendered":"<p><strong>Descripci\u00f3n:<\/strong><\/p>\n<p>El <strong>aceite de peyote con marihuana<\/strong> combina los beneficios medicinales de ambas plantas. El peyote ha sido utilizado tradicionalmente en la medicina ind\u00edgena para tratar diversas condiciones, como dolores de cabeza, artritis, migra\u00f1as y malestares estomacales. Por otro lado, la marihuana ha demostrado ser efectiva en el alivio de s\u00edntomas de enfermedades cr\u00f3nicas como el c\u00e1ncer, el glaucoma y la esclerosis m\u00faltiple. La combinaci\u00f3n de ambos ingredientes potencia sus propiedades terap\u00e9uticas.<\/p>\n<p>El <em>aceite de peyote<\/em> con marihuana puede proporcionar un efecto relajante y analg\u00e9sico en el cuerpo. Sus compuestos activos act\u00faan sobre el sistema nervioso, ayudando a reducir la ansiedad, el estr\u00e9s y los dolores musculares. Esto puede resultar beneficioso para personas que buscan alivio natural sin los efectos secundarios de otros medicamentos.<\/p>\n<h3>Usos del aceite de peyote<\/h3>\n<ul>\n<li>Aliviar dolor de rodillas.<\/li>\n<li>Ci\u00e1tico.<\/li>\n<li>Lumbar.<\/li>\n<li>Esguinces.<\/li>\n<li>Calambres.<\/li>\n<li>Varices.<\/li>\n<li>Tos.<\/li>\n<li>Anginas.<\/li>\n<li>Acido \u00darico.<\/li>\n<\/ul>\n<p><strong>Modo de uso:<\/strong><\/p>\n<p>Libre.<\/p>\n<p><strong>Contenido:<\/strong><\/p>\n<p>150 ml<\/p>\n","protected":false},"excerpt":{"rendered":"<p>Descripci\u00f3n: El aceite de peyote con marihuana combina los beneficios medicinales de ambas plantas. El peyote ha sido utilizado tradicionalmente en la medicina ind\u00edgena para tratar diversas condiciones, como dolores [&hellip;]<\/p>\n","protected":false},"featured_media":702,"comment_status":"open","ping_status":"closed","template":"","meta":[],"product_brand":[],"product_cat":[297,337,318],"product_tag":[],"class_list":{"0":"post-5018","1":"product","2":"type-product","3":"status-publish","4":"has-post-thumbnail","6":"product_cat-dolor-en-articulaciones","7":"product_cat-productos","8":"product_cat-salud","10":"first","11":"outofstock","12":"shipping-taxable","13":"purchasable","14":"product-type-simple"},"_links":{"self":[{"href":"https:\/\/modest-napier.216-250-124-103.plesk.page\/index.php\/wp-json\/wp\/v2\/product\/5018","targetHints":{"allow":["GET"]}}],"collection":[{"href":"https:\/\/modest-napier.216-250-124-103.plesk.page\/index.php\/wp-json\/wp\/v2\/product"}],"about":[{"href":"https:\/\/modest-napier.216-250-124-103.plesk.page\/index.php\/wp-json\/wp\/v2\/types\/product"}],"replies":[{"embeddable":true,"href":"https:\/\/modest-napier.216-250-124-103.plesk.page\/index.php\/wp-json\/wp\/v2\/comments?post=5018"}],"wp:featuredmedia":[{"embeddable":true,"href":"https:\/\/modest-napier.216-250-124-103.plesk.page\/index.php\/wp-json\/wp\/v2\/media\/702"}],"wp:attachment":[{"href":"https:\/\/modest-napier.216-250-124-103.plesk.page\/index.php\/wp-json\/wp\/v2\/media?parent=5018"}],"wp:term":[{"taxonomy":"product_brand","embeddable":true,"href":"https:\/\/modest-napier.216-250-124-103.plesk.page\/index.php\/wp-json\/wp\/v2\/product_brand?post=5018"},{"taxonomy":"product_cat","embeddable":true,"href":"https:\/\/modest-napier.216-250-124-103.plesk.page\/index.php\/wp-json\/wp\/v2\/product_cat?post=5018"},{"taxonomy":"product_tag","embeddable":true,"href":"https:\/\/modest-napier.216-250-124-103.plesk.page\/index.php\/wp-json\/wp\/v2\/product_tag?post=5018"}],"curies":[{"name":"wp","href":"https:\/\/api.w.org\/{rel}","templated":true}]}}