{"id":5024,"date":"2025-09-24T19:26:10","date_gmt":"2025-09-24T19:26:10","guid":{"rendered":"https:\/\/modest-napier.216-250-124-103.plesk.page\/index.php\/producto\/aceite-de-roble-c-150-ml-e-s-natural\/"},"modified":"2025-09-24T20:45:52","modified_gmt":"2025-09-24T20:45:52","slug":"aceite-de-roble-c-150-ml-e-s-natural","status":"publish","type":"product","link":"https:\/\/modest-napier.216-250-124-103.plesk.page\/index.php\/producto\/aceite-de-roble-c-150-ml-e-s-natural\/","title":{"rendered":"Aceite de Roble 150 ml E.S Natural"},"content":{"rendered":"<p data-mce-fragment=\"1\"><strong data-mce-fragment=\"1\">Descripci\u00f3n:<\/strong><\/p>\n<p data-mce-fragment=\"1\"><span>El <strong>aceite de roble<\/strong> act\u00faa r\u00e1pidamente proporcionando una mitigante sensaci\u00f3n de calor y r\u00e1pido descanso en inflamaciones musculares.<\/span><\/p>\n<ul>\n<li>Dolores musculares<\/li>\n<li>Torceduras<\/li>\n<li>Golpes<\/li>\n<li>Dolores reum\u00e1ticos<\/li>\n<li>Dolores Artr\u00edticos<\/li>\n<li>Hematomas<\/li>\n<\/ul>\n<p data-mce-fragment=\"1\"><strong data-mce-fragment=\"1\">Modo de uso:<\/strong><\/p>\n<p data-mce-fragment=\"1\"><span>Aplicar en masaje suave en la zona afectada por las noches despu\u00e9s del ba\u00f1o y puede aplicar un vendaje sencillo para conservar el calor en la zona.\u00a0<\/span><\/p>\n<p data-mce-fragment=\"1\"><strong data-mce-fragment=\"1\">Contenido:<\/strong><\/p>\n<p data-mce-fragment=\"1\">150 ML.<\/p>\n","protected":false},"excerpt":{"rendered":"<p>Descripci\u00f3n: El aceite de roble act\u00faa r\u00e1pidamente proporcionando una mitigante sensaci\u00f3n de calor y r\u00e1pido descanso en inflamaciones musculares. Dolores musculares Torceduras Golpes Dolores reum\u00e1ticos Dolores Artr\u00edticos Hematomas Modo de [&hellip;]<\/p>\n","protected":false},"featured_media":785,"comment_status":"open","ping_status":"closed","template":"","meta":[],"product_brand":[479],"product_cat":[282,337,318],"product_tag":[58],"class_list":{"0":"post-5024","1":"product","2":"type-product","3":"status-publish","4":"has-post-thumbnail","6":"product_brand-e-s-natural","7":"product_cat-aceites-para-la-salud","8":"product_cat-productos","9":"product_cat-salud","10":"product_tag-roble","12":"first","13":"instock","14":"shipping-taxable","15":"purchasable","16":"product-type-simple"},"_links":{"self":[{"href":"https:\/\/modest-napier.216-250-124-103.plesk.page\/index.php\/wp-json\/wp\/v2\/product\/5024","targetHints":{"allow":["GET"]}}],"collection":[{"href":"https:\/\/modest-napier.216-250-124-103.plesk.page\/index.php\/wp-json\/wp\/v2\/product"}],"about":[{"href":"https:\/\/modest-napier.216-250-124-103.plesk.page\/index.php\/wp-json\/wp\/v2\/types\/product"}],"replies":[{"embeddable":true,"href":"https:\/\/modest-napier.216-250-124-103.plesk.page\/index.php\/wp-json\/wp\/v2\/comments?post=5024"}],"wp:featuredmedia":[{"embeddable":true,"href":"https:\/\/modest-napier.216-250-124-103.plesk.page\/index.php\/wp-json\/wp\/v2\/media\/785"}],"wp:attachment":[{"href":"https:\/\/modest-napier.216-250-124-103.plesk.page\/index.php\/wp-json\/wp\/v2\/media?parent=5024"}],"wp:term":[{"taxonomy":"product_brand","embeddable":true,"href":"https:\/\/modest-napier.216-250-124-103.plesk.page\/index.php\/wp-json\/wp\/v2\/product_brand?post=5024"},{"taxonomy":"product_cat","embeddable":true,"href":"https:\/\/modest-napier.216-250-124-103.plesk.page\/index.php\/wp-json\/wp\/v2\/product_cat?post=5024"},{"taxonomy":"product_tag","embeddable":true,"href":"https:\/\/modest-napier.216-250-124-103.plesk.page\/index.php\/wp-json\/wp\/v2\/product_tag?post=5024"}],"curies":[{"name":"wp","href":"https:\/\/api.w.org\/{rel}","templated":true}]}}