{"id":5026,"date":"2025-09-24T19:26:14","date_gmt":"2025-09-24T19:26:14","guid":{"rendered":"https:\/\/modest-napier.216-250-124-103.plesk.page\/index.php\/producto\/aceite-de-romero-c-120-ml-nolisaneliminado\/"},"modified":"2025-09-24T19:26:15","modified_gmt":"2025-09-24T19:26:15","slug":"aceite-de-romero-c-120-ml-nolisaneliminado","status":"publish","type":"product","link":"https:\/\/modest-napier.216-250-124-103.plesk.page\/index.php\/producto\/aceite-de-romero-c-120-ml-nolisaneliminado\/","title":{"rendered":"ACEITE DE ROMERO C\/120 ML NOLISAN(ELIMINADO)"},"content":{"rendered":"<div id=\"shopify-section-product-template\" class=\"shopify-section\" data-mce-fragment=\"1\">\n<div id=\"ProductSection\" data-section-id=\"product-template\" data-section-type=\"product-template\" data-image-zoom-type=\"lightbox\" data-show-extra-tab=\"false\" data-extra-tab-content=\"\" data-enable-history-state=\"true\" data-mce-fragment=\"1\" itemscope=\"\" itemtype=\"http:\/\/schema.org\/Product\">\n<div class=\"product-single\" data-mce-fragment=\"1\">\n<div class=\"grid product-single__hero\" data-mce-fragment=\"1\">\n<div class=\"grid__item post-large--one-half\" data-mce-fragment=\"1\">\n<div data-mce-fragment=\"1\" itemprop=\"offers\" itemscope=\"\" itemtype=\"http:\/\/schema.org\/Offer\">\n<div class=\"product-description rte\" data-mce-fragment=\"1\" itemprop=\"description\">\n<p data-mce-fragment=\"1\"><strong data-mce-fragment=\"1\">Descripci\u00f3n:<\/strong><\/p>\n<p data-mce-fragment=\"1\"><span>El\u00a0<\/span><b>aceite de romero<\/b><span>\u00a0cuenta con propiedades calmantes y antiinflamatorias por lo que\u00a0<\/span>es<span>\u00a0un remedio muy \u00fatil en la medicina deportiva ya que suele aliviar los dolores musculares, las zonas sobrecargadas y la inflamaci\u00f3n provocada en algunas lesiones de esta \u00edndole, como\u00a0<\/span>es<span>\u00a0el caso de los esguinces.<\/span><\/p>\n<p data-mce-fragment=\"1\"><strong data-mce-fragment=\"1\">Modo de uso:<\/strong><\/p>\n<p data-mce-fragment=\"1\">Libre.<\/p>\n<p data-mce-fragment=\"1\"><strong data-mce-fragment=\"1\">Contenido:<\/strong><\/p>\n<p data-mce-fragment=\"1\">120 ml.<\/p>\n<\/div>\n<\/div>\n<\/div>\n<\/div>\n<\/div>\n<\/div>\n<\/div>\n<div id=\"shopify-section-product-recommendations\" class=\"shopify-section\" data-mce-fragment=\"1\">\n<hr class=\"hr--clear hr--small\" data-mce-fragment=\"1\"><\/div>\n","protected":false},"excerpt":{"rendered":"<p>Descripci\u00f3n: El\u00a0aceite de romero\u00a0cuenta con propiedades calmantes y antiinflamatorias por lo que\u00a0es\u00a0un remedio muy \u00fatil en la medicina deportiva ya que suele aliviar los dolores musculares, las zonas sobrecargadas y [&hellip;]<\/p>\n","protected":false},"featured_media":809,"comment_status":"open","ping_status":"closed","template":"","meta":[],"product_brand":[],"product_cat":[283,289,337,318],"product_tag":[],"class_list":{"0":"post-5026","1":"product","2":"type-product","3":"status-publish","4":"has-post-thumbnail","6":"product_cat-aceites-para-masajes","7":"product_cat-belleza","8":"product_cat-productos","9":"product_cat-salud","11":"first","12":"outofstock","13":"shipping-taxable","14":"purchasable","15":"product-type-simple"},"_links":{"self":[{"href":"https:\/\/modest-napier.216-250-124-103.plesk.page\/index.php\/wp-json\/wp\/v2\/product\/5026","targetHints":{"allow":["GET"]}}],"collection":[{"href":"https:\/\/modest-napier.216-250-124-103.plesk.page\/index.php\/wp-json\/wp\/v2\/product"}],"about":[{"href":"https:\/\/modest-napier.216-250-124-103.plesk.page\/index.php\/wp-json\/wp\/v2\/types\/product"}],"replies":[{"embeddable":true,"href":"https:\/\/modest-napier.216-250-124-103.plesk.page\/index.php\/wp-json\/wp\/v2\/comments?post=5026"}],"wp:featuredmedia":[{"embeddable":true,"href":"https:\/\/modest-napier.216-250-124-103.plesk.page\/index.php\/wp-json\/wp\/v2\/media\/809"}],"wp:attachment":[{"href":"https:\/\/modest-napier.216-250-124-103.plesk.page\/index.php\/wp-json\/wp\/v2\/media?parent=5026"}],"wp:term":[{"taxonomy":"product_brand","embeddable":true,"href":"https:\/\/modest-napier.216-250-124-103.plesk.page\/index.php\/wp-json\/wp\/v2\/product_brand?post=5026"},{"taxonomy":"product_cat","embeddable":true,"href":"https:\/\/modest-napier.216-250-124-103.plesk.page\/index.php\/wp-json\/wp\/v2\/product_cat?post=5026"},{"taxonomy":"product_tag","embeddable":true,"href":"https:\/\/modest-napier.216-250-124-103.plesk.page\/index.php\/wp-json\/wp\/v2\/product_tag?post=5026"}],"curies":[{"name":"wp","href":"https:\/\/api.w.org\/{rel}","templated":true}]}}