{"id":5028,"date":"2025-09-24T19:26:16","date_gmt":"2025-09-24T19:26:16","guid":{"rendered":"https:\/\/modest-napier.216-250-124-103.plesk.page\/index.php\/producto\/aceite-de-sabila-c-120-ml-del-robleeliminado\/"},"modified":"2025-09-24T19:26:17","modified_gmt":"2025-09-24T19:26:17","slug":"aceite-de-sabila-c-120-ml-del-robleeliminado","status":"publish","type":"product","link":"https:\/\/modest-napier.216-250-124-103.plesk.page\/index.php\/producto\/aceite-de-sabila-c-120-ml-del-robleeliminado\/","title":{"rendered":"ACEITE DE SABILA C\/ 120 ML DEL ROBLE(ELIMINADO)"},"content":{"rendered":"<div id=\"shopify-section-product-template\" class=\"shopify-section\" data-mce-fragment=\"1\">\n<div id=\"ProductSection\" data-section-id=\"product-template\" data-section-type=\"product-template\" data-image-zoom-type=\"lightbox\" data-show-extra-tab=\"false\" data-extra-tab-content=\"\" data-enable-history-state=\"true\" data-mce-fragment=\"1\" itemscope=\"\" itemtype=\"http:\/\/schema.org\/Product\">\n<div class=\"product-single\" data-mce-fragment=\"1\">\n<div class=\"grid product-single__hero\" data-mce-fragment=\"1\">\n<div class=\"grid__item post-large--one-half\" data-mce-fragment=\"1\">\n<div data-mce-fragment=\"1\" itemprop=\"offers\" itemscope=\"\" itemtype=\"http:\/\/schema.org\/Offer\">\n<div class=\"product-description rte\" data-mce-fragment=\"1\" itemprop=\"description\">\n<p data-mce-fragment=\"1\"><strong data-mce-fragment=\"1\">Descripci\u00f3n:<\/strong><\/p>\n<p>La combinaci\u00f3n de s\u00e1bila con otros \u00f3leos para obtener aceite de aloe vera es fant\u00e1stica porque a\u00fana las<span>\u00a0<\/span><strong>propiedades de la s\u00e1bila<\/strong><span>\u00a0<\/span>con las de los aceites con los que est\u00e9 mezclado. Los beneficios del aloe vera son numerosos y por eso pueden ser una buena ayuda contra:<\/p>\n<ul>\n<li>Acn\u00e9<\/li>\n<li>Manchas en la piel<\/li>\n<li>Dermatitis<\/li>\n<li>Re\u00fama, artritis y artrosis<\/li>\n<li>Eczema y psoriaris<\/li>\n<li>Picaduras de insectos<\/li>\n<li>Estr\u00edas<\/li>\n<li>Piernas cansadas<\/li>\n<li>\u00dalceras<\/li>\n<li>Gastritis<\/li>\n<li>Indigestiones<\/li>\n<li>Cuidado del pelo y el cuero cabelludo<\/li>\n<\/ul>\n<p data-mce-fragment=\"1\"><strong data-mce-fragment=\"1\">Modo de uso:<\/strong><\/p>\n<p data-mce-fragment=\"1\">Libre.<\/p>\n<p data-mce-fragment=\"1\"><strong data-mce-fragment=\"1\">Contenido:<\/strong><\/p>\n<p data-mce-fragment=\"1\">120 ml.<\/p>\n<\/div>\n<\/div>\n<\/div>\n<\/div>\n<\/div>\n<\/div>\n<\/div>\n<div id=\"shopify-section-product-recommendations\" class=\"shopify-section\" data-mce-fragment=\"1\">\n<hr class=\"hr--clear hr--small\" data-mce-fragment=\"1\"><\/div>\n","protected":false},"excerpt":{"rendered":"<p>Descripci\u00f3n: La combinaci\u00f3n de s\u00e1bila con otros \u00f3leos para obtener aceite de aloe vera es fant\u00e1stica porque a\u00fana las\u00a0propiedades de la s\u00e1bila\u00a0con las de los aceites con los que est\u00e9 [&hellip;]<\/p>\n","protected":false},"featured_media":832,"comment_status":"open","ping_status":"closed","template":"","meta":[],"product_brand":[],"product_cat":[281,289,337,318],"product_tag":[],"class_list":{"0":"post-5028","1":"product","2":"type-product","3":"status-publish","4":"has-post-thumbnail","6":"product_cat-aceites-para-la-piel","7":"product_cat-belleza","8":"product_cat-productos","9":"product_cat-salud","11":"first","12":"outofstock","13":"shipping-taxable","14":"purchasable","15":"product-type-simple"},"_links":{"self":[{"href":"https:\/\/modest-napier.216-250-124-103.plesk.page\/index.php\/wp-json\/wp\/v2\/product\/5028","targetHints":{"allow":["GET"]}}],"collection":[{"href":"https:\/\/modest-napier.216-250-124-103.plesk.page\/index.php\/wp-json\/wp\/v2\/product"}],"about":[{"href":"https:\/\/modest-napier.216-250-124-103.plesk.page\/index.php\/wp-json\/wp\/v2\/types\/product"}],"replies":[{"embeddable":true,"href":"https:\/\/modest-napier.216-250-124-103.plesk.page\/index.php\/wp-json\/wp\/v2\/comments?post=5028"}],"wp:featuredmedia":[{"embeddable":true,"href":"https:\/\/modest-napier.216-250-124-103.plesk.page\/index.php\/wp-json\/wp\/v2\/media\/832"}],"wp:attachment":[{"href":"https:\/\/modest-napier.216-250-124-103.plesk.page\/index.php\/wp-json\/wp\/v2\/media?parent=5028"}],"wp:term":[{"taxonomy":"product_brand","embeddable":true,"href":"https:\/\/modest-napier.216-250-124-103.plesk.page\/index.php\/wp-json\/wp\/v2\/product_brand?post=5028"},{"taxonomy":"product_cat","embeddable":true,"href":"https:\/\/modest-napier.216-250-124-103.plesk.page\/index.php\/wp-json\/wp\/v2\/product_cat?post=5028"},{"taxonomy":"product_tag","embeddable":true,"href":"https:\/\/modest-napier.216-250-124-103.plesk.page\/index.php\/wp-json\/wp\/v2\/product_tag?post=5028"}],"curies":[{"name":"wp","href":"https:\/\/api.w.org\/{rel}","templated":true}]}}