{"id":5032,"date":"2025-09-24T19:26:22","date_gmt":"2025-09-24T19:26:22","guid":{"rendered":"https:\/\/modest-napier.216-250-124-103.plesk.page\/index.php\/producto\/aceite-de-vibora-con-arnica-120ml-del-roble\/"},"modified":"2025-09-24T20:46:51","modified_gmt":"2025-09-24T20:46:51","slug":"aceite-de-vibora-con-arnica-120ml-el-roble","status":"publish","type":"product","link":"https:\/\/modest-napier.216-250-124-103.plesk.page\/index.php\/producto\/aceite-de-vibora-con-arnica-120ml-el-roble\/","title":{"rendered":"Aceite de V\u00edbora con \u00c1rnica 120 ml Del Roble"},"content":{"rendered":"<p data-mce-fragment=\"1\"><strong data-mce-fragment=\"1\">Descripci\u00f3n:<\/strong><\/p>\n<p data-mce-fragment=\"1\"><span>El aceite de v\u00edbora con \u00e1rnica est\u00e1 recomendado\u00a0<\/span>para<span>\u00a0tratar golpes, dolores musculares, inflamaci\u00f3n, hematomas y enfriamientos. Descongestiona los m\u00fasculos y suaviza los tendones. Forma de aplicaci\u00f3n: Aplicar ya sea en forma de masaje en cuerpo.<\/span><\/p>\n<p data-mce-fragment=\"1\"><strong data-mce-fragment=\"1\">Modo de uso:<\/strong><\/p>\n<p data-mce-fragment=\"1\">Libre.<\/p>\n<p data-mce-fragment=\"1\"><strong data-mce-fragment=\"1\">Contenido:<\/strong><\/p>\n<p data-mce-fragment=\"1\">120 ml.<\/p>\n","protected":false},"excerpt":{"rendered":"<p>Descripci\u00f3n: El aceite de v\u00edbora con \u00e1rnica est\u00e1 recomendado\u00a0para\u00a0tratar golpes, dolores musculares, inflamaci\u00f3n, hematomas y enfriamientos. Descongestiona los m\u00fasculos y suaviza los tendones. Forma de aplicaci\u00f3n: Aplicar ya sea en [&hellip;]<\/p>\n","protected":false},"featured_media":876,"comment_status":"open","ping_status":"closed","template":"","meta":[],"product_brand":[417],"product_cat":[282,337,318],"product_tag":[28,63],"class_list":{"0":"post-5032","1":"product","2":"type-product","3":"status-publish","4":"has-post-thumbnail","6":"product_brand-del-roble","7":"product_cat-aceites-para-la-salud","8":"product_cat-productos","9":"product_cat-salud","10":"product_tag-arnica","11":"product_tag-vibora","13":"first","14":"instock","15":"shipping-taxable","16":"purchasable","17":"product-type-simple"},"_links":{"self":[{"href":"https:\/\/modest-napier.216-250-124-103.plesk.page\/index.php\/wp-json\/wp\/v2\/product\/5032","targetHints":{"allow":["GET"]}}],"collection":[{"href":"https:\/\/modest-napier.216-250-124-103.plesk.page\/index.php\/wp-json\/wp\/v2\/product"}],"about":[{"href":"https:\/\/modest-napier.216-250-124-103.plesk.page\/index.php\/wp-json\/wp\/v2\/types\/product"}],"replies":[{"embeddable":true,"href":"https:\/\/modest-napier.216-250-124-103.plesk.page\/index.php\/wp-json\/wp\/v2\/comments?post=5032"}],"wp:featuredmedia":[{"embeddable":true,"href":"https:\/\/modest-napier.216-250-124-103.plesk.page\/index.php\/wp-json\/wp\/v2\/media\/876"}],"wp:attachment":[{"href":"https:\/\/modest-napier.216-250-124-103.plesk.page\/index.php\/wp-json\/wp\/v2\/media?parent=5032"}],"wp:term":[{"taxonomy":"product_brand","embeddable":true,"href":"https:\/\/modest-napier.216-250-124-103.plesk.page\/index.php\/wp-json\/wp\/v2\/product_brand?post=5032"},{"taxonomy":"product_cat","embeddable":true,"href":"https:\/\/modest-napier.216-250-124-103.plesk.page\/index.php\/wp-json\/wp\/v2\/product_cat?post=5032"},{"taxonomy":"product_tag","embeddable":true,"href":"https:\/\/modest-napier.216-250-124-103.plesk.page\/index.php\/wp-json\/wp\/v2\/product_tag?post=5032"}],"curies":[{"name":"wp","href":"https:\/\/api.w.org\/{rel}","templated":true}]}}