{"id":5037,"date":"2025-09-24T19:26:27","date_gmt":"2025-09-24T19:26:27","guid":{"rendered":"https:\/\/modest-napier.216-250-124-103.plesk.page\/index.php\/producto\/aceite-eucalipto-c-120-ml-la-palomaeliminado\/"},"modified":"2025-09-24T19:26:29","modified_gmt":"2025-09-24T19:26:29","slug":"aceite-eucalipto-c-120-ml-la-palomaeliminado","status":"publish","type":"product","link":"https:\/\/modest-napier.216-250-124-103.plesk.page\/index.php\/producto\/aceite-eucalipto-c-120-ml-la-palomaeliminado\/","title":{"rendered":"ACEITE EUCALIPTO C\/120 ML LA PALOMA(ELIMINADO)"},"content":{"rendered":"<p data-mce-fragment=\"1\"><strong data-mce-fragment=\"1\">Descripci\u00f3n:<\/strong><\/p>\n<ul>\n<li>\n<strong>Tiene virtudes respiratorias<\/strong>. Posee la enorme capacidad de actuar como un bals\u00e1mico y un expectorante para atender afecciones de las v\u00edas respiratorias.<\/li>\n<li>\n<strong>Posee dones para la higiene personal<\/strong>. Su poder antis\u00e9ptico y su agradable aroma lo convierten en un asiduo ingrediente de productos cosm\u00e9ticos y para la salud de la piel.<\/li>\n<li>\n<strong>Para tener un cabello m\u00e1s hermoso<\/strong>. Se afirma que el aceite de eucalipto posee la capacidad de eliminar la resequedad en el pelo, y debido a sus caracter\u00edsticas antif\u00fangicas, que repele la proliferaci\u00f3n de hongos, hace que el cabello luzca m\u00e1s sano.<\/li>\n<\/ul>\n<p data-mce-fragment=\"1\"><strong data-mce-fragment=\"1\">Modo de uso:<\/strong><\/p>\n<p data-mce-fragment=\"1\">Libre.<\/p>\n<p data-mce-fragment=\"1\"><strong data-mce-fragment=\"1\">Contenido:<\/strong><\/p>\n<p data-mce-fragment=\"1\">120 ml.<\/p>\n","protected":false},"excerpt":{"rendered":"<p>Descripci\u00f3n: Tiene virtudes respiratorias. Posee la enorme capacidad de actuar como un bals\u00e1mico y un expectorante para atender afecciones de las v\u00edas respiratorias. Posee dones para la higiene personal. Su [&hellip;]<\/p>\n","protected":false},"featured_media":903,"comment_status":"open","ping_status":"closed","template":"","meta":[],"product_brand":[],"product_cat":[283,289,337,318],"product_tag":[],"class_list":{"0":"post-5037","1":"product","2":"type-product","3":"status-publish","4":"has-post-thumbnail","6":"product_cat-aceites-para-masajes","7":"product_cat-belleza","8":"product_cat-productos","9":"product_cat-salud","11":"first","12":"outofstock","13":"shipping-taxable","14":"purchasable","15":"product-type-simple"},"_links":{"self":[{"href":"https:\/\/modest-napier.216-250-124-103.plesk.page\/index.php\/wp-json\/wp\/v2\/product\/5037","targetHints":{"allow":["GET"]}}],"collection":[{"href":"https:\/\/modest-napier.216-250-124-103.plesk.page\/index.php\/wp-json\/wp\/v2\/product"}],"about":[{"href":"https:\/\/modest-napier.216-250-124-103.plesk.page\/index.php\/wp-json\/wp\/v2\/types\/product"}],"replies":[{"embeddable":true,"href":"https:\/\/modest-napier.216-250-124-103.plesk.page\/index.php\/wp-json\/wp\/v2\/comments?post=5037"}],"wp:featuredmedia":[{"embeddable":true,"href":"https:\/\/modest-napier.216-250-124-103.plesk.page\/index.php\/wp-json\/wp\/v2\/media\/903"}],"wp:attachment":[{"href":"https:\/\/modest-napier.216-250-124-103.plesk.page\/index.php\/wp-json\/wp\/v2\/media?parent=5037"}],"wp:term":[{"taxonomy":"product_brand","embeddable":true,"href":"https:\/\/modest-napier.216-250-124-103.plesk.page\/index.php\/wp-json\/wp\/v2\/product_brand?post=5037"},{"taxonomy":"product_cat","embeddable":true,"href":"https:\/\/modest-napier.216-250-124-103.plesk.page\/index.php\/wp-json\/wp\/v2\/product_cat?post=5037"},{"taxonomy":"product_tag","embeddable":true,"href":"https:\/\/modest-napier.216-250-124-103.plesk.page\/index.php\/wp-json\/wp\/v2\/product_tag?post=5037"}],"curies":[{"name":"wp","href":"https:\/\/api.w.org\/{rel}","templated":true}]}}