{"id":5039,"date":"2025-09-24T19:26:30","date_gmt":"2025-09-24T19:26:30","guid":{"rendered":"https:\/\/modest-napier.216-250-124-103.plesk.page\/index.php\/producto\/aceite-hueso-de-mamey-c-120ml-shanaturals\/"},"modified":"2025-09-24T20:43:59","modified_gmt":"2025-09-24T20:43:59","slug":"aceite-hueso-de-mamey-c-120ml-shanaturals","status":"publish","type":"product","link":"https:\/\/modest-napier.216-250-124-103.plesk.page\/index.php\/producto\/aceite-hueso-de-mamey-c-120ml-shanaturals\/","title":{"rendered":"Aceite de hueso de mamey de 120ml Shanatural&#8217;s"},"content":{"rendered":"<p><strong>Descripci\u00f3n:\u00a0<\/strong><\/p>\n<p>El <strong>aceite de hueso de mamey<\/strong> nutre desde la ra\u00edz hasta las puntas del cabello, por lo que ayuda a detener su ca\u00edda. Es ideal para la hidrataci\u00f3n del cabello seco o quebradizo. Beneficia a evitar la resequedad del cuero cabelludo, por lo que tambi\u00e9n resulta ser un excelente auxiliar para la caspa. Se puede usar como una mascarilla capilar antes de lavar el cabello. Puede ser utilizado para el acondicionamiento y crecimiento del grosor de las cejas. En la piel, el aceite de mamey ayuda a su humectaci\u00f3n y suavidad. De igual forma funciona como un excelente desmaquillante.\u00a0<\/p>\n<p><strong> Modo de uso:\u00a0<\/strong><\/p>\n<p>Libre.<\/p>\n<p><strong>Contenido:\u00a0<\/strong><\/p>\n<p>120 ml.<\/p>\n","protected":false},"excerpt":{"rendered":"<p>Descripci\u00f3n:\u00a0 El aceite de hueso de mamey nutre desde la ra\u00edz hasta las puntas del cabello, por lo que ayuda a detener su ca\u00edda. Es ideal para la hidrataci\u00f3n del [&hellip;]<\/p>\n","protected":false},"featured_media":931,"comment_status":"open","ping_status":"closed","template":"","meta":[],"product_brand":[362],"product_cat":[280,289,337,318],"product_tag":[44],"class_list":{"0":"post-5039","1":"product","2":"type-product","3":"status-publish","4":"has-post-thumbnail","6":"product_brand-shanaturals","7":"product_cat-aceites-para-el-cabello","8":"product_cat-belleza","9":"product_cat-productos","10":"product_cat-salud","11":"product_tag-hueso-de-mamey","13":"first","14":"instock","15":"shipping-taxable","16":"purchasable","17":"product-type-simple"},"_links":{"self":[{"href":"https:\/\/modest-napier.216-250-124-103.plesk.page\/index.php\/wp-json\/wp\/v2\/product\/5039","targetHints":{"allow":["GET"]}}],"collection":[{"href":"https:\/\/modest-napier.216-250-124-103.plesk.page\/index.php\/wp-json\/wp\/v2\/product"}],"about":[{"href":"https:\/\/modest-napier.216-250-124-103.plesk.page\/index.php\/wp-json\/wp\/v2\/types\/product"}],"replies":[{"embeddable":true,"href":"https:\/\/modest-napier.216-250-124-103.plesk.page\/index.php\/wp-json\/wp\/v2\/comments?post=5039"}],"wp:featuredmedia":[{"embeddable":true,"href":"https:\/\/modest-napier.216-250-124-103.plesk.page\/index.php\/wp-json\/wp\/v2\/media\/931"}],"wp:attachment":[{"href":"https:\/\/modest-napier.216-250-124-103.plesk.page\/index.php\/wp-json\/wp\/v2\/media?parent=5039"}],"wp:term":[{"taxonomy":"product_brand","embeddable":true,"href":"https:\/\/modest-napier.216-250-124-103.plesk.page\/index.php\/wp-json\/wp\/v2\/product_brand?post=5039"},{"taxonomy":"product_cat","embeddable":true,"href":"https:\/\/modest-napier.216-250-124-103.plesk.page\/index.php\/wp-json\/wp\/v2\/product_cat?post=5039"},{"taxonomy":"product_tag","embeddable":true,"href":"https:\/\/modest-napier.216-250-124-103.plesk.page\/index.php\/wp-json\/wp\/v2\/product_tag?post=5039"}],"curies":[{"name":"wp","href":"https:\/\/api.w.org\/{rel}","templated":true}]}}