{"id":5040,"date":"2025-09-24T19:26:31","date_gmt":"2025-09-24T19:26:31","guid":{"rendered":"https:\/\/modest-napier.216-250-124-103.plesk.page\/index.php\/producto\/aceite-lavanda-c-120-ml-shanaturals\/"},"modified":"2025-09-24T20:44:24","modified_gmt":"2025-09-24T20:44:24","slug":"aceite-lavanda-c-120-ml-shanaturals","status":"publish","type":"product","link":"https:\/\/modest-napier.216-250-124-103.plesk.page\/index.php\/producto\/aceite-lavanda-c-120-ml-shanaturals\/","title":{"rendered":"Aceite de Lavanda 120 ml Shanatural&#8217;s"},"content":{"rendered":"<p data-mce-fragment=\"1\"><strong data-mce-fragment=\"1\">Descripci\u00f3n:<\/strong><\/p>\n<p data-mce-fragment=\"1\">El <strong>aceite de lavanda<\/strong> tiene propiedades antibacterianas y antimic\u00f3ticas: Est\u00e1 demostrada su capacidad para combatir virus y bacterias.\u00a0Efecto calmante, facilita el sue\u00f1o, relaja m\u00fasculos y es excelente en estados de ansiedad y estr\u00e9s. Cicatrizante de heridas y quemaduras. Mejora las picaduras de insectos. En cosm\u00e9tica se utiliza contra el acn\u00e9 y la dermatitis.Propiedades analg\u00e9sicas: Mitiga el dolor y la inflamaci\u00f3n en afecciones dermatol\u00f3gicas, musculares o contusiones.<\/p>\n<p data-mce-fragment=\"1\"><strong data-mce-fragment=\"1\">Modo de uso:<\/strong><\/p>\n<p data-mce-fragment=\"1\">Libre.<\/p>\n<p data-mce-fragment=\"1\"><strong data-mce-fragment=\"1\">Contenido:<\/strong><\/p>\n<p data-mce-fragment=\"1\">120 ml.<\/p>\n","protected":false},"excerpt":{"rendered":"<p>Descripci\u00f3n: El aceite de lavanda tiene propiedades antibacterianas y antimic\u00f3ticas: Est\u00e1 demostrada su capacidad para combatir virus y bacterias.\u00a0Efecto calmante, facilita el sue\u00f1o, relaja m\u00fasculos y es excelente en estados [&hellip;]<\/p>\n","protected":false},"featured_media":936,"comment_status":"open","ping_status":"closed","template":"","meta":[],"product_brand":[362],"product_cat":[283,289,337,318],"product_tag":[65],"class_list":{"0":"post-5040","1":"product","2":"type-product","3":"status-publish","4":"has-post-thumbnail","6":"product_brand-shanaturals","7":"product_cat-aceites-para-masajes","8":"product_cat-belleza","9":"product_cat-productos","10":"product_cat-salud","11":"product_tag-lavanda","13":"first","14":"instock","15":"shipping-taxable","16":"purchasable","17":"product-type-simple"},"_links":{"self":[{"href":"https:\/\/modest-napier.216-250-124-103.plesk.page\/index.php\/wp-json\/wp\/v2\/product\/5040","targetHints":{"allow":["GET"]}}],"collection":[{"href":"https:\/\/modest-napier.216-250-124-103.plesk.page\/index.php\/wp-json\/wp\/v2\/product"}],"about":[{"href":"https:\/\/modest-napier.216-250-124-103.plesk.page\/index.php\/wp-json\/wp\/v2\/types\/product"}],"replies":[{"embeddable":true,"href":"https:\/\/modest-napier.216-250-124-103.plesk.page\/index.php\/wp-json\/wp\/v2\/comments?post=5040"}],"wp:featuredmedia":[{"embeddable":true,"href":"https:\/\/modest-napier.216-250-124-103.plesk.page\/index.php\/wp-json\/wp\/v2\/media\/936"}],"wp:attachment":[{"href":"https:\/\/modest-napier.216-250-124-103.plesk.page\/index.php\/wp-json\/wp\/v2\/media?parent=5040"}],"wp:term":[{"taxonomy":"product_brand","embeddable":true,"href":"https:\/\/modest-napier.216-250-124-103.plesk.page\/index.php\/wp-json\/wp\/v2\/product_brand?post=5040"},{"taxonomy":"product_cat","embeddable":true,"href":"https:\/\/modest-napier.216-250-124-103.plesk.page\/index.php\/wp-json\/wp\/v2\/product_cat?post=5040"},{"taxonomy":"product_tag","embeddable":true,"href":"https:\/\/modest-napier.216-250-124-103.plesk.page\/index.php\/wp-json\/wp\/v2\/product_tag?post=5040"}],"curies":[{"name":"wp","href":"https:\/\/api.w.org\/{rel}","templated":true}]}}