{"id":5041,"date":"2025-09-24T19:26:36","date_gmt":"2025-09-24T19:26:36","guid":{"rendered":"https:\/\/modest-napier.216-250-124-103.plesk.page\/index.php\/producto\/aceite-manzanilla-c-120-ml-shanaturals\/"},"modified":"2025-09-24T20:44:34","modified_gmt":"2025-09-24T20:44:34","slug":"aceite-manzanilla-c-120-ml-shanaturals","status":"publish","type":"product","link":"https:\/\/modest-napier.216-250-124-103.plesk.page\/index.php\/producto\/aceite-manzanilla-c-120-ml-shanaturals\/","title":{"rendered":"Aceite de Manzanilla 120 ml Shanatural&#8217;s"},"content":{"rendered":"<p data-mce-fragment=\"1\"><strong data-mce-fragment=\"1\">Descripci\u00f3n:<\/strong><\/p>\n<p data-mce-fragment=\"1\"><span data-mce-fragment=\"1\">El\u00a0<\/span><strong>aceite\u00a0esencial de\u00a0manzanilla<\/strong><span data-mce-fragment=\"1\">\u00a0tiene propiedades anti inflamatorias. Tambi\u00e9n es antiespasm\u00f3dico, antibi\u00f3tico, carminativo y analg\u00e9sico. Se utiliza\u00a0<\/span>para<span data-mce-fragment=\"1\">\u00a0tratar alergias, espasmos musculares, irritaciones de la piel, infecciones causadas por bacterias y hongos cuando se ingiere, insomnio y artritis y reumatismo.<\/span><\/p>\n<p data-mce-fragment=\"1\"><strong data-mce-fragment=\"1\">Modo de uso:<\/strong><\/p>\n<p data-mce-fragment=\"1\">Libre.<\/p>\n<p data-mce-fragment=\"1\"><strong data-mce-fragment=\"1\">Contenido:<\/strong><\/p>\n<p data-mce-fragment=\"1\">120 ML.<\/p>\n","protected":false},"excerpt":{"rendered":"<p>Descripci\u00f3n: El\u00a0aceite\u00a0esencial de\u00a0manzanilla\u00a0tiene propiedades anti inflamatorias. Tambi\u00e9n es antiespasm\u00f3dico, antibi\u00f3tico, carminativo y analg\u00e9sico. Se utiliza\u00a0para\u00a0tratar alergias, espasmos musculares, irritaciones de la piel, infecciones causadas por bacterias y hongos cuando se [&hellip;]<\/p>\n","protected":false},"featured_media":948,"comment_status":"open","ping_status":"closed","template":"","meta":[],"product_brand":[362],"product_cat":[282,289,337,318],"product_tag":[47],"class_list":{"0":"post-5041","1":"product","2":"type-product","3":"status-publish","4":"has-post-thumbnail","6":"product_brand-shanaturals","7":"product_cat-aceites-para-la-salud","8":"product_cat-belleza","9":"product_cat-productos","10":"product_cat-salud","11":"product_tag-manzanilla","13":"first","14":"instock","15":"shipping-taxable","16":"purchasable","17":"product-type-simple"},"_links":{"self":[{"href":"https:\/\/modest-napier.216-250-124-103.plesk.page\/index.php\/wp-json\/wp\/v2\/product\/5041","targetHints":{"allow":["GET"]}}],"collection":[{"href":"https:\/\/modest-napier.216-250-124-103.plesk.page\/index.php\/wp-json\/wp\/v2\/product"}],"about":[{"href":"https:\/\/modest-napier.216-250-124-103.plesk.page\/index.php\/wp-json\/wp\/v2\/types\/product"}],"replies":[{"embeddable":true,"href":"https:\/\/modest-napier.216-250-124-103.plesk.page\/index.php\/wp-json\/wp\/v2\/comments?post=5041"}],"wp:featuredmedia":[{"embeddable":true,"href":"https:\/\/modest-napier.216-250-124-103.plesk.page\/index.php\/wp-json\/wp\/v2\/media\/948"}],"wp:attachment":[{"href":"https:\/\/modest-napier.216-250-124-103.plesk.page\/index.php\/wp-json\/wp\/v2\/media?parent=5041"}],"wp:term":[{"taxonomy":"product_brand","embeddable":true,"href":"https:\/\/modest-napier.216-250-124-103.plesk.page\/index.php\/wp-json\/wp\/v2\/product_brand?post=5041"},{"taxonomy":"product_cat","embeddable":true,"href":"https:\/\/modest-napier.216-250-124-103.plesk.page\/index.php\/wp-json\/wp\/v2\/product_cat?post=5041"},{"taxonomy":"product_tag","embeddable":true,"href":"https:\/\/modest-napier.216-250-124-103.plesk.page\/index.php\/wp-json\/wp\/v2\/product_tag?post=5041"}],"curies":[{"name":"wp","href":"https:\/\/api.w.org\/{rel}","templated":true}]}}