{"id":5046,"date":"2025-09-24T19:26:43","date_gmt":"2025-09-24T19:26:43","guid":{"rendered":"https:\/\/modest-napier.216-250-124-103.plesk.page\/index.php\/producto\/aceite-para-crecer-pestanas-4-en-1-c-15-ml-prosa\/"},"modified":"2025-09-24T20:46:51","modified_gmt":"2025-09-24T20:46:51","slug":"aceite-para-crecer-pestanas-4-en-1-c-15-ml-prosa","status":"publish","type":"product","link":"https:\/\/modest-napier.216-250-124-103.plesk.page\/index.php\/producto\/aceite-para-crecer-pestanas-4-en-1-c-15-ml-prosa\/","title":{"rendered":"Aceite para crecer pesta\u00f1as 4 en uno 15 ml Prosa"},"content":{"rendered":"<p data-mce-fragment=\"1\"><span>\u00a1Conoce este maravilloso aceite para crecer y alargar pesta\u00f1as de Prosa! Su f\u00f3rmula a base de 4 aceites naturales logra resultados sorprendentes. \u00dasalo como desmaquillante.<\/span><\/p>\n","protected":false},"excerpt":{"rendered":"<p>\u00a1Conoce este maravilloso aceite para crecer y alargar pesta\u00f1as de Prosa! Su f\u00f3rmula a base de 4 aceites naturales logra resultados sorprendentes. \u00dasalo como desmaquillante.<\/p>\n","protected":false},"featured_media":1000,"comment_status":"open","ping_status":"closed","template":"","meta":[],"product_brand":[475],"product_cat":[289,337],"product_tag":[67,44,66,60],"class_list":{"0":"post-5046","1":"product","2":"type-product","3":"status-publish","4":"has-post-thumbnail","6":"product_brand-prosa","7":"product_cat-belleza","8":"product_cat-productos","9":"product_tag-germen-de-trigo","10":"product_tag-hueso-de-mamey","11":"product_tag-jojoba","12":"product_tag-sabila","14":"first","15":"instock","16":"shipping-taxable","17":"purchasable","18":"product-type-simple"},"_links":{"self":[{"href":"https:\/\/modest-napier.216-250-124-103.plesk.page\/index.php\/wp-json\/wp\/v2\/product\/5046","targetHints":{"allow":["GET"]}}],"collection":[{"href":"https:\/\/modest-napier.216-250-124-103.plesk.page\/index.php\/wp-json\/wp\/v2\/product"}],"about":[{"href":"https:\/\/modest-napier.216-250-124-103.plesk.page\/index.php\/wp-json\/wp\/v2\/types\/product"}],"replies":[{"embeddable":true,"href":"https:\/\/modest-napier.216-250-124-103.plesk.page\/index.php\/wp-json\/wp\/v2\/comments?post=5046"}],"wp:featuredmedia":[{"embeddable":true,"href":"https:\/\/modest-napier.216-250-124-103.plesk.page\/index.php\/wp-json\/wp\/v2\/media\/1000"}],"wp:attachment":[{"href":"https:\/\/modest-napier.216-250-124-103.plesk.page\/index.php\/wp-json\/wp\/v2\/media?parent=5046"}],"wp:term":[{"taxonomy":"product_brand","embeddable":true,"href":"https:\/\/modest-napier.216-250-124-103.plesk.page\/index.php\/wp-json\/wp\/v2\/product_brand?post=5046"},{"taxonomy":"product_cat","embeddable":true,"href":"https:\/\/modest-napier.216-250-124-103.plesk.page\/index.php\/wp-json\/wp\/v2\/product_cat?post=5046"},{"taxonomy":"product_tag","embeddable":true,"href":"https:\/\/modest-napier.216-250-124-103.plesk.page\/index.php\/wp-json\/wp\/v2\/product_tag?post=5046"}],"curies":[{"name":"wp","href":"https:\/\/api.w.org\/{rel}","templated":true}]}}