{"id":5048,"date":"2025-09-24T19:26:45","date_gmt":"2025-09-24T19:26:45","guid":{"rendered":"https:\/\/modest-napier.216-250-124-103.plesk.page\/index.php\/producto\/aceite-roble-reforzado-150-ml-del-roble\/"},"modified":"2025-09-24T20:46:51","modified_gmt":"2025-09-24T20:46:51","slug":"aceite-roble-reforzado-150-ml-del-roble","status":"publish","type":"product","link":"https:\/\/modest-napier.216-250-124-103.plesk.page\/index.php\/producto\/aceite-roble-reforzado-150-ml-del-roble\/","title":{"rendered":"Aceite de Roble Reforzado 150 ml Del Roble"},"content":{"rendered":"<p data-mce-fragment=\"1\"><strong data-mce-fragment=\"1\">Descripci\u00f3n:<\/strong><\/p>\n<p data-mce-fragment=\"1\">El <strong>Aceite del Roble<\/strong> act\u00faa r\u00e1pidamente proporcionando una mitigante sensaci\u00f3n de calor y r\u00e1pido descanso en inflamaciones musculares. Se recomienda en casos de:<\/p>\n<ul>\n<li>Dolores musculares<\/li>\n<li>Torceduras<\/li>\n<li>Golpes<\/li>\n<li>Dolores reum\u00e1ticos<\/li>\n<li>Dolores Artr\u00edticos<\/li>\n<li>Hematomas<\/li>\n<\/ul>\n<p data-mce-fragment=\"1\"><strong data-mce-fragment=\"1\">Modo de uso:<\/strong><\/p>\n<p data-mce-fragment=\"1\"><span>Aplicar en masaje suave en la zona afectada por las noches despu\u00e9s del ba\u00f1o y puede aplicar un vendaje sencillo para conservar el calor en la zona.\u00a0<\/span><\/p>\n<p data-mce-fragment=\"1\"><strong data-mce-fragment=\"1\">Contenido:<\/strong><\/p>\n<p data-mce-fragment=\"1\">150 ml.<\/p>\n","protected":false},"excerpt":{"rendered":"<p>Descripci\u00f3n: El Aceite del Roble act\u00faa r\u00e1pidamente proporcionando una mitigante sensaci\u00f3n de calor y r\u00e1pido descanso en inflamaciones musculares. Se recomienda en casos de: Dolores musculares Torceduras Golpes Dolores reum\u00e1ticos [&hellip;]<\/p>\n","protected":false},"featured_media":1023,"comment_status":"open","ping_status":"closed","template":"","meta":[],"product_brand":[417],"product_cat":[282,337,318],"product_tag":[58],"class_list":{"0":"post-5048","1":"product","2":"type-product","3":"status-publish","4":"has-post-thumbnail","6":"product_brand-del-roble","7":"product_cat-aceites-para-la-salud","8":"product_cat-productos","9":"product_cat-salud","10":"product_tag-roble","12":"first","13":"instock","14":"shipping-taxable","15":"purchasable","16":"product-type-simple"},"_links":{"self":[{"href":"https:\/\/modest-napier.216-250-124-103.plesk.page\/index.php\/wp-json\/wp\/v2\/product\/5048","targetHints":{"allow":["GET"]}}],"collection":[{"href":"https:\/\/modest-napier.216-250-124-103.plesk.page\/index.php\/wp-json\/wp\/v2\/product"}],"about":[{"href":"https:\/\/modest-napier.216-250-124-103.plesk.page\/index.php\/wp-json\/wp\/v2\/types\/product"}],"replies":[{"embeddable":true,"href":"https:\/\/modest-napier.216-250-124-103.plesk.page\/index.php\/wp-json\/wp\/v2\/comments?post=5048"}],"wp:featuredmedia":[{"embeddable":true,"href":"https:\/\/modest-napier.216-250-124-103.plesk.page\/index.php\/wp-json\/wp\/v2\/media\/1023"}],"wp:attachment":[{"href":"https:\/\/modest-napier.216-250-124-103.plesk.page\/index.php\/wp-json\/wp\/v2\/media?parent=5048"}],"wp:term":[{"taxonomy":"product_brand","embeddable":true,"href":"https:\/\/modest-napier.216-250-124-103.plesk.page\/index.php\/wp-json\/wp\/v2\/product_brand?post=5048"},{"taxonomy":"product_cat","embeddable":true,"href":"https:\/\/modest-napier.216-250-124-103.plesk.page\/index.php\/wp-json\/wp\/v2\/product_cat?post=5048"},{"taxonomy":"product_tag","embeddable":true,"href":"https:\/\/modest-napier.216-250-124-103.plesk.page\/index.php\/wp-json\/wp\/v2\/product_tag?post=5048"}],"curies":[{"name":"wp","href":"https:\/\/api.w.org\/{rel}","templated":true}]}}