{"id":5068,"date":"2025-09-24T19:27:11","date_gmt":"2025-09-24T19:27:11","guid":{"rendered":"https:\/\/modest-napier.216-250-124-103.plesk.page\/index.php\/producto\/ajo-negro-frasco-100-gr-los-rancheros\/"},"modified":"2025-09-24T20:48:04","modified_gmt":"2025-09-24T20:48:04","slug":"ajo-negro-frasco-100-gr-los-rancheros","status":"publish","type":"product","link":"https:\/\/modest-napier.216-250-124-103.plesk.page\/index.php\/producto\/ajo-negro-frasco-100-gr-los-rancheros\/","title":{"rendered":"Diente de Ajo Negro 100 g Los Rancheros"},"content":{"rendered":"<p data-mce-fragment=\"1\"><span data-mce-fragment=\"1\">El\u00a0<strong>ajo negro<\/strong> es\u00a0antis\u00e9ptico, antibi\u00f3tico, diur\u00e9tico, digestivo y expectorante. Regula la presi\u00f3n arterial por su efecto hipo-tensor, por lo\u00a0<\/span>que<span data-mce-fragment=\"1\"> es recomendable para personas con presi\u00f3n alta.<\/span><strong data-mce-fragment=\"1\"><\/strong><\/p>\n","protected":false},"excerpt":{"rendered":"<p>El\u00a0ajo negro es\u00a0antis\u00e9ptico, antibi\u00f3tico, diur\u00e9tico, digestivo y expectorante. Regula la presi\u00f3n arterial por su efecto hipo-tensor, por lo\u00a0que es recomendable para personas con presi\u00f3n alta.<\/p>\n","protected":false},"featured_media":1216,"comment_status":"open","ping_status":"closed","template":"","meta":[],"product_brand":[435],"product_cat":[285,308,337,318],"product_tag":[75],"class_list":{"0":"post-5068","1":"product","2":"type-product","3":"status-publish","4":"has-post-thumbnail","6":"product_brand-los-rancheros","7":"product_cat-ajo-negro","8":"product_cat-nutricion","9":"product_cat-productos","10":"product_cat-salud","11":"product_tag-ajo-negro","13":"first","14":"outofstock","15":"shipping-taxable","16":"purchasable","17":"product-type-simple"},"_links":{"self":[{"href":"https:\/\/modest-napier.216-250-124-103.plesk.page\/index.php\/wp-json\/wp\/v2\/product\/5068","targetHints":{"allow":["GET"]}}],"collection":[{"href":"https:\/\/modest-napier.216-250-124-103.plesk.page\/index.php\/wp-json\/wp\/v2\/product"}],"about":[{"href":"https:\/\/modest-napier.216-250-124-103.plesk.page\/index.php\/wp-json\/wp\/v2\/types\/product"}],"replies":[{"embeddable":true,"href":"https:\/\/modest-napier.216-250-124-103.plesk.page\/index.php\/wp-json\/wp\/v2\/comments?post=5068"}],"wp:featuredmedia":[{"embeddable":true,"href":"https:\/\/modest-napier.216-250-124-103.plesk.page\/index.php\/wp-json\/wp\/v2\/media\/1216"}],"wp:attachment":[{"href":"https:\/\/modest-napier.216-250-124-103.plesk.page\/index.php\/wp-json\/wp\/v2\/media?parent=5068"}],"wp:term":[{"taxonomy":"product_brand","embeddable":true,"href":"https:\/\/modest-napier.216-250-124-103.plesk.page\/index.php\/wp-json\/wp\/v2\/product_brand?post=5068"},{"taxonomy":"product_cat","embeddable":true,"href":"https:\/\/modest-napier.216-250-124-103.plesk.page\/index.php\/wp-json\/wp\/v2\/product_cat?post=5068"},{"taxonomy":"product_tag","embeddable":true,"href":"https:\/\/modest-napier.216-250-124-103.plesk.page\/index.php\/wp-json\/wp\/v2\/product_tag?post=5068"}],"curies":[{"name":"wp","href":"https:\/\/api.w.org\/{rel}","templated":true}]}}