{"id":5070,"date":"2025-09-24T19:27:13","date_gmt":"2025-09-24T19:27:13","guid":{"rendered":"https:\/\/modest-napier.216-250-124-103.plesk.page\/index.php\/producto\/amp-colageno-reforzado-c-10-grupo-vital\/"},"modified":"2025-09-24T20:48:04","modified_gmt":"2025-09-24T20:48:04","slug":"amp-colageno-reforzado-c-10-grupo-vital","status":"publish","type":"product","link":"https:\/\/modest-napier.216-250-124-103.plesk.page\/index.php\/producto\/amp-colageno-reforzado-c-10-grupo-vital\/","title":{"rendered":"Col\u00e1geno Reforzado 10 ampolletas Grupo Vital"},"content":{"rendered":"<p>\u00a1Rejuvenece naturalmente con las ampolletas de col\u00e1geno reforzado! Revitalizan piel, cabello y u\u00f1as. Enriquecidas con coenzima Q10. El col\u00e1geno es una prote\u00edna esencial del cuerpo humano, que forma parte de diferentes tejidos: aporta flexibilidad, elasticidad y resistencia a la presi\u00f3n. Esta prote\u00edna es muy abundante en piel, huesos y articulaciones (ligamentos, tendones y cart\u00edlagos). Tambi\u00e9n se encuentra en la c\u00f3rnea y en las paredes de los vasos sangu\u00edneos.<\/p>\n","protected":false},"excerpt":{"rendered":"<p>\u00a1Rejuvenece naturalmente con las ampolletas de col\u00e1geno reforzado! Revitalizan piel, cabello y u\u00f1as. Enriquecidas con coenzima Q10. El col\u00e1geno es una prote\u00edna esencial del cuerpo humano, que forma parte de [&hellip;]<\/p>\n","protected":false},"featured_media":1259,"comment_status":"open","ping_status":"closed","template":"","meta":[],"product_brand":[434],"product_cat":[289,337,330],"product_tag":[76,77],"class_list":{"0":"post-5070","1":"product","2":"type-product","3":"status-publish","4":"has-post-thumbnail","6":"product_brand-grupo-vital","7":"product_cat-belleza","8":"product_cat-productos","9":"product_cat-suplementos-para-la-piel","10":"product_tag-coenzima-q10","11":"product_tag-colageno","13":"first","14":"instock","15":"shipping-taxable","16":"purchasable","17":"product-type-simple"},"_links":{"self":[{"href":"https:\/\/modest-napier.216-250-124-103.plesk.page\/index.php\/wp-json\/wp\/v2\/product\/5070","targetHints":{"allow":["GET"]}}],"collection":[{"href":"https:\/\/modest-napier.216-250-124-103.plesk.page\/index.php\/wp-json\/wp\/v2\/product"}],"about":[{"href":"https:\/\/modest-napier.216-250-124-103.plesk.page\/index.php\/wp-json\/wp\/v2\/types\/product"}],"replies":[{"embeddable":true,"href":"https:\/\/modest-napier.216-250-124-103.plesk.page\/index.php\/wp-json\/wp\/v2\/comments?post=5070"}],"wp:featuredmedia":[{"embeddable":true,"href":"https:\/\/modest-napier.216-250-124-103.plesk.page\/index.php\/wp-json\/wp\/v2\/media\/1259"}],"wp:attachment":[{"href":"https:\/\/modest-napier.216-250-124-103.plesk.page\/index.php\/wp-json\/wp\/v2\/media?parent=5070"}],"wp:term":[{"taxonomy":"product_brand","embeddable":true,"href":"https:\/\/modest-napier.216-250-124-103.plesk.page\/index.php\/wp-json\/wp\/v2\/product_brand?post=5070"},{"taxonomy":"product_cat","embeddable":true,"href":"https:\/\/modest-napier.216-250-124-103.plesk.page\/index.php\/wp-json\/wp\/v2\/product_cat?post=5070"},{"taxonomy":"product_tag","embeddable":true,"href":"https:\/\/modest-napier.216-250-124-103.plesk.page\/index.php\/wp-json\/wp\/v2\/product_tag?post=5070"}],"curies":[{"name":"wp","href":"https:\/\/api.w.org\/{rel}","templated":true}]}}