{"id":5071,"date":"2025-09-24T19:27:15","date_gmt":"2025-09-24T19:27:15","guid":{"rendered":"https:\/\/modest-napier.216-250-124-103.plesk.page\/index.php\/producto\/amp-colesterol-c-10-dragon-chino\/"},"modified":"2025-09-24T20:48:04","modified_gmt":"2025-09-24T20:48:04","slug":"amp-colesterol-c-10-dragon-chino","status":"publish","type":"product","link":"https:\/\/modest-napier.216-250-124-103.plesk.page\/index.php\/producto\/amp-colesterol-c-10-dragon-chino\/","title":{"rendered":"Colesterol 10 ampolletas Drag\u00f3n Chino"},"content":{"rendered":"<p>El\u00a0<strong>suplemento para el Colesterol<\/strong> en ampolletas promueve la salud del coraz\u00f3n, reduce la probabilidad de accidente cerebro-vascular, evita la formaci\u00f3n de placa en las arterias, permite que el cuerpo elabore vitamina D y produzca bilis, sustancia que facilita la digesti\u00f3n de los alimentos, posee propiedades antioxidantes que ayudan a eliminar las toxinas del cuerpo.<strong><\/strong><\/p>\n","protected":false},"excerpt":{"rendered":"<p>El\u00a0suplemento para el Colesterol en ampolletas promueve la salud del coraz\u00f3n, reduce la probabilidad de accidente cerebro-vascular, evita la formaci\u00f3n de placa en las arterias, permite que el cuerpo elabore [&hellip;]<\/p>\n","protected":false},"featured_media":1279,"comment_status":"open","ping_status":"closed","template":"","meta":[],"product_brand":[634],"product_cat":[337,318,319],"product_tag":[],"class_list":{"0":"post-5071","1":"product","2":"type-product","3":"status-publish","4":"has-post-thumbnail","6":"product_brand-dragon-chino","7":"product_cat-productos","8":"product_cat-salud","9":"product_cat-salud-cardiovascular","11":"first","12":"outofstock","13":"shipping-taxable","14":"purchasable","15":"product-type-simple"},"_links":{"self":[{"href":"https:\/\/modest-napier.216-250-124-103.plesk.page\/index.php\/wp-json\/wp\/v2\/product\/5071","targetHints":{"allow":["GET"]}}],"collection":[{"href":"https:\/\/modest-napier.216-250-124-103.plesk.page\/index.php\/wp-json\/wp\/v2\/product"}],"about":[{"href":"https:\/\/modest-napier.216-250-124-103.plesk.page\/index.php\/wp-json\/wp\/v2\/types\/product"}],"replies":[{"embeddable":true,"href":"https:\/\/modest-napier.216-250-124-103.plesk.page\/index.php\/wp-json\/wp\/v2\/comments?post=5071"}],"wp:featuredmedia":[{"embeddable":true,"href":"https:\/\/modest-napier.216-250-124-103.plesk.page\/index.php\/wp-json\/wp\/v2\/media\/1279"}],"wp:attachment":[{"href":"https:\/\/modest-napier.216-250-124-103.plesk.page\/index.php\/wp-json\/wp\/v2\/media?parent=5071"}],"wp:term":[{"taxonomy":"product_brand","embeddable":true,"href":"https:\/\/modest-napier.216-250-124-103.plesk.page\/index.php\/wp-json\/wp\/v2\/product_brand?post=5071"},{"taxonomy":"product_cat","embeddable":true,"href":"https:\/\/modest-napier.216-250-124-103.plesk.page\/index.php\/wp-json\/wp\/v2\/product_cat?post=5071"},{"taxonomy":"product_tag","embeddable":true,"href":"https:\/\/modest-napier.216-250-124-103.plesk.page\/index.php\/wp-json\/wp\/v2\/product_tag?post=5071"}],"curies":[{"name":"wp","href":"https:\/\/api.w.org\/{rel}","templated":true}]}}