{"id":5074,"date":"2025-09-24T19:27:19","date_gmt":"2025-09-24T19:27:19","guid":{"rendered":"https:\/\/modest-napier.216-250-124-103.plesk.page\/index.php\/producto\/amp-ginseng-roja-c-10\/"},"modified":"2025-09-24T20:46:50","modified_gmt":"2025-09-24T20:46:50","slug":"amp-ginseng-roja-c-10","status":"publish","type":"product","link":"https:\/\/modest-napier.216-250-124-103.plesk.page\/index.php\/producto\/amp-ginseng-roja-c-10\/","title":{"rendered":"Ginseng Royal Jelly 10 ampolletas Sanjing"},"content":{"rendered":"<p data-mce-fragment=\"1\">El suplemento de Ginseng es auxiliar en el tratamiento de las manifestaciones que acompa\u00f1an a los procesos de disminuci\u00f3n en la capacidad f\u00edsica, favorece el coeficiente intelectual y la memoria. Incrementa el desempe\u00f1o f\u00edsico y mental y aumenta la sensaci\u00f3n general de vitalidad.\u00a0<a href=\"https:\/\/natuzem.com\/blogs\/salud-natural\/hierbas-aumentar-libido\">El ginseng tambi\u00e9n ayuda al rendimiento sexual.<\/a><strong data-mce-fragment=\"1\"><\/strong><strong data-mce-fragment=\"1\"><\/strong><\/p>\n","protected":false},"excerpt":{"rendered":"<p>El suplemento de Ginseng es auxiliar en el tratamiento de las manifestaciones que acompa\u00f1an a los procesos de disminuci\u00f3n en la capacidad f\u00edsica, favorece el coeficiente intelectual y la memoria. [&hellip;]<\/p>\n","protected":false},"featured_media":1308,"comment_status":"open","ping_status":"closed","template":"","meta":[],"product_brand":[609],"product_cat":[290,337,318],"product_tag":[80],"class_list":{"0":"post-5074","1":"product","2":"type-product","3":"status-publish","4":"has-post-thumbnail","6":"product_brand-sanjing","7":"product_cat-cerebro-y-memoria","8":"product_cat-productos","9":"product_cat-salud","10":"product_tag-ginseng","12":"first","13":"instock","14":"shipping-taxable","15":"purchasable","16":"product-type-simple"},"_links":{"self":[{"href":"https:\/\/modest-napier.216-250-124-103.plesk.page\/index.php\/wp-json\/wp\/v2\/product\/5074","targetHints":{"allow":["GET"]}}],"collection":[{"href":"https:\/\/modest-napier.216-250-124-103.plesk.page\/index.php\/wp-json\/wp\/v2\/product"}],"about":[{"href":"https:\/\/modest-napier.216-250-124-103.plesk.page\/index.php\/wp-json\/wp\/v2\/types\/product"}],"replies":[{"embeddable":true,"href":"https:\/\/modest-napier.216-250-124-103.plesk.page\/index.php\/wp-json\/wp\/v2\/comments?post=5074"}],"wp:featuredmedia":[{"embeddable":true,"href":"https:\/\/modest-napier.216-250-124-103.plesk.page\/index.php\/wp-json\/wp\/v2\/media\/1308"}],"wp:attachment":[{"href":"https:\/\/modest-napier.216-250-124-103.plesk.page\/index.php\/wp-json\/wp\/v2\/media?parent=5074"}],"wp:term":[{"taxonomy":"product_brand","embeddable":true,"href":"https:\/\/modest-napier.216-250-124-103.plesk.page\/index.php\/wp-json\/wp\/v2\/product_brand?post=5074"},{"taxonomy":"product_cat","embeddable":true,"href":"https:\/\/modest-napier.216-250-124-103.plesk.page\/index.php\/wp-json\/wp\/v2\/product_cat?post=5074"},{"taxonomy":"product_tag","embeddable":true,"href":"https:\/\/modest-napier.216-250-124-103.plesk.page\/index.php\/wp-json\/wp\/v2\/product_tag?post=5074"}],"curies":[{"name":"wp","href":"https:\/\/api.w.org\/{rel}","templated":true}]}}