{"id":5075,"date":"2025-09-24T19:27:20","date_gmt":"2025-09-24T19:27:20","guid":{"rendered":"https:\/\/modest-napier.216-250-124-103.plesk.page\/index.php\/producto\/amp-ginseng-verde-c-10-super-mayoreo\/"},"modified":"2025-09-24T20:48:04","modified_gmt":"2025-09-24T20:48:04","slug":"amp-ginseng-verde-c-10-super-mayoreo","status":"publish","type":"product","link":"https:\/\/modest-napier.216-250-124-103.plesk.page\/index.php\/producto\/amp-ginseng-verde-c-10-super-mayoreo\/","title":{"rendered":"Ginseng Sanjing Panax Elixir 10 ampolletas"},"content":{"rendered":"<p data-mce-fragment=\"1\">El\u00a0<strong>suplemento de ginseng<\/strong> es conocido por su capacidad para estimular la memoria, reducir la fatiga temporal, mejorar la energ\u00eda f\u00edsica y mental, calmar la inflamaci\u00f3n, reducir el estr\u00e9s y prevenir el envejecimiento.<strong><\/strong><\/p>\n","protected":false},"excerpt":{"rendered":"<p>El\u00a0suplemento de ginseng es conocido por su capacidad para estimular la memoria, reducir la fatiga temporal, mejorar la energ\u00eda f\u00edsica y mental, calmar la inflamaci\u00f3n, reducir el estr\u00e9s y prevenir [&hellip;]<\/p>\n","protected":false},"featured_media":1322,"comment_status":"open","ping_status":"closed","template":"","meta":[],"product_brand":[609],"product_cat":[290,337,318],"product_tag":[80],"class_list":{"0":"post-5075","1":"product","2":"type-product","3":"status-publish","4":"has-post-thumbnail","6":"product_brand-sanjing","7":"product_cat-cerebro-y-memoria","8":"product_cat-productos","9":"product_cat-salud","10":"product_tag-ginseng","12":"first","13":"instock","14":"shipping-taxable","15":"purchasable","16":"product-type-simple"},"_links":{"self":[{"href":"https:\/\/modest-napier.216-250-124-103.plesk.page\/index.php\/wp-json\/wp\/v2\/product\/5075","targetHints":{"allow":["GET"]}}],"collection":[{"href":"https:\/\/modest-napier.216-250-124-103.plesk.page\/index.php\/wp-json\/wp\/v2\/product"}],"about":[{"href":"https:\/\/modest-napier.216-250-124-103.plesk.page\/index.php\/wp-json\/wp\/v2\/types\/product"}],"replies":[{"embeddable":true,"href":"https:\/\/modest-napier.216-250-124-103.plesk.page\/index.php\/wp-json\/wp\/v2\/comments?post=5075"}],"wp:featuredmedia":[{"embeddable":true,"href":"https:\/\/modest-napier.216-250-124-103.plesk.page\/index.php\/wp-json\/wp\/v2\/media\/1322"}],"wp:attachment":[{"href":"https:\/\/modest-napier.216-250-124-103.plesk.page\/index.php\/wp-json\/wp\/v2\/media?parent=5075"}],"wp:term":[{"taxonomy":"product_brand","embeddable":true,"href":"https:\/\/modest-napier.216-250-124-103.plesk.page\/index.php\/wp-json\/wp\/v2\/product_brand?post=5075"},{"taxonomy":"product_cat","embeddable":true,"href":"https:\/\/modest-napier.216-250-124-103.plesk.page\/index.php\/wp-json\/wp\/v2\/product_cat?post=5075"},{"taxonomy":"product_tag","embeddable":true,"href":"https:\/\/modest-napier.216-250-124-103.plesk.page\/index.php\/wp-json\/wp\/v2\/product_tag?post=5075"}],"curies":[{"name":"wp","href":"https:\/\/api.w.org\/{rel}","templated":true}]}}