{"id":5077,"date":"2025-09-24T19:27:23","date_gmt":"2025-09-24T19:27:23","guid":{"rendered":"https:\/\/modest-napier.216-250-124-103.plesk.page\/index.php\/producto\/amp-progyl-30-c-5-keep-natural\/"},"modified":"2025-09-24T20:46:50","modified_gmt":"2025-09-24T20:46:50","slug":"amp-progyl-30-c-5-keep-natural","status":"publish","type":"product","link":"https:\/\/modest-napier.216-250-124-103.plesk.page\/index.php\/producto\/amp-progyl-30-c-5-keep-natural\/","title":{"rendered":"Progyl 30 5 ampolletas Keep Natural"},"content":{"rendered":"<p data-mce-fragment=\"1\"><strong data-mce-fragment=\"1\">Descripci\u00f3n:<\/strong><\/p>\n<p data-mce-fragment=\"1\"><span>La soluci\u00f3n\u00a0<strong>Progyl30 <\/strong>es antiviral, antiinflamatorio, analg\u00e9sico, disminuye la congesti\u00f3n\u00a0nasal y la tos.<\/span><\/p>\n<p data-mce-fragment=\"1\"><strong>Ingredientes:\u00a0<\/strong><\/p>\n<p data-mce-fragment=\"1\"><span>Vitamina A, Vitamina C, Vitamina D, Miel de abeja, Prop\u00f3leo, Gordolobo<\/span><\/p>\n<p data-mce-fragment=\"1\"><strong data-mce-fragment=\"1\">Modo de uso:<\/strong><\/p>\n<p data-mce-fragment=\"1\"><span>Tomar \u00fanicamente el contenido de 1 ampolleta al d\u00eda antes del desayuno con agua o jugo de su preferencia, agite ligeramente y b\u00e9balo.<\/span><\/p>\n<p data-mce-fragment=\"1\"><strong data-mce-fragment=\"1\">Contenido:<\/strong><\/p>\n<p data-mce-fragment=\"1\">5 ampolletas con 5ml c\/u.<\/p>\n","protected":false},"excerpt":{"rendered":"<p>Descripci\u00f3n: La soluci\u00f3n\u00a0Progyl30 es antiviral, antiinflamatorio, analg\u00e9sico, disminuye la congesti\u00f3n\u00a0nasal y la tos. Ingredientes:\u00a0 Vitamina A, Vitamina C, Vitamina D, Miel de abeja, Prop\u00f3leo, Gordolobo Modo de uso: Tomar \u00fanicamente [&hellip;]<\/p>\n","protected":false},"featured_media":1370,"comment_status":"open","ping_status":"closed","template":"","meta":[],"product_brand":[379],"product_cat":[337,318,327],"product_tag":[82,83,84,85,86,87],"class_list":{"0":"post-5077","1":"product","2":"type-product","3":"status-publish","4":"has-post-thumbnail","6":"product_brand-keep-natural","7":"product_cat-productos","8":"product_cat-salud","9":"product_cat-sistema-respiratorio","10":"product_tag-gordolobo","11":"product_tag-miel-de-abeja","12":"product_tag-propoleo","13":"product_tag-vitamina-a","14":"product_tag-vitamina-c","15":"product_tag-vitamina-d","17":"first","18":"outofstock","19":"shipping-taxable","20":"purchasable","21":"product-type-simple"},"_links":{"self":[{"href":"https:\/\/modest-napier.216-250-124-103.plesk.page\/index.php\/wp-json\/wp\/v2\/product\/5077","targetHints":{"allow":["GET"]}}],"collection":[{"href":"https:\/\/modest-napier.216-250-124-103.plesk.page\/index.php\/wp-json\/wp\/v2\/product"}],"about":[{"href":"https:\/\/modest-napier.216-250-124-103.plesk.page\/index.php\/wp-json\/wp\/v2\/types\/product"}],"replies":[{"embeddable":true,"href":"https:\/\/modest-napier.216-250-124-103.plesk.page\/index.php\/wp-json\/wp\/v2\/comments?post=5077"}],"wp:featuredmedia":[{"embeddable":true,"href":"https:\/\/modest-napier.216-250-124-103.plesk.page\/index.php\/wp-json\/wp\/v2\/media\/1370"}],"wp:attachment":[{"href":"https:\/\/modest-napier.216-250-124-103.plesk.page\/index.php\/wp-json\/wp\/v2\/media?parent=5077"}],"wp:term":[{"taxonomy":"product_brand","embeddable":true,"href":"https:\/\/modest-napier.216-250-124-103.plesk.page\/index.php\/wp-json\/wp\/v2\/product_brand?post=5077"},{"taxonomy":"product_cat","embeddable":true,"href":"https:\/\/modest-napier.216-250-124-103.plesk.page\/index.php\/wp-json\/wp\/v2\/product_cat?post=5077"},{"taxonomy":"product_tag","embeddable":true,"href":"https:\/\/modest-napier.216-250-124-103.plesk.page\/index.php\/wp-json\/wp\/v2\/product_tag?post=5077"}],"curies":[{"name":"wp","href":"https:\/\/api.w.org\/{rel}","templated":true}]}}