{"id":5078,"date":"2025-09-24T19:27:24","date_gmt":"2025-09-24T19:27:24","guid":{"rendered":"https:\/\/modest-napier.216-250-124-103.plesk.page\/index.php\/producto\/amp-progyl-30-vitamina-acd-c-1-keep-natural-eliminado\/"},"modified":"2025-09-24T19:27:25","modified_gmt":"2025-09-24T19:27:25","slug":"amp-progyl-30-vitamina-acd-c-1-keep-natural-eliminado","status":"publish","type":"product","link":"https:\/\/modest-napier.216-250-124-103.plesk.page\/index.php\/producto\/amp-progyl-30-vitamina-acd-c-1-keep-natural-eliminado\/","title":{"rendered":"AMP PROGYL 30 VITAMINA A,C,D C\/1 KEEP NATURAL (ELIMINADO)"},"content":{"rendered":"<p data-mce-fragment=\"1\"><strong data-mce-fragment=\"1\">Descripci\u00f3n:<\/strong><\/p>\n<p data-mce-fragment=\"1\"><span>Refuerza el sistema inmunol\u00f3gico, Espec\u00edficamente\u00a0las v\u00edas\u00a0respiratorias superiores (Fosa nasal, laringe, faringe, Epiglotis) e inferiores. (Tr\u00e1quea, bronquios, pulmones). Auxiliar en el tratamiento de la gripe com\u00fan, antiviral, antiinflamatorio, analg\u00e9sico, disminuye la congesti\u00f3n\u00a0nasal y la tos.<\/span><\/p>\n<p data-mce-fragment=\"1\"><strong data-mce-fragment=\"1\">Modo de uso:<\/strong><\/p>\n<p data-mce-fragment=\"1\"><span>Tomar \u00fanicamente\u00a0una ampolleta al d\u00eda\u00a0antes del desayuno con agua o jugo de su preferencia, ag\u00edtelo\u00a0ligeramente y b\u00e9balo.<\/span><\/p>\n<p data-mce-fragment=\"1\"><strong data-mce-fragment=\"1\">Contenido:<\/strong><\/p>\n<p data-mce-fragment=\"1\">1 Ampolleta con 5ml\u00a0<\/p>\n","protected":false},"excerpt":{"rendered":"<p>Descripci\u00f3n: Refuerza el sistema inmunol\u00f3gico, Espec\u00edficamente\u00a0las v\u00edas\u00a0respiratorias superiores (Fosa nasal, laringe, faringe, Epiglotis) e inferiores. (Tr\u00e1quea, bronquios, pulmones). Auxiliar en el tratamiento de la gripe com\u00fan, antiviral, antiinflamatorio, analg\u00e9sico, disminuye [&hellip;]<\/p>\n","protected":false},"featured_media":1390,"comment_status":"open","ping_status":"closed","template":"","meta":[],"product_brand":[],"product_cat":[337,318],"product_tag":[],"class_list":{"0":"post-5078","1":"product","2":"type-product","3":"status-publish","4":"has-post-thumbnail","6":"product_cat-productos","7":"product_cat-salud","9":"first","10":"outofstock","11":"shipping-taxable","12":"purchasable","13":"product-type-simple"},"_links":{"self":[{"href":"https:\/\/modest-napier.216-250-124-103.plesk.page\/index.php\/wp-json\/wp\/v2\/product\/5078","targetHints":{"allow":["GET"]}}],"collection":[{"href":"https:\/\/modest-napier.216-250-124-103.plesk.page\/index.php\/wp-json\/wp\/v2\/product"}],"about":[{"href":"https:\/\/modest-napier.216-250-124-103.plesk.page\/index.php\/wp-json\/wp\/v2\/types\/product"}],"replies":[{"embeddable":true,"href":"https:\/\/modest-napier.216-250-124-103.plesk.page\/index.php\/wp-json\/wp\/v2\/comments?post=5078"}],"wp:featuredmedia":[{"embeddable":true,"href":"https:\/\/modest-napier.216-250-124-103.plesk.page\/index.php\/wp-json\/wp\/v2\/media\/1390"}],"wp:attachment":[{"href":"https:\/\/modest-napier.216-250-124-103.plesk.page\/index.php\/wp-json\/wp\/v2\/media?parent=5078"}],"wp:term":[{"taxonomy":"product_brand","embeddable":true,"href":"https:\/\/modest-napier.216-250-124-103.plesk.page\/index.php\/wp-json\/wp\/v2\/product_brand?post=5078"},{"taxonomy":"product_cat","embeddable":true,"href":"https:\/\/modest-napier.216-250-124-103.plesk.page\/index.php\/wp-json\/wp\/v2\/product_cat?post=5078"},{"taxonomy":"product_tag","embeddable":true,"href":"https:\/\/modest-napier.216-250-124-103.plesk.page\/index.php\/wp-json\/wp\/v2\/product_tag?post=5078"}],"curies":[{"name":"wp","href":"https:\/\/api.w.org\/{rel}","templated":true}]}}