{"id":5080,"date":"2025-09-24T19:27:26","date_gmt":"2025-09-24T19:27:26","guid":{"rendered":"https:\/\/modest-napier.216-250-124-103.plesk.page\/index.php\/producto\/amp-sangre-huesos-ojos-3-en-1-c-10-pacifico-eliminado\/"},"modified":"2025-09-24T19:27:27","modified_gmt":"2025-09-24T19:27:27","slug":"amp-sangre-huesos-ojos-3-en-1-c-10-pacifico-eliminado","status":"publish","type":"product","link":"https:\/\/modest-napier.216-250-124-103.plesk.page\/index.php\/producto\/amp-sangre-huesos-ojos-3-en-1-c-10-pacifico-eliminado\/","title":{"rendered":"AMP SANGRE HUESOS OJOS 3 EN 1 C\/10 PACIFICO (ELIMINADO)"},"content":{"rendered":"<p data-mce-fragment=\"1\"><strong data-mce-fragment=\"1\">Descripci\u00f3n:<\/strong><\/p>\n<p>Entre sus otros beneficios, los suplementos multivitam\u00ednicos nos ayudan en la recuperaci\u00f3n muscular, combaten la sensaci\u00f3n de fatiga, mejoran el sistema inmurol\u00f3gico, etc. Los micro-nutrientes m\u00e1s importantes para los deportistas y atletas son las vitaminas del grupo B, as\u00ed como las vitaminas A, C, D y E.<\/p>\n<p><strong>Modo de uso:<\/strong><\/p>\n<p>Tomar 1 microbotella al d\u00eda, con jugo, agua o sola.<\/p>\n<p><strong>Contenido:<\/strong><\/p>\n<p>10 Microbotellas de 20 ml c\/u.<\/p>\n<p>\u00a0<\/p>\n","protected":false},"excerpt":{"rendered":"<p>Descripci\u00f3n: Entre sus otros beneficios, los suplementos multivitam\u00ednicos nos ayudan en la recuperaci\u00f3n muscular, combaten la sensaci\u00f3n de fatiga, mejoran el sistema inmurol\u00f3gico, etc. Los micro-nutrientes m\u00e1s importantes para los [&hellip;]<\/p>\n","protected":false},"featured_media":1413,"comment_status":"open","ping_status":"closed","template":"","meta":[],"product_brand":[],"product_cat":[337,318],"product_tag":[],"class_list":{"0":"post-5080","1":"product","2":"type-product","3":"status-publish","4":"has-post-thumbnail","6":"product_cat-productos","7":"product_cat-salud","9":"first","10":"outofstock","11":"shipping-taxable","12":"purchasable","13":"product-type-simple"},"_links":{"self":[{"href":"https:\/\/modest-napier.216-250-124-103.plesk.page\/index.php\/wp-json\/wp\/v2\/product\/5080","targetHints":{"allow":["GET"]}}],"collection":[{"href":"https:\/\/modest-napier.216-250-124-103.plesk.page\/index.php\/wp-json\/wp\/v2\/product"}],"about":[{"href":"https:\/\/modest-napier.216-250-124-103.plesk.page\/index.php\/wp-json\/wp\/v2\/types\/product"}],"replies":[{"embeddable":true,"href":"https:\/\/modest-napier.216-250-124-103.plesk.page\/index.php\/wp-json\/wp\/v2\/comments?post=5080"}],"wp:featuredmedia":[{"embeddable":true,"href":"https:\/\/modest-napier.216-250-124-103.plesk.page\/index.php\/wp-json\/wp\/v2\/media\/1413"}],"wp:attachment":[{"href":"https:\/\/modest-napier.216-250-124-103.plesk.page\/index.php\/wp-json\/wp\/v2\/media?parent=5080"}],"wp:term":[{"taxonomy":"product_brand","embeddable":true,"href":"https:\/\/modest-napier.216-250-124-103.plesk.page\/index.php\/wp-json\/wp\/v2\/product_brand?post=5080"},{"taxonomy":"product_cat","embeddable":true,"href":"https:\/\/modest-napier.216-250-124-103.plesk.page\/index.php\/wp-json\/wp\/v2\/product_cat?post=5080"},{"taxonomy":"product_tag","embeddable":true,"href":"https:\/\/modest-napier.216-250-124-103.plesk.page\/index.php\/wp-json\/wp\/v2\/product_tag?post=5080"}],"curies":[{"name":"wp","href":"https:\/\/api.w.org\/{rel}","templated":true}]}}