{"id":5081,"date":"2025-09-24T19:27:28","date_gmt":"2025-09-24T19:27:28","guid":{"rendered":"https:\/\/modest-napier.216-250-124-103.plesk.page\/index.php\/producto\/amp-testiton-extra-fuerte-c-10-de-15-ml-the-king\/"},"modified":"2025-09-24T20:46:58","modified_gmt":"2025-09-24T20:46:58","slug":"amp-testiton-extra-fuerte-c-10-de-15-ml-herbomex","status":"publish","type":"product","link":"https:\/\/modest-napier.216-250-124-103.plesk.page\/index.php\/producto\/amp-testiton-extra-fuerte-c-10-de-15-ml-herbomex\/","title":{"rendered":"Testit\u00f3n Extra Fuerte 10 ampolletas The King"},"content":{"rendered":"<p>El suplemento\u00a0<strong>Testit\u00f3n<\/strong> en su presentaci\u00f3n de ampolletas ofrece los siguientes beneficios:<\/p>\n<ul>\n<li><span style=\"color: #362921;\">Aumenta el deseo sexual.<\/span><\/li>\n<li><span style=\"color: #362921;\">Disminuye la eyaculaci\u00f3n precoz.<\/span><\/li>\n<li><span style=\"color: #362921;\">Disminuye el estr\u00e9s aumentando la virilidad del hombre.<\/span><\/li>\n<li><span style=\"color: #362921;\">Disminuye el cansancio y el nerviosismo aumentando el deseo sexual.<\/span><\/li>\n<li><span style=\"color: #362921;\">Ayuda a la circulaci\u00f3n sangu\u00ednea mejorando la erecci\u00f3n.<\/span><\/li>\n<\/ul>\n","protected":false},"excerpt":{"rendered":"<p>El suplemento\u00a0Testit\u00f3n en su presentaci\u00f3n de ampolletas ofrece los siguientes beneficios: Aumenta el deseo sexual. Disminuye la eyaculaci\u00f3n precoz. Disminuye el estr\u00e9s aumentando la virilidad del hombre. Disminuye el cansancio [&hellip;]<\/p>\n","protected":false},"featured_media":1430,"comment_status":"open","ping_status":"closed","template":"","meta":[],"product_brand":[391],"product_cat":[337,324],"product_tag":[88,80,89],"class_list":{"0":"post-5081","1":"product","2":"type-product","3":"status-publish","4":"has-post-thumbnail","6":"product_brand-the-king","7":"product_cat-productos","8":"product_cat-sexualidad","9":"product_tag-ginkgo-biloba","10":"product_tag-ginseng","11":"product_tag-maca","13":"first","14":"instock","15":"shipping-taxable","16":"purchasable","17":"product-type-simple"},"_links":{"self":[{"href":"https:\/\/modest-napier.216-250-124-103.plesk.page\/index.php\/wp-json\/wp\/v2\/product\/5081","targetHints":{"allow":["GET"]}}],"collection":[{"href":"https:\/\/modest-napier.216-250-124-103.plesk.page\/index.php\/wp-json\/wp\/v2\/product"}],"about":[{"href":"https:\/\/modest-napier.216-250-124-103.plesk.page\/index.php\/wp-json\/wp\/v2\/types\/product"}],"replies":[{"embeddable":true,"href":"https:\/\/modest-napier.216-250-124-103.plesk.page\/index.php\/wp-json\/wp\/v2\/comments?post=5081"}],"wp:featuredmedia":[{"embeddable":true,"href":"https:\/\/modest-napier.216-250-124-103.plesk.page\/index.php\/wp-json\/wp\/v2\/media\/1430"}],"wp:attachment":[{"href":"https:\/\/modest-napier.216-250-124-103.plesk.page\/index.php\/wp-json\/wp\/v2\/media?parent=5081"}],"wp:term":[{"taxonomy":"product_brand","embeddable":true,"href":"https:\/\/modest-napier.216-250-124-103.plesk.page\/index.php\/wp-json\/wp\/v2\/product_brand?post=5081"},{"taxonomy":"product_cat","embeddable":true,"href":"https:\/\/modest-napier.216-250-124-103.plesk.page\/index.php\/wp-json\/wp\/v2\/product_cat?post=5081"},{"taxonomy":"product_tag","embeddable":true,"href":"https:\/\/modest-napier.216-250-124-103.plesk.page\/index.php\/wp-json\/wp\/v2\/product_tag?post=5081"}],"curies":[{"name":"wp","href":"https:\/\/api.w.org\/{rel}","templated":true}]}}