{"id":5083,"date":"2025-09-24T19:27:30","date_gmt":"2025-09-24T19:27:30","guid":{"rendered":"https:\/\/modest-napier.216-250-124-103.plesk.page\/index.php\/producto\/amp-x-ray-reforzado-con-ortiga-glucosamina-concroitina-c-10-pacifico\/"},"modified":"2025-09-24T20:48:03","modified_gmt":"2025-09-24T20:48:03","slug":"amp-x-ray-reforzado-con-ortiga-glucosamina-concroitina-c-10-pacifico","status":"publish","type":"product","link":"https:\/\/modest-napier.216-250-124-103.plesk.page\/index.php\/producto\/amp-x-ray-reforzado-con-ortiga-glucosamina-concroitina-c-10-pacifico\/","title":{"rendered":"X Ray Reforzado 10 ampolletas Pac\u00edfico"},"content":{"rendered":"<p>El\u00a0<strong>suplemento en ampolletas X Ray<\/strong> sirve para soporte de cart\u00edlago y articulaciones, a<span>yuda a la movilidad y la flexibilidad, f<\/span><span>\u00f3rmula de m\u00e1xima potencia, s<\/span><span>uplemento alimenticio para adultos y personas mayores de 18 a\u00f1os.<\/span><strong data-mce-fragment=\"1\"><\/strong><\/p>\n<p data-mce-fragment=\"1\"><\/p>\n","protected":false},"excerpt":{"rendered":"<p>El\u00a0suplemento en ampolletas X Ray sirve para soporte de cart\u00edlago y articulaciones, ayuda a la movilidad y la flexibilidad, f\u00f3rmula de m\u00e1xima potencia, suplemento alimenticio para adultos y personas mayores [&hellip;]<\/p>\n","protected":false},"featured_media":1439,"comment_status":"open","ping_status":"closed","template":"","meta":[],"product_brand":[386],"product_cat":[297,337,318],"product_tag":[91,92,93,94],"class_list":{"0":"post-5083","1":"product","2":"type-product","3":"status-publish","4":"has-post-thumbnail","6":"product_brand-pacifico","7":"product_cat-dolor-en-articulaciones","8":"product_cat-productos","9":"product_cat-salud","10":"product_tag-condroitina","11":"product_tag-glucosamina","12":"product_tag-ortiga","13":"product_tag-sms","15":"first","16":"outofstock","17":"shipping-taxable","18":"purchasable","19":"product-type-simple"},"_links":{"self":[{"href":"https:\/\/modest-napier.216-250-124-103.plesk.page\/index.php\/wp-json\/wp\/v2\/product\/5083","targetHints":{"allow":["GET"]}}],"collection":[{"href":"https:\/\/modest-napier.216-250-124-103.plesk.page\/index.php\/wp-json\/wp\/v2\/product"}],"about":[{"href":"https:\/\/modest-napier.216-250-124-103.plesk.page\/index.php\/wp-json\/wp\/v2\/types\/product"}],"replies":[{"embeddable":true,"href":"https:\/\/modest-napier.216-250-124-103.plesk.page\/index.php\/wp-json\/wp\/v2\/comments?post=5083"}],"wp:featuredmedia":[{"embeddable":true,"href":"https:\/\/modest-napier.216-250-124-103.plesk.page\/index.php\/wp-json\/wp\/v2\/media\/1439"}],"wp:attachment":[{"href":"https:\/\/modest-napier.216-250-124-103.plesk.page\/index.php\/wp-json\/wp\/v2\/media?parent=5083"}],"wp:term":[{"taxonomy":"product_brand","embeddable":true,"href":"https:\/\/modest-napier.216-250-124-103.plesk.page\/index.php\/wp-json\/wp\/v2\/product_brand?post=5083"},{"taxonomy":"product_cat","embeddable":true,"href":"https:\/\/modest-napier.216-250-124-103.plesk.page\/index.php\/wp-json\/wp\/v2\/product_cat?post=5083"},{"taxonomy":"product_tag","embeddable":true,"href":"https:\/\/modest-napier.216-250-124-103.plesk.page\/index.php\/wp-json\/wp\/v2\/product_tag?post=5083"}],"curies":[{"name":"wp","href":"https:\/\/api.w.org\/{rel}","templated":true}]}}