{"id":5084,"date":"2025-09-24T19:27:32","date_gmt":"2025-09-24T19:27:32","guid":{"rendered":"https:\/\/modest-napier.216-250-124-103.plesk.page\/index.php\/producto\/balsamo-skin-cream-c-60-gr-natuzem\/"},"modified":"2025-09-24T20:44:04","modified_gmt":"2025-09-24T20:44:04","slug":"balsamo-skin-cream-c-60-gr-natuzem","status":"publish","type":"product","link":"https:\/\/modest-napier.216-250-124-103.plesk.page\/index.php\/producto\/balsamo-skin-cream-c-60-gr-natuzem\/","title":{"rendered":"B\u00e1lsamo Skin Cream 60 g NatuZem"},"content":{"rendered":"<style type=\"text\/css\" data-mce-fragment=\"1\"><!--\ntd {border: 1px solid #cccccc;}br {mso-data-placement:same-cell;}\n--><\/style>\n<p><span data-sheets-value='{\"1\":2,\"2\":\"Descripci\u00f3n:nnActua como regenerador celular, difumina manchas de acne, reduce arrugas, bolsas en los ojos, nhidrata la piel, cicatrizante y contra la psoriasis.nModo de uso:nnAplicar por la ma\u00f1ana o noche una cantidad moderada en ls partes deseadas. nnContenido:nn60 GRS\"}' data-sheets-userformat='{\"2\":14913,\"3\":{\"1\":0},\"9\":1,\"12\":0,\"14\":{\"1\":2,\"2\":2173750},\"15\":\"Arial\",\"16\":9}' data-mce-fragment=\"1\"><strong>Descripci\u00f3n:\u00a0<\/strong><\/span><\/p>\n<p><span data-sheets-value='{\"1\":2,\"2\":\"Descripci\u00f3n:nnActua como regenerador celular, difumina manchas de acne, reduce arrugas, bolsas en los ojos, nhidrata la piel, cicatrizante y contra la psoriasis.nModo de uso:nnAplicar por la ma\u00f1ana o noche una cantidad moderada en ls partes deseadas. nnContenido:nn60 GRS\"}' data-sheets-userformat='{\"2\":14913,\"3\":{\"1\":0},\"9\":1,\"12\":0,\"14\":{\"1\":2,\"2\":2173750},\"15\":\"Arial\",\"16\":9}' data-mce-fragment=\"1\">El <strong>b\u00e1lsamo Skin Cream<\/strong> 100% org\u00e1nico act\u00faa como regenerador celular, difumina manchas de acn\u00e9, reduce arrugas, bolsas en los ojos, hidrata la piel, cicatrizante y contra la psoriasis.<\/span><\/p>\n<p><span data-sheets-value='{\"1\":2,\"2\":\"Descripci\u00f3n:nnActua como regenerador celular, difumina manchas de acne, reduce arrugas, bolsas en los ojos, nhidrata la piel, cicatrizante y contra la psoriasis.nModo de uso:nnAplicar por la ma\u00f1ana o noche una cantidad moderada en ls partes deseadas. nnContenido:nn60 GRS\"}' data-sheets-userformat='{\"2\":14913,\"3\":{\"1\":0},\"9\":1,\"12\":0,\"14\":{\"1\":2,\"2\":2173750},\"15\":\"Arial\",\"16\":9}' data-mce-fragment=\"1\"><strong>Modo de uso:<\/strong><\/span><\/p>\n<p><span data-sheets-value='{\"1\":2,\"2\":\"Descripci\u00f3n:nnActua como regenerador celular, difumina manchas de acne, reduce arrugas, bolsas en los ojos, nhidrata la piel, cicatrizante y contra la psoriasis.nModo de uso:nnAplicar por la ma\u00f1ana o noche una cantidad moderada en ls partes deseadas. nnContenido:nn60 GRS\"}' data-sheets-userformat='{\"2\":14913,\"3\":{\"1\":0},\"9\":1,\"12\":0,\"14\":{\"1\":2,\"2\":2173750},\"15\":\"Arial\",\"16\":9}' data-mce-fragment=\"1\">Aplicar por la ma\u00f1ana o noche una cantidad moderada en las partes deseadas. <br data-mce-fragment=\"1\"><br data-mce-fragment=\"1\"><strong>Contenido:\u00a0<\/strong><\/span><\/p>\n<p><span data-sheets-value='{\"1\":2,\"2\":\"Descripci\u00f3n:nnActua como regenerador celular, difumina manchas de acne, reduce arrugas, bolsas en los ojos, nhidrata la piel, cicatrizante y contra la psoriasis.nModo de uso:nnAplicar por la ma\u00f1ana o noche una cantidad moderada en ls partes deseadas. nnContenido:nn60 GRS\"}' data-sheets-userformat='{\"2\":14913,\"3\":{\"1\":0},\"9\":1,\"12\":0,\"14\":{\"1\":2,\"2\":2173750},\"15\":\"Arial\",\"16\":9}' data-mce-fragment=\"1\">60 GRS<\/span><\/p>\n","protected":false},"excerpt":{"rendered":"<p>Descripci\u00f3n:\u00a0 El b\u00e1lsamo Skin Cream 100% org\u00e1nico act\u00faa como regenerador celular, difumina manchas de acn\u00e9, reduce arrugas, bolsas en los ojos, hidrata la piel, cicatrizante y contra la psoriasis. Modo [&hellip;]<\/p>\n","protected":false},"featured_media":1456,"comment_status":"open","ping_status":"closed","template":"","meta":[],"product_brand":[352],"product_cat":[289,337,318,330],"product_tag":[95],"class_list":{"0":"post-5084","1":"product","2":"type-product","3":"status-publish","4":"has-post-thumbnail","6":"product_brand-natuzem","7":"product_cat-belleza","8":"product_cat-productos","9":"product_cat-salud","10":"product_cat-suplementos-para-la-piel","11":"product_tag-cannabidiol","13":"first","14":"instock","15":"shipping-taxable","16":"purchasable","17":"product-type-simple"},"_links":{"self":[{"href":"https:\/\/modest-napier.216-250-124-103.plesk.page\/index.php\/wp-json\/wp\/v2\/product\/5084","targetHints":{"allow":["GET"]}}],"collection":[{"href":"https:\/\/modest-napier.216-250-124-103.plesk.page\/index.php\/wp-json\/wp\/v2\/product"}],"about":[{"href":"https:\/\/modest-napier.216-250-124-103.plesk.page\/index.php\/wp-json\/wp\/v2\/types\/product"}],"replies":[{"embeddable":true,"href":"https:\/\/modest-napier.216-250-124-103.plesk.page\/index.php\/wp-json\/wp\/v2\/comments?post=5084"}],"wp:featuredmedia":[{"embeddable":true,"href":"https:\/\/modest-napier.216-250-124-103.plesk.page\/index.php\/wp-json\/wp\/v2\/media\/1456"}],"wp:attachment":[{"href":"https:\/\/modest-napier.216-250-124-103.plesk.page\/index.php\/wp-json\/wp\/v2\/media?parent=5084"}],"wp:term":[{"taxonomy":"product_brand","embeddable":true,"href":"https:\/\/modest-napier.216-250-124-103.plesk.page\/index.php\/wp-json\/wp\/v2\/product_brand?post=5084"},{"taxonomy":"product_cat","embeddable":true,"href":"https:\/\/modest-napier.216-250-124-103.plesk.page\/index.php\/wp-json\/wp\/v2\/product_cat?post=5084"},{"taxonomy":"product_tag","embeddable":true,"href":"https:\/\/modest-napier.216-250-124-103.plesk.page\/index.php\/wp-json\/wp\/v2\/product_tag?post=5084"}],"curies":[{"name":"wp","href":"https:\/\/api.w.org\/{rel}","templated":true}]}}