{"id":5085,"date":"2025-09-24T19:27:33","date_gmt":"2025-09-24T19:27:33","guid":{"rendered":"https:\/\/modest-napier.216-250-124-103.plesk.page\/index.php\/producto\/barro-rojo-1-kg-la-salud-es-primero\/"},"modified":"2025-09-24T20:46:49","modified_gmt":"2025-09-24T20:46:49","slug":"barro-rojo-1-kg-la-salud-es-primero","status":"publish","type":"product","link":"https:\/\/modest-napier.216-250-124-103.plesk.page\/index.php\/producto\/barro-rojo-1-kg-la-salud-es-primero\/","title":{"rendered":"Barro Rojo 1 kg La Salud Es Primero"},"content":{"rendered":"<p data-mce-fragment=\"1\"><strong data-mce-fragment=\"1\">Descripci\u00f3n:<\/strong><\/p>\n<p data-mce-fragment=\"1\">El <strong>barro rojo<\/strong> es \u00fatil para aliviar inflamaciones: las propiedades antis\u00e9pticas, drenantes y astringentes de la arcilla\u00a0roja\u00a0son perfectas\u00a0para\u00a0combatir la inflamaci\u00f3n del rostro. Dicha inflamaci\u00f3n puede deberse a alguna herida, a problemas de acn\u00e9, a una falta de descanso o a un cutis irritado, entre otros motivos.<\/p>\n<p data-mce-fragment=\"1\"><span data-mce-fragment=\"1\"><\/span><strong data-mce-fragment=\"1\">Modo de uso:<\/strong><\/p>\n<ul>\n<li>Nos lavamos la cara con agua tibia y un jab\u00f3n neutro.<\/li>\n<li>Aplicamos la mascarilla de arcilla con ayuda de un pincel por rostro.<\/li>\n<li>La dejamos actuar 15 minutos en la piel.<\/li>\n<li>Luego aclaramos con agua fresca y secamos con la toalla.<\/li>\n<\/ul>\n<p data-mce-fragment=\"1\"><strong data-mce-fragment=\"1\">Contenido:<\/strong><\/p>\n<p data-mce-fragment=\"1\">1 kg.<\/p>\n","protected":false},"excerpt":{"rendered":"<p>Descripci\u00f3n: El barro rojo es \u00fatil para aliviar inflamaciones: las propiedades antis\u00e9pticas, drenantes y astringentes de la arcilla\u00a0roja\u00a0son perfectas\u00a0para\u00a0combatir la inflamaci\u00f3n del rostro. Dicha inflamaci\u00f3n puede deberse a alguna herida, [&hellip;]<\/p>\n","protected":false},"featured_media":1461,"comment_status":"open","ping_status":"closed","template":"","meta":[],"product_brand":[356],"product_cat":[289,337,318],"product_tag":[],"class_list":{"0":"post-5085","1":"product","2":"type-product","3":"status-publish","4":"has-post-thumbnail","6":"product_brand-la-salud-es-primero","7":"product_cat-belleza","8":"product_cat-productos","9":"product_cat-salud","11":"first","12":"instock","13":"shipping-taxable","14":"purchasable","15":"product-type-simple"},"_links":{"self":[{"href":"https:\/\/modest-napier.216-250-124-103.plesk.page\/index.php\/wp-json\/wp\/v2\/product\/5085","targetHints":{"allow":["GET"]}}],"collection":[{"href":"https:\/\/modest-napier.216-250-124-103.plesk.page\/index.php\/wp-json\/wp\/v2\/product"}],"about":[{"href":"https:\/\/modest-napier.216-250-124-103.plesk.page\/index.php\/wp-json\/wp\/v2\/types\/product"}],"replies":[{"embeddable":true,"href":"https:\/\/modest-napier.216-250-124-103.plesk.page\/index.php\/wp-json\/wp\/v2\/comments?post=5085"}],"wp:featuredmedia":[{"embeddable":true,"href":"https:\/\/modest-napier.216-250-124-103.plesk.page\/index.php\/wp-json\/wp\/v2\/media\/1461"}],"wp:attachment":[{"href":"https:\/\/modest-napier.216-250-124-103.plesk.page\/index.php\/wp-json\/wp\/v2\/media?parent=5085"}],"wp:term":[{"taxonomy":"product_brand","embeddable":true,"href":"https:\/\/modest-napier.216-250-124-103.plesk.page\/index.php\/wp-json\/wp\/v2\/product_brand?post=5085"},{"taxonomy":"product_cat","embeddable":true,"href":"https:\/\/modest-napier.216-250-124-103.plesk.page\/index.php\/wp-json\/wp\/v2\/product_cat?post=5085"},{"taxonomy":"product_tag","embeddable":true,"href":"https:\/\/modest-napier.216-250-124-103.plesk.page\/index.php\/wp-json\/wp\/v2\/product_tag?post=5085"}],"curies":[{"name":"wp","href":"https:\/\/api.w.org\/{rel}","templated":true}]}}